{"id":937,"date":"2021-05-24T18:12:36","date_gmt":"2021-05-24T16:12:36","guid":{"rendered":"http:\/\/lankabeachresorts.com\/quote\/"},"modified":"2021-07-22T08:25:39","modified_gmt":"2021-07-22T06:25:39","slug":"quote","status":"publish","type":"page","link":"https:\/\/lankabeachresorts.com\/de\/quote\/","title":{"rendered":"Angebot einholen"},"content":{"rendered":"<section class=\"l-section wpb_row us_custom_fdcab3db height_medium\"><div class=\"l-section-h i-cf\"><div class=\"g-cols vc_row via_flex valign_top type_boxes stacking_default\"><div class=\"vc_col-sm-12 wpb_column vc_column_container\"><div class=\"vc_column-inner\"><div class=\"wpb_wrapper\"><form class=\"w-form  layout_ver for_cform us_form_1\" autocomplete=\"off\" action=\"https:\/\/lankabeachresorts.com\/de\/wp-json\/wp\/v2\/pages\/937\" method=\"post\"><div class=\"w-form-h\"><div class=\"w-form-row for_date has_label required cols_2\">\r\n\t\t\t<div class=\"w-form-row-label\">\r\n\t\t\t<span>Arrive date *<\/span>\r\n\t\t<\/div>\r\n\t\t<div class=\"w-form-row-field\">\r\n\t\t\t\t\t\t<input type=\"text\" name=\"us_form_1_date_1\" value inputmode=\"none\" data-date-format=\"dd.mm.yy\" aria-label=\"Arrive date\" placeholder data-required=\"true\" aria-required=\"true\"\/>\r\n\t\t\t<\/div>\r\n\t\t<div class=\"w-form-row-state\">Bitte f\u00fcllen Sie dieses Feld aus.<\/div>\r\n<\/div>\r\n<div class=\"w-form-row for_date has_label required cols_2\">\r\n\t\t\t<div class=\"w-form-row-label\">\r\n\t\t\t<span>Departure date *<\/span>\r\n\t\t<\/div>\r\n\t\t<div class=\"w-form-row-field\">\r\n\t\t\t\t\t\t<input type=\"text\" name=\"us_form_1_date_2\" value inputmode=\"none\" data-date-format=\"dd.mm.yy\" aria-label=\"Departure date\" placeholder data-required=\"true\" aria-required=\"true\"\/>\r\n\t\t\t<\/div>\r\n\t\t<div class=\"w-form-row-state\">Bitte f\u00fcllen Sie dieses Feld aus.<\/div>\r\n<\/div>\r\n<div class=\"w-form-row for_select has_label\">\r\n\t\t\t<div class=\"w-form-row-label\">\r\n\t\t\t<span>Type *<\/span>\r\n\t\t<\/div>\r\n\t\t<div class=\"w-form-row-field\">\r\n\t\t\t\t\t\t<select aria-label=\"Type *\" name=\"us_form_1_select_1\">\r\n\t\t\t<option value=\"Villa\">Villa<\/option><option value=\"Bungalow\">Bungalow<\/option>\t\t<\/select>\r\n\t\t\t<\/div>\r\n\t\t<div class=\"w-form-row-state\">W\u00e4hle eine Option<\/div>\r\n<\/div>\r\n<div class=\"w-form-row for_checkboxes has_label cols_2\">\r\n\t\t\t<div class=\"w-form-row-label\">\r\n\t\t\t<span>Sea View<\/span>\r\n\t\t<\/div>\r\n\t\t<div class=\"w-form-row-field\">\r\n\t\t\t\t\t<label>\r\n\t\t\t\t<input type=\"checkbox\" name=\"us_form_1_checkboxes_1[]\" value=\"Do you want a Room with Sea View?\"\/>\r\n\t\t\t\t<span>Do you want a Room with Sea View?<\/span>\r\n\t\t\t<\/label>\r\n\t\t\t\t<\/div>\r\n\t\t<div class=\"w-form-row-state\">W\u00e4hle eine Option<\/div>\r\n<\/div>\r\n<div class=\"w-form-row for_select has_label cols_2\">\r\n\t\t\t<div class=\"w-form-row-label\">\r\n\t\t\t<span>if Bungalow, how many Rooms<\/span>\r\n\t\t<\/div>\r\n\t\t<div class=\"w-form-row-field\">\r\n\t\t\t\t\t\t<select aria-label=\"if Bungalow, how many Rooms\" name=\"us_form_1_select_2\">\r\n\t\t\t<option value=\"-- select --\">-- select --<\/option><option value=\"1 Room\">1 Room<\/option><option value=\"2 Room\">2 Room<\/option><option value=\"3 Room\">3 Room<\/option><option value=\"4 Room\">4 Room<\/option><option value=\"5 Room\">5 Room<\/option><option value=\"6 Room\">6 Room<\/option><option value=\"7 Room\">7 Room<\/option><option value=\"8 Room\">8 Room<\/option>\t\t<\/select>\r\n\t\t\t<\/div>\r\n\t\t<div class=\"w-form-row-state\">W\u00e4hle eine Option<\/div>\r\n<\/div>\r\n<div class=\"w-form-row for_info\">\r\n\t<p>Contact Data<\/p>\r\n<\/div>\r\n<div class=\"w-form-row for_text has_label required\">\r\n\t\t\t<div class=\"w-form-row-label\">\r\n\t\t\t<span>Your Name *<\/span>\r\n\t\t<\/div>\r\n\t\t<div class=\"w-form-row-field\">\r\n\t\t\t\t\t\t<input aria-label=\"Your Name\" type=\"text\" name=\"us_form_1_text_1\" value placeholder data-required=\"true\" aria-required=\"true\"\/>\r\n\t\t\t<\/div>\r\n\t\t<div class=\"w-form-row-state\">Bitte f\u00fcllen Sie dieses Feld aus.<\/div>\r\n<\/div>\r\n<div class=\"w-form-row for_email has_label required cols_2\">\r\n\t\t\t<div class=\"w-form-row-label\">\r\n\t\t\t<span>Your E-Mail *<\/span>\r\n\t\t<\/div>\r\n\t\t<div class=\"w-form-row-field\">\r\n\t\t\t\t\t\t<input aria-label=\"Your E-Mail\" type=\"email\" name=\"us_form_1_email_1\" value placeholder data-required=\"true\" aria-required=\"true\"\/>\r\n\t\t\t<\/div>\r\n\t\t<div class=\"w-form-row-state\">Bitte gib eine g\u00fcltige E-Mail-Adresse ein.<\/div>\r\n<\/div>\r\n<div class=\"w-form-row for_text has_label required cols_2\">\r\n\t\t\t<div class=\"w-form-row-label\">\r\n\t\t\t<span>Your Phone *<\/span>\r\n\t\t<\/div>\r\n\t\t<div class=\"w-form-row-field\">\r\n\t\t\t\t\t\t<input aria-label=\"Your Phone\" inputmode=\"tel\" type=\"text\" name=\"us_form_1_text_2\" value placeholder data-required=\"true\" aria-required=\"true\"\/>\r\n\t\t\t<\/div>\r\n\t\t<div class=\"w-form-row-state\">Bitte f\u00fcllen Sie dieses Feld aus.<\/div>\r\n<\/div>\r\n<div class=\"w-form-row for_info\">\r\n\t<p>Additional informations<\/p>\r\n<\/div>\r\n<div class=\"w-form-row for_textarea has_label\">\r\n\t\t\t<div class=\"w-form-row-label\">\r\n\t\t\t<span>Your Message<\/span>\r\n\t\t<\/div>\r\n\t\t<div class=\"w-form-row-field\">\r\n\t\t\t\t\t\t<textarea aria-label=\"Your Message\" name=\"us_form_1_textarea_1\" placeholder><\/textarea>\r\n\t\t\t<\/div>\r\n\t\t<div class=\"w-form-row-state\">Bitte f\u00fcllen Sie dieses Feld aus.<\/div>\r\n<\/div>\r\n<input type=\"hidden\" name=\"action\" value=\"us_ajax_cform\" \/>\r\n<input type=\"hidden\" name=\"post_id\" value=\"0\" \/>\r\n<input type=\"hidden\" name=\"form_index\" value=\"1\" \/>\r\n<div class=\"w-form-row for_submit  align_none\">\r\n\t<button class=\"w-btn icon_atleft us-btn-style_1\" aria-label=\"Send Quote Request\" type=\"submit\">\r\n\t\t<span class=\"g-preloader type_1\"><\/span>\r\n\t\t<i class=\"far fa-arrow-right\"><\/i>\t\t<span class=\"w-btn-label\">Send Quote Request<\/span>\r\n\t\t\t<\/button>\r\n\t<\/div>\r\n<\/div><div class=\"w-form-message\"><\/div><div class=\"w-form-json hidden\" onclick='return {&quot;ajaxurl&quot;:&quot;https:\\\/\\\/lankabeachresorts.com\\\/wp-admin\\\/admin-ajax.php&quot;,&quot;messages&quot;:{&quot;err_empty&quot;:&quot;Bitte f\\u00fcllen Sie dieses Feld aus.&quot;,&quot;err_size&quot;:&quot;Die Dateigr\\u00f6\\u00dfe darf %s MB nicht \\u00fcberschreiten&quot;,&quot;err_extension&quot;:&quot;Dateityp %s ist nicht zul\\u00e4ssig&quot;}}'><\/div><\/form><\/div><\/div><\/div><\/div><\/div><\/section>\n","protected":false},"excerpt":{"rendered":"Arrive date * Bitte f\u00fcllen Sie dieses Feld aus. Departure date * Bitte f\u00fcllen Sie dieses Feld aus. Type * VillaBungalow W\u00e4hle eine Option Sea View Do you want a Room with Sea View? W\u00e4hle eine Option if Bungalow, how many Rooms -- select --1 Room2 Room3 Room4 Room5 Room6 Room7 Room8 Room W\u00e4hle eine...","protected":false},"author":1,"featured_media":926,"parent":0,"menu_order":0,"comment_status":"closed","ping_status":"closed","template":"","meta":{"footnotes":""},"class_list":["post-937","page","type-page","status-publish","has-post-thumbnail","hentry"],"yoast_head":"<!-- This site is optimized with the Yoast SEO plugin v22.4 - https:\/\/yoast.com\/wordpress\/plugins\/seo\/ -->\n<title>Angebot einholen - Lanka Beach<\/title>\n<meta name=\"robots\" content=\"index, follow, max-snippet:-1, max-image-preview:large, max-video-preview:-1\" \/>\n<link rel=\"canonical\" href=\"https:\/\/lankabeachresorts.com\/de\/quote\/\" \/>\n<meta property=\"og:locale\" content=\"de_DE\" \/>\n<meta property=\"og:type\" content=\"article\" \/>\n<meta property=\"og:title\" content=\"Angebot einholen - Lanka Beach\" \/>\n<meta property=\"og:url\" content=\"https:\/\/lankabeachresorts.com\/de\/quote\/\" \/>\n<meta property=\"og:site_name\" content=\"Lanka Beach\" \/>\n<meta property=\"article:modified_time\" content=\"2021-07-22T06:25:39+00:00\" \/>\n<meta property=\"og:image\" content=\"https:\/\/lankabeachresorts.com\/wp-content\/uploads\/2021\/05\/pool-to-the-sea-2.jpg\" \/>\n\t<meta property=\"og:image:width\" content=\"1920\" \/>\n\t<meta property=\"og:image:height\" content=\"1440\" \/>\n\t<meta property=\"og:image:type\" content=\"image\/jpeg\" \/>\n<meta name=\"twitter:card\" content=\"summary_large_image\" \/>\n<meta name=\"twitter:label1\" content=\"Gesch\u00e4tzte Lesezeit\" \/>\n\t<meta name=\"twitter:data1\" content=\"2\u00a0Minuten\" \/>\n<script type=\"application\/ld+json\" class=\"yoast-schema-graph\">{\"@context\":\"https:\/\/schema.org\",\"@graph\":[{\"@type\":\"WebPage\",\"@id\":\"https:\/\/lankabeachresorts.com\/de\/quote\/\",\"url\":\"https:\/\/lankabeachresorts.com\/de\/quote\/\",\"name\":\"Angebot einholen - Lanka Beach\",\"isPartOf\":{\"@id\":\"https:\/\/lankabeachresorts.com\/#website\"},\"primaryImageOfPage\":{\"@id\":\"https:\/\/lankabeachresorts.com\/de\/quote\/#primaryimage\"},\"image\":{\"@id\":\"https:\/\/lankabeachresorts.com\/de\/quote\/#primaryimage\"},\"thumbnailUrl\":\"https:\/\/lankabeachresorts.com\/wp-content\/uploads\/2021\/05\/pool-to-the-sea-2.jpg\",\"datePublished\":\"2021-05-24T16:12:36+00:00\",\"dateModified\":\"2021-07-22T06:25:39+00:00\",\"breadcrumb\":{\"@id\":\"https:\/\/lankabeachresorts.com\/de\/quote\/#breadcrumb\"},\"inLanguage\":\"de\",\"potentialAction\":[{\"@type\":\"ReadAction\",\"target\":[\"https:\/\/lankabeachresorts.com\/de\/quote\/\"]}]},{\"@type\":\"ImageObject\",\"inLanguage\":\"de\",\"@id\":\"https:\/\/lankabeachresorts.com\/de\/quote\/#primaryimage\",\"url\":\"https:\/\/lankabeachresorts.com\/wp-content\/uploads\/2021\/05\/pool-to-the-sea-2.jpg\",\"contentUrl\":\"https:\/\/lankabeachresorts.com\/wp-content\/uploads\/2021\/05\/pool-to-the-sea-2.jpg\",\"width\":1920,\"height\":1440},{\"@type\":\"BreadcrumbList\",\"@id\":\"https:\/\/lankabeachresorts.com\/de\/quote\/#breadcrumb\",\"itemListElement\":[{\"@type\":\"ListItem\",\"position\":1,\"name\":\"Home\",\"item\":\"https:\/\/lankabeachresorts.com\/de\/\"},{\"@type\":\"ListItem\",\"position\":2,\"name\":\"Angebot einholen\"}]},{\"@type\":\"WebSite\",\"@id\":\"https:\/\/lankabeachresorts.com\/#website\",\"url\":\"https:\/\/lankabeachresorts.com\/\",\"name\":\"Lanka Beach\",\"description\":\"Eine weitere WordPress-Website\",\"potentialAction\":[{\"@type\":\"SearchAction\",\"target\":{\"@type\":\"EntryPoint\",\"urlTemplate\":\"https:\/\/lankabeachresorts.com\/?s={search_term_string}\"},\"query-input\":\"required name=search_term_string\"}],\"inLanguage\":\"de\"}]}<\/script>\n<!-- \/ Yoast SEO plugin. -->","yoast_head_json":{"title":"Angebot einholen - Lanka Beach","robots":{"index":"index","follow":"follow","max-snippet":"max-snippet:-1","max-image-preview":"max-image-preview:large","max-video-preview":"max-video-preview:-1"},"canonical":"https:\/\/lankabeachresorts.com\/de\/quote\/","og_locale":"de_DE","og_type":"article","og_title":"Angebot einholen - Lanka Beach","og_url":"https:\/\/lankabeachresorts.com\/de\/quote\/","og_site_name":"Lanka Beach","article_modified_time":"2021-07-22T06:25:39+00:00","og_image":[{"width":1920,"height":1440,"url":"https:\/\/lankabeachresorts.com\/wp-content\/uploads\/2021\/05\/pool-to-the-sea-2.jpg","type":"image\/jpeg"}],"twitter_card":"summary_large_image","twitter_misc":{"Gesch\u00e4tzte Lesezeit":"2\u00a0Minuten"},"schema":{"@context":"https:\/\/schema.org","@graph":[{"@type":"WebPage","@id":"https:\/\/lankabeachresorts.com\/de\/quote\/","url":"https:\/\/lankabeachresorts.com\/de\/quote\/","name":"Angebot einholen - Lanka Beach","isPartOf":{"@id":"https:\/\/lankabeachresorts.com\/#website"},"primaryImageOfPage":{"@id":"https:\/\/lankabeachresorts.com\/de\/quote\/#primaryimage"},"image":{"@id":"https:\/\/lankabeachresorts.com\/de\/quote\/#primaryimage"},"thumbnailUrl":"https:\/\/lankabeachresorts.com\/wp-content\/uploads\/2021\/05\/pool-to-the-sea-2.jpg","datePublished":"2021-05-24T16:12:36+00:00","dateModified":"2021-07-22T06:25:39+00:00","breadcrumb":{"@id":"https:\/\/lankabeachresorts.com\/de\/quote\/#breadcrumb"},"inLanguage":"de","potentialAction":[{"@type":"ReadAction","target":["https:\/\/lankabeachresorts.com\/de\/quote\/"]}]},{"@type":"ImageObject","inLanguage":"de","@id":"https:\/\/lankabeachresorts.com\/de\/quote\/#primaryimage","url":"https:\/\/lankabeachresorts.com\/wp-content\/uploads\/2021\/05\/pool-to-the-sea-2.jpg","contentUrl":"https:\/\/lankabeachresorts.com\/wp-content\/uploads\/2021\/05\/pool-to-the-sea-2.jpg","width":1920,"height":1440},{"@type":"BreadcrumbList","@id":"https:\/\/lankabeachresorts.com\/de\/quote\/#breadcrumb","itemListElement":[{"@type":"ListItem","position":1,"name":"Home","item":"https:\/\/lankabeachresorts.com\/de\/"},{"@type":"ListItem","position":2,"name":"Angebot einholen"}]},{"@type":"WebSite","@id":"https:\/\/lankabeachresorts.com\/#website","url":"https:\/\/lankabeachresorts.com\/","name":"Lanka Beach","description":"Eine weitere WordPress-Website","potentialAction":[{"@type":"SearchAction","target":{"@type":"EntryPoint","urlTemplate":"https:\/\/lankabeachresorts.com\/?s={search_term_string}"},"query-input":"required name=search_term_string"}],"inLanguage":"de"}]}},"_links":{"self":[{"href":"https:\/\/lankabeachresorts.com\/de\/wp-json\/wp\/v2\/pages\/937","targetHints":{"allow":["GET"]}}],"collection":[{"href":"https:\/\/lankabeachresorts.com\/de\/wp-json\/wp\/v2\/pages"}],"about":[{"href":"https:\/\/lankabeachresorts.com\/de\/wp-json\/wp\/v2\/types\/page"}],"author":[{"embeddable":true,"href":"https:\/\/lankabeachresorts.com\/de\/wp-json\/wp\/v2\/users\/1"}],"replies":[{"embeddable":true,"href":"https:\/\/lankabeachresorts.com\/de\/wp-json\/wp\/v2\/comments?post=937"}],"version-history":[{"count":2,"href":"https:\/\/lankabeachresorts.com\/de\/wp-json\/wp\/v2\/pages\/937\/revisions"}],"predecessor-version":[{"id":940,"href":"https:\/\/lankabeachresorts.com\/de\/wp-json\/wp\/v2\/pages\/937\/revisions\/940"}],"wp:featuredmedia":[{"embeddable":true,"href":"https:\/\/lankabeachresorts.com\/de\/wp-json\/wp\/v2\/media\/926"}],"wp:attachment":[{"href":"https:\/\/lankabeachresorts.com\/de\/wp-json\/wp\/v2\/media?parent=937"}],"curies":[{"name":"wp","href":"https:\/\/api.w.org\/{rel}","templated":true}]}}