{"id":968,"date":"2021-05-24T21:58:21","date_gmt":"2021-05-24T19:58:21","guid":{"rendered":"http:\/\/lankabeachresorts.com\/villa\/facilities\/"},"modified":"2021-07-22T09:22:49","modified_gmt":"2021-07-22T07:22:49","slug":"facilities","status":"publish","type":"page","link":"https:\/\/lankabeachresorts.com\/de\/villa\/facilities\/","title":{"rendered":"Villa Ausstattung"},"content":{"rendered":"<section class=\"l-section wpb_row height_medium\"><div class=\"l-section-h i-cf\"><div class=\"g-cols vc_row via_flex valign_top type_default stacking_default\"><div class=\"vc_col-sm-3\/5 wpb_column vc_column_container\"><div class=\"vc_column-inner\"><div class=\"wpb_wrapper\"><div class=\"wpb_text_column\"><div class=\"wpb_wrapper\"><p>Ihre Ferienvilla verf\u00fcgt \u00fcber 4 Schlafzimmern, jeweils mit einer Klimaanlage ausger\u00fcstet, auf zwei Etagen. Jedes Schlafzimmer hat ein ensuite Bad und Ausgang auf eine Terrasse oder einen Balkon.<\/p>\n<p>Alle Zimmer sind hochwertig ausgestattet mit Moskitonetzen, Klimaanlage, Ventilator, handgefertigten Teakholzm\u00f6beln und Parkettb\u00f6den, Teppichen sowie Granitwaschtischen in den B\u00e4dern.<\/p>\n<p>\u00dcber einen typischen Srilankesischen Innenhof mit Springbrunnen gelangt man in das gem\u00fctlich mit einem Sofa eingerichtete Wohnzimmer mit Fernseher, Internetradio\u00a0 und kostenlosem, schnellen Internet mit WLAN.<\/p>\n<p>Vom Wohnzimmer durch eine K\u00fcchenbar getrennt, befindet sich eine G\u00e4stek\u00fcche mit Sp\u00fcle, Mixer, Gaskocher, Mikrowelle, Toaster, K\u00fchlschrank, Wasserkocher und Kaffeemaschine. Trinkwasser wird gestellt.<\/p>\n<p>Von hier geht es zur gro\u00dfen Hauptterrasse hinaus, wo eine gro\u00dfe Sofaecke zum Verweilen einl\u00e4dt und sich Familie und Freunde an der gro\u00dfen Essgruppe , ebenfalls aus Teakholz gefertigt,\u00a0 zu den Mahlzeiten treffen. Genie\u00dfen Sie den traumhaften Blick \u00fcber den Pool hin zum nahen Meer.<\/p>\n<p>Am 11 m langen\u00a0 Pool kann man die Sonne genie\u00dfen oder im schattigen Palmengarten die Seele baumeln lassen.<\/p>\n<p>Das Fr\u00fchst\u00fcck ist nicht im Hauspreis eingeschlossen, kann aber gerne f\u00fcr 5 \u20ac pro Person und Tag dazu gebucht werden. Es wird Ihnen dann auf Ihrer privaten Terrasse serviert. Selbstverst\u00e4ndlich steht Ihnen f\u00fcr weitere Speisen oder Getr\u00e4nke unser Restaurant direkt nebenan in unserer Bungalowanlage zur Verf\u00fcgung.<\/p>\n<\/div><\/div><\/div><\/div><\/div><div class=\"vc_col-sm-2\/5 wpb_column vc_column_container\"><div class=\"vc_column-inner\"><div class=\"wpb_wrapper\"><div class=\"w-slider style_none fit_scaledown\"><div class=\"w-slider-h\"><div class=\"royalSlider\"><div class=\"rsContent\"><a class=\"rsImg\" data-rsw=\"1024\" data-rsh=\"678\" href=\"https:\/\/lankabeachresorts.com\/wp-content\/uploads\/2021\/05\/Bed-room-3-2-1024x678.jpg\"><span data-alt=\"\"><\/span><\/a><\/div><div class=\"rsContent\"><a class=\"rsImg\" data-rsw=\"1024\" data-rsh=\"683\" href=\"https:\/\/lankabeachresorts.com\/wp-content\/uploads\/2021\/05\/Living-room-kitchen-1024x683.jpg\"><span data-alt=\"\"><\/span><\/a><\/div><div class=\"rsContent\"><a class=\"rsImg\" data-rsw=\"1024\" data-rsh=\"682\" href=\"https:\/\/lankabeachresorts.com\/wp-content\/uploads\/2021\/05\/Balcony-2-1024x682.jpg\"><span data-alt=\"\"><\/span><\/a><\/div><div class=\"rsContent\"><a class=\"rsImg\" data-rsw=\"1024\" data-rsh=\"576\" href=\"https:\/\/lankabeachresorts.com\/wp-content\/uploads\/2021\/05\/Kitchen-2-1024x576.jpg\"><span data-alt=\"\"><\/span><\/a><\/div><div class=\"rsContent\"><a class=\"rsImg\" data-rsw=\"1024\" data-rsh=\"682\" href=\"https:\/\/lankabeachresorts.com\/wp-content\/uploads\/2021\/05\/Honey-moon-1024x682.jpg\"><span data-alt=\"\"><\/span><\/a><\/div><div class=\"rsContent\"><a class=\"rsImg\" data-rsw=\"1024\" data-rsh=\"685\" href=\"https:\/\/lankabeachresorts.com\/wp-content\/uploads\/2021\/05\/Masterbathroom-2-1024x685.jpg\"><span data-alt=\"\"><\/span><\/a><\/div><div class=\"rsContent\"><a class=\"rsImg\" data-rsw=\"1024\" data-rsh=\"682\" href=\"https:\/\/lankabeachresorts.com\/wp-content\/uploads\/2021\/05\/Pool-2-1-1024x682.jpg\"><span data-alt=\"\"><\/span><\/a><\/div><\/div><img decoding=\"async\" src=\"https:\/\/lankabeachresorts.com\/wp-content\/uploads\/2021\/05\/Bed-room-3-2-1024x678.jpg\" width=\"1024\" height=\"678\" alt loading=\"lazy\"><\/div><div class=\"w-slider-json\" onclick='return {&quot;autoScaleSlider&quot;:true,&quot;loop&quot;:true,&quot;fadeInLoadedSlide&quot;:false,&quot;slidesSpacing&quot;:0,&quot;imageScalePadding&quot;:0,&quot;numImagesToPreload&quot;:2,&quot;arrowsNav&quot;:true,&quot;arrowsNavAutoHide&quot;:false,&quot;transitionType&quot;:&quot;move&quot;,&quot;transitionSpeed&quot;:250,&quot;block&quot;:{&quot;moveEffect&quot;:&quot;none&quot;,&quot;speed&quot;:300},&quot;thumbs&quot;:{&quot;fitInViewport&quot;:false},&quot;controlNavigation&quot;:&quot;none&quot;,&quot;autoplay&quot;:{&quot;enabled&quot;:true,&quot;pauseOnHover&quot;:true,&quot;delay&quot;:3000},&quot;imageScaleMode&quot;:&quot;fit-if-smaller&quot;,&quot;autoScaleSliderWidth&quot;:1024,&quot;autoScaleSliderHeight&quot;:678}'><\/div><\/div><div class=\"w-hwrapper us_custom_37c9ec7a valign_top align_center\" style=\"--hwrapper-gap:0.5rem\"><div class=\"w-iconbox us_custom_fc32346f has_text_color iconpos_top style_default color_primary align_center no_text\"><div class=\"w-iconbox-icon\" style=\"font-size:2rem;\"><i class=\"far fa-umbrella-beach\"><\/i><\/div><div class=\"w-iconbox-meta\"><p class=\"w-iconbox-title\">am Strand<\/p><\/div><\/div><div class=\"w-iconbox us_custom_fc32346f has_text_color iconpos_top style_default color_primary align_center no_text\"><div class=\"w-iconbox-icon\" style=\"font-size:2rem;\"><i class=\"far fa-wifi\"><\/i><\/div><div class=\"w-iconbox-meta\"><p class=\"w-iconbox-title\">Free Wifi<\/p><\/div><\/div><div class=\"w-iconbox us_custom_fc32346f has_text_color iconpos_top style_default color_primary align_center no_text\"><div class=\"w-iconbox-icon\" style=\"font-size:2rem;\"><i class=\"far fa-car\"><\/i><\/div><div class=\"w-iconbox-meta\"><p class=\"w-iconbox-title\">Free Parking<\/p><\/div><\/div><div class=\"w-iconbox us_custom_fc32346f has_text_color iconpos_top style_default color_primary align_center no_text\"><div class=\"w-iconbox-icon\" style=\"font-size:2rem;\"><i class=\"far fa-bicycle\"><\/i><\/div><div class=\"w-iconbox-meta\"><p class=\"w-iconbox-title\">Free Fahrr\u00e4der<\/p><\/div><\/div><div class=\"w-iconbox us_custom_fc32346f has_text_color iconpos_top style_default color_primary align_center no_text\"><div class=\"w-iconbox-icon\" style=\"font-size:2rem;\"><i class=\"far fa-bus\"><\/i><\/div><div class=\"w-iconbox-meta\"><p class=\"w-iconbox-title\">Bus Service<\/p><\/div><\/div><\/div><\/div><\/div><\/div><div class=\"vc_col-sm-12 wpb_column vc_column_container\"><div class=\"vc_column-inner us_custom_d2199d32\"><div class=\"wpb_wrapper\"><div class=\"w-hwrapper valign_top align_center\"><div class=\"w-btn-wrapper align_center\"><a class=\"w-btn us-btn-style_1 icon_atleft\" title=\"Activities\" href=\"http:\/\/lankabeachresorts.com\/activities\/\"><i class=\"far fa-arrow-right\"><\/i><span class=\"w-btn-label\">Aktivit\u00e4ten<\/span><\/a><\/div><div class=\"w-btn-wrapper align_center\"><a class=\"w-btn us-btn-style_7\" title=\"Gallery\" href=\"http:\/\/lankabeachresorts.com\/gallery\/\"><span class=\"w-btn-label\">Galerie<\/span><\/a><\/div><\/div><\/div><\/div><\/div><\/div><\/div><\/section>\n","protected":false},"excerpt":{"rendered":"Ihre Ferienvilla verf\u00fcgt \u00fcber 4 Schlafzimmern, jeweils mit einer Klimaanlage ausger\u00fcstet, auf zwei Etagen. Jedes Schlafzimmer hat ein ensuite Bad und Ausgang auf eine Terrasse oder einen Balkon. Alle Zimmer sind hochwertig ausgestattet mit Moskitonetzen, Klimaanlage, Ventilator, handgefertigten Teakholzm\u00f6beln und Parkettb\u00f6den, Teppichen sowie Granitwaschtischen in den B\u00e4dern. \u00dcber einen typischen Srilankesischen Innenhof mit Springbrunnen gelangt...","protected":false},"author":1,"featured_media":969,"parent":958,"menu_order":0,"comment_status":"closed","ping_status":"closed","template":"","meta":{"footnotes":""},"class_list":["post-968","page","type-page","status-publish","has-post-thumbnail","hentry"],"yoast_head":"<!-- This site is optimized with the Yoast SEO plugin v22.4 - https:\/\/yoast.com\/wordpress\/plugins\/seo\/ -->\n<title>Villa Ausstattung - Lanka Beach<\/title>\n<meta name=\"robots\" content=\"index, follow, max-snippet:-1, max-image-preview:large, max-video-preview:-1\" \/>\n<link rel=\"canonical\" href=\"https:\/\/lankabeachresorts.com\/de\/villa\/facilities\/\" \/>\n<meta property=\"og:locale\" content=\"de_DE\" \/>\n<meta property=\"og:type\" content=\"article\" \/>\n<meta property=\"og:title\" content=\"Villa Ausstattung - Lanka Beach\" \/>\n<meta property=\"og:url\" content=\"https:\/\/lankabeachresorts.com\/de\/villa\/facilities\/\" \/>\n<meta property=\"og:site_name\" content=\"Lanka Beach\" \/>\n<meta property=\"article:modified_time\" content=\"2021-07-22T07:22:49+00:00\" \/>\n<meta property=\"og:image\" content=\"https:\/\/lankabeachresorts.com\/wp-content\/uploads\/2021\/05\/Terrace.jpg\" \/>\n\t<meta property=\"og:image:width\" content=\"1920\" \/>\n\t<meta property=\"og:image:height\" content=\"1285\" \/>\n\t<meta property=\"og:image:type\" content=\"image\/jpeg\" \/>\n<meta name=\"twitter:card\" content=\"summary_large_image\" \/>\n<meta name=\"twitter:label1\" content=\"Gesch\u00e4tzte Lesezeit\" \/>\n\t<meta name=\"twitter:data1\" content=\"2\u00a0Minuten\" \/>\n<script type=\"application\/ld+json\" class=\"yoast-schema-graph\">{\"@context\":\"https:\/\/schema.org\",\"@graph\":[{\"@type\":\"WebPage\",\"@id\":\"https:\/\/lankabeachresorts.com\/de\/villa\/facilities\/\",\"url\":\"https:\/\/lankabeachresorts.com\/de\/villa\/facilities\/\",\"name\":\"Villa Ausstattung - Lanka Beach\",\"isPartOf\":{\"@id\":\"https:\/\/lankabeachresorts.com\/#website\"},\"primaryImageOfPage\":{\"@id\":\"https:\/\/lankabeachresorts.com\/de\/villa\/facilities\/#primaryimage\"},\"image\":{\"@id\":\"https:\/\/lankabeachresorts.com\/de\/villa\/facilities\/#primaryimage\"},\"thumbnailUrl\":\"https:\/\/lankabeachresorts.com\/wp-content\/uploads\/2021\/05\/Terrace.jpg\",\"datePublished\":\"2021-05-24T19:58:21+00:00\",\"dateModified\":\"2021-07-22T07:22:49+00:00\",\"breadcrumb\":{\"@id\":\"https:\/\/lankabeachresorts.com\/de\/villa\/facilities\/#breadcrumb\"},\"inLanguage\":\"de\",\"potentialAction\":[{\"@type\":\"ReadAction\",\"target\":[\"https:\/\/lankabeachresorts.com\/de\/villa\/facilities\/\"]}]},{\"@type\":\"ImageObject\",\"inLanguage\":\"de\",\"@id\":\"https:\/\/lankabeachresorts.com\/de\/villa\/facilities\/#primaryimage\",\"url\":\"https:\/\/lankabeachresorts.com\/wp-content\/uploads\/2021\/05\/Terrace.jpg\",\"contentUrl\":\"https:\/\/lankabeachresorts.com\/wp-content\/uploads\/2021\/05\/Terrace.jpg\",\"width\":1920,\"height\":1285},{\"@type\":\"BreadcrumbList\",\"@id\":\"https:\/\/lankabeachresorts.com\/de\/villa\/facilities\/#breadcrumb\",\"itemListElement\":[{\"@type\":\"ListItem\",\"position\":1,\"name\":\"Home\",\"item\":\"https:\/\/lankabeachresorts.com\/de\/\"},{\"@type\":\"ListItem\",\"position\":2,\"name\":\"Villa\",\"item\":\"https:\/\/lankabeachresorts.com\/de\/villa\/\"},{\"@type\":\"ListItem\",\"position\":3,\"name\":\"Villa Ausstattung\"}]},{\"@type\":\"WebSite\",\"@id\":\"https:\/\/lankabeachresorts.com\/#website\",\"url\":\"https:\/\/lankabeachresorts.com\/\",\"name\":\"Lanka Beach\",\"description\":\"Eine weitere WordPress-Website\",\"potentialAction\":[{\"@type\":\"SearchAction\",\"target\":{\"@type\":\"EntryPoint\",\"urlTemplate\":\"https:\/\/lankabeachresorts.com\/?s={search_term_string}\"},\"query-input\":\"required name=search_term_string\"}],\"inLanguage\":\"de\"}]}<\/script>\n<!-- \/ Yoast SEO plugin. -->","yoast_head_json":{"title":"Villa Ausstattung - Lanka Beach","robots":{"index":"index","follow":"follow","max-snippet":"max-snippet:-1","max-image-preview":"max-image-preview:large","max-video-preview":"max-video-preview:-1"},"canonical":"https:\/\/lankabeachresorts.com\/de\/villa\/facilities\/","og_locale":"de_DE","og_type":"article","og_title":"Villa Ausstattung - Lanka Beach","og_url":"https:\/\/lankabeachresorts.com\/de\/villa\/facilities\/","og_site_name":"Lanka Beach","article_modified_time":"2021-07-22T07:22:49+00:00","og_image":[{"width":1920,"height":1285,"url":"https:\/\/lankabeachresorts.com\/wp-content\/uploads\/2021\/05\/Terrace.jpg","type":"image\/jpeg"}],"twitter_card":"summary_large_image","twitter_misc":{"Gesch\u00e4tzte Lesezeit":"2\u00a0Minuten"},"schema":{"@context":"https:\/\/schema.org","@graph":[{"@type":"WebPage","@id":"https:\/\/lankabeachresorts.com\/de\/villa\/facilities\/","url":"https:\/\/lankabeachresorts.com\/de\/villa\/facilities\/","name":"Villa Ausstattung - Lanka Beach","isPartOf":{"@id":"https:\/\/lankabeachresorts.com\/#website"},"primaryImageOfPage":{"@id":"https:\/\/lankabeachresorts.com\/de\/villa\/facilities\/#primaryimage"},"image":{"@id":"https:\/\/lankabeachresorts.com\/de\/villa\/facilities\/#primaryimage"},"thumbnailUrl":"https:\/\/lankabeachresorts.com\/wp-content\/uploads\/2021\/05\/Terrace.jpg","datePublished":"2021-05-24T19:58:21+00:00","dateModified":"2021-07-22T07:22:49+00:00","breadcrumb":{"@id":"https:\/\/lankabeachresorts.com\/de\/villa\/facilities\/#breadcrumb"},"inLanguage":"de","potentialAction":[{"@type":"ReadAction","target":["https:\/\/lankabeachresorts.com\/de\/villa\/facilities\/"]}]},{"@type":"ImageObject","inLanguage":"de","@id":"https:\/\/lankabeachresorts.com\/de\/villa\/facilities\/#primaryimage","url":"https:\/\/lankabeachresorts.com\/wp-content\/uploads\/2021\/05\/Terrace.jpg","contentUrl":"https:\/\/lankabeachresorts.com\/wp-content\/uploads\/2021\/05\/Terrace.jpg","width":1920,"height":1285},{"@type":"BreadcrumbList","@id":"https:\/\/lankabeachresorts.com\/de\/villa\/facilities\/#breadcrumb","itemListElement":[{"@type":"ListItem","position":1,"name":"Home","item":"https:\/\/lankabeachresorts.com\/de\/"},{"@type":"ListItem","position":2,"name":"Villa","item":"https:\/\/lankabeachresorts.com\/de\/villa\/"},{"@type":"ListItem","position":3,"name":"Villa Ausstattung"}]},{"@type":"WebSite","@id":"https:\/\/lankabeachresorts.com\/#website","url":"https:\/\/lankabeachresorts.com\/","name":"Lanka Beach","description":"Eine weitere WordPress-Website","potentialAction":[{"@type":"SearchAction","target":{"@type":"EntryPoint","urlTemplate":"https:\/\/lankabeachresorts.com\/?s={search_term_string}"},"query-input":"required name=search_term_string"}],"inLanguage":"de"}]}},"_links":{"self":[{"href":"https:\/\/lankabeachresorts.com\/de\/wp-json\/wp\/v2\/pages\/968","targetHints":{"allow":["GET"]}}],"collection":[{"href":"https:\/\/lankabeachresorts.com\/de\/wp-json\/wp\/v2\/pages"}],"about":[{"href":"https:\/\/lankabeachresorts.com\/de\/wp-json\/wp\/v2\/types\/page"}],"author":[{"embeddable":true,"href":"https:\/\/lankabeachresorts.com\/de\/wp-json\/wp\/v2\/users\/1"}],"replies":[{"embeddable":true,"href":"https:\/\/lankabeachresorts.com\/de\/wp-json\/wp\/v2\/comments?post=968"}],"version-history":[{"count":3,"href":"https:\/\/lankabeachresorts.com\/de\/wp-json\/wp\/v2\/pages\/968\/revisions"}],"predecessor-version":[{"id":972,"href":"https:\/\/lankabeachresorts.com\/de\/wp-json\/wp\/v2\/pages\/968\/revisions\/972"}],"up":[{"embeddable":true,"href":"https:\/\/lankabeachresorts.com\/de\/wp-json\/wp\/v2\/pages\/958"}],"wp:featuredmedia":[{"embeddable":true,"href":"https:\/\/lankabeachresorts.com\/de\/wp-json\/wp\/v2\/media\/969"}],"wp:attachment":[{"href":"https:\/\/lankabeachresorts.com\/de\/wp-json\/wp\/v2\/media?parent=968"}],"curies":[{"name":"wp","href":"https:\/\/api.w.org\/{rel}","templated":true}]}}