{"id":973,"date":"2021-06-17T09:49:32","date_gmt":"2021-06-17T07:49:32","guid":{"rendered":"http:\/\/lankabeachresorts.com\/bungalows\/facilities\/"},"modified":"2021-07-22T09:27:03","modified_gmt":"2021-07-22T07:27:03","slug":"facilities","status":"publish","type":"page","link":"https:\/\/lankabeachresorts.com\/de\/bungalows\/facilities\/","title":{"rendered":"Bungalows Ausstattung"},"content":{"rendered":"<section class=\"l-section wpb_row height_medium\"><div class=\"l-section-h i-cf\"><div class=\"g-cols vc_row via_flex valign_top type_default stacking_default\"><div class=\"vc_col-sm-3\/5 wpb_column vc_column_container\"><div class=\"vc_column-inner\"><div class=\"wpb_wrapper\"><div class=\"wpb_text_column\"><div class=\"wpb_wrapper\"><p>Ihre Ferienunterkunft Lanka Beach <strong>Bungalows <\/strong>liegt direkt am wundersch\u00f6nen Sandstrand von Rekawa ganz im S\u00fcden Sri Lankas in der N\u00e4he des quirligen St\u00e4dtchens Tangalle. Hier etwas abseits der g\u00e4ngignen Touristenpfade l\u00e4\u00dft es sich sehr gut entspannen.<\/p>\n<p>Wir f\u00fchren hier ein kleines, feines Bungalow Resort mit nur 7 gro\u00dfen, modernen Zimmern, alle mit Terrasse oder Balkonen, eigenen B\u00e4dern, schnellem kostenlosen WLAN Internet und Klimaanlage. Im Zimmerpreis ist ein schmackhaftes und abwechslungsreiches Fr\u00fchst\u00fcck schon enthalten.<\/p>\n<p>Unser ganzt\u00e4gig ge\u00f6ffnetes Restaurant liegt ganz vorne am Strand und von hier genie\u00dfen Sie einen phantastischen Blick \u00fcber den Indischen Ozean. Entspannen Sie sich im Schatten der wiegenden Kokospalmen in unseren gro\u00dfen tropischen Garten und erfrischen Sie sich im gro\u00dfen Swimming Pool, nur wenige Meter vom Strand entfernt.<\/p>\n<p>Wenn Sie mal gerne etwas unternehmen w\u00fcrden, dann buchen Sie doch einen Halb -, oder Ganztages Ausflug in die nahen Nationalparks oder andere interessante Sehensw\u00fcrdigkeiten ganz nah bei uns.<\/p>\n<p>Oder erkunden Sie mit unseren kostenlosen Fahrr\u00e4dern oder mit dem Roller oder Tuk Tuk\u00a0 die n\u00e4here Umgebung.<\/p>\n<\/div><\/div><\/div><\/div><\/div><div class=\"vc_col-sm-2\/5 wpb_column vc_column_container\"><div class=\"vc_column-inner\"><div class=\"wpb_wrapper\"><div class=\"w-slider style_none fit_scaledown\"><div class=\"w-slider-h\"><div class=\"royalSlider\"><div class=\"rsContent\"><a class=\"rsImg\" data-rsw=\"1024\" data-rsh=\"768\" href=\"https:\/\/lankabeachresorts.com\/wp-content\/uploads\/2021\/05\/double-bed-with-mosquito-nets-1024x768.jpg\"><span data-alt=\"\"><\/span><\/a><\/div><div class=\"rsContent\"><a class=\"rsImg\" data-rsw=\"1024\" data-rsh=\"682\" href=\"https:\/\/lankabeachresorts.com\/wp-content\/uploads\/2021\/05\/Welcome-swan-1024x682.jpg\"><span data-alt=\"\"><\/span><\/a><\/div><div class=\"rsContent\"><a class=\"rsImg\" data-rsw=\"1024\" data-rsh=\"685\" href=\"https:\/\/lankabeachresorts.com\/wp-content\/uploads\/2021\/05\/bathroom-mirror-1024x685.jpg\"><span data-alt=\"\"><\/span><\/a><\/div><div class=\"rsContent\"><a class=\"rsImg\" data-rsw=\"1024\" data-rsh=\"682\" href=\"https:\/\/lankabeachresorts.com\/wp-content\/uploads\/2021\/05\/Pool-2-1024x682.jpg\"><span data-alt=\"\"><\/span><\/a><\/div><div class=\"rsContent\"><a class=\"rsImg\" data-rsw=\"1024\" data-rsh=\"685\" href=\"https:\/\/lankabeachresorts.com\/wp-content\/uploads\/2021\/05\/sunbeds-1024x685.jpg\"><span data-alt=\"\"><\/span><\/a><\/div><div class=\"rsContent\"><a class=\"rsImg\" data-rsw=\"1024\" data-rsh=\"685\" href=\"https:\/\/lankabeachresorts.com\/wp-content\/uploads\/2021\/05\/lounge-area-in-resataurant-1024x685.jpg\"><span data-alt=\"\"><\/span><\/a><\/div><div class=\"rsContent\"><a class=\"rsImg\" data-rsw=\"1024\" data-rsh=\"576\" href=\"https:\/\/lankabeachresorts.com\/wp-content\/uploads\/2021\/05\/guests-1024x576.jpg\"><span data-alt=\"\"><\/span><\/a><\/div><div class=\"rsContent\"><a class=\"rsImg\" data-rsw=\"1024\" data-rsh=\"682\" href=\"https:\/\/lankabeachresorts.com\/wp-content\/uploads\/2021\/05\/inside-rest-1024x682.jpg\"><span data-alt=\"\"><\/span><\/a><\/div><div class=\"rsContent\"><a class=\"rsImg\" data-rsw=\"1024\" data-rsh=\"683\" href=\"https:\/\/lankabeachresorts.com\/wp-content\/uploads\/2021\/05\/fruits-1024x683.jpg\"><span data-alt=\"\"><\/span><\/a><\/div><div class=\"rsContent\"><a class=\"rsImg\" data-rsw=\"1024\" data-rsh=\"576\" href=\"https:\/\/lankabeachresorts.com\/wp-content\/uploads\/2021\/05\/Seafoodplatte-1024x576.jpg\"><span data-alt=\"\"><\/span><\/a><\/div><\/div><img decoding=\"async\" src=\"https:\/\/lankabeachresorts.com\/wp-content\/uploads\/2021\/05\/double-bed-with-mosquito-nets-1024x768.jpg\" width=\"1024\" height=\"768\" alt loading=\"lazy\"><\/div><div class=\"w-slider-json\" onclick='return {&quot;autoScaleSlider&quot;:true,&quot;loop&quot;:true,&quot;fadeInLoadedSlide&quot;:false,&quot;slidesSpacing&quot;:0,&quot;imageScalePadding&quot;:0,&quot;numImagesToPreload&quot;:2,&quot;arrowsNav&quot;:true,&quot;arrowsNavAutoHide&quot;:false,&quot;transitionType&quot;:&quot;move&quot;,&quot;transitionSpeed&quot;:250,&quot;block&quot;:{&quot;moveEffect&quot;:&quot;none&quot;,&quot;speed&quot;:300},&quot;thumbs&quot;:{&quot;fitInViewport&quot;:false},&quot;controlNavigation&quot;:&quot;none&quot;,&quot;autoplay&quot;:{&quot;enabled&quot;:true,&quot;pauseOnHover&quot;:true,&quot;delay&quot;:3000},&quot;imageScaleMode&quot;:&quot;fit-if-smaller&quot;,&quot;autoScaleSliderWidth&quot;:1024,&quot;autoScaleSliderHeight&quot;:768}'><\/div><\/div><div class=\"w-hwrapper us_custom_37c9ec7a valign_top wrap align_center\" style=\"--hwrapper-gap:0.5rem\"><div class=\"w-iconbox us_custom_fc32346f has_text_color iconpos_top style_default color_primary align_center no_text\"><div class=\"w-iconbox-icon\" style=\"font-size:2rem;\"><i class=\"far fa-wifi\"><\/i><\/div><div class=\"w-iconbox-meta\"><p class=\"w-iconbox-title\">Free Wifi<\/p><\/div><\/div><div class=\"w-iconbox us_custom_fc32346f has_text_color iconpos_top style_default color_primary align_center no_text\"><div class=\"w-iconbox-icon\" style=\"font-size:2rem;\"><i class=\"far fa-bicycle\"><\/i><\/div><div class=\"w-iconbox-meta\"><p class=\"w-iconbox-title\">Free Fahrr\u00e4der<\/p><\/div><\/div><div class=\"w-iconbox us_custom_fc32346f has_text_color iconpos_top style_default color_primary align_center no_text\"><div class=\"w-iconbox-icon\" style=\"font-size:2rem;\"><i class=\"far fa-motorcycle\"><\/i><\/div><div class=\"w-iconbox-meta\"><p class=\"w-iconbox-title\">Motorr\u00e4der zu vermieten<\/p><\/div><\/div><div class=\"w-iconbox us_custom_fc32346f has_text_color iconpos_top style_default color_primary align_center no_text\"><div class=\"w-iconbox-icon\" style=\"font-size:2rem;\"><i class=\"far fa-car\"><\/i><\/div><div class=\"w-iconbox-meta\"><p class=\"w-iconbox-title\">Free Parking<\/p><\/div><\/div><div class=\"w-iconbox us_custom_fc32346f has_text_color iconpos_top style_default color_primary align_center no_text\"><div class=\"w-iconbox-icon\" style=\"font-size:2rem;\"><i class=\"far fa-map\"><\/i><\/div><div class=\"w-iconbox-meta\"><p class=\"w-iconbox-title\"> gro\u00dfes Angebot an Ausfl\u00fcgen<\/p><\/div><\/div><div class=\"w-iconbox us_custom_fc32346f has_text_color iconpos_top style_default color_primary align_center no_text\"><div class=\"w-iconbox-icon\" style=\"font-size:2rem;\"><i class=\"far fa-bus\"><\/i><\/div><div class=\"w-iconbox-meta\"><p class=\"w-iconbox-title\">Bus Service<\/p><\/div><\/div><\/div><div class=\"wpb_text_column us_custom_bff4310c has_text_color\"><div class=\"wpb_wrapper\"><p>Shuttle-Service mit Van, Auto oder Tuk Tuk zu und von jedem Punkt der Insel<\/p>\n<\/div><\/div><\/div><\/div><\/div><div class=\"vc_col-sm-12 wpb_column vc_column_container\"><div class=\"vc_column-inner us_custom_d2199d32\"><div class=\"wpb_wrapper\"><div class=\"w-hwrapper valign_top align_center\"><div class=\"w-btn-wrapper align_center\"><a class=\"w-btn us-btn-style_1 icon_atleft\" title=\"Activities\" href=\"http:\/\/lankabeachresorts.com\/activities\/\"><i class=\"far fa-arrow-right\"><\/i><span class=\"w-btn-label\">Aktivit\u00e4ten<\/span><\/a><\/div><div class=\"w-btn-wrapper align_center\"><a class=\"w-btn us-btn-style_7\" title=\"Gallery\" href=\"http:\/\/lankabeachresorts.com\/gallery\/\"><span class=\"w-btn-label\">Galerie<\/span><\/a><\/div><\/div><\/div><\/div><\/div><\/div><\/div><\/section>\n","protected":false},"excerpt":{"rendered":"Ihre Ferienunterkunft Lanka Beach Bungalows liegt direkt am wundersch\u00f6nen Sandstrand von Rekawa ganz im S\u00fcden Sri Lankas in der N\u00e4he des quirligen St\u00e4dtchens Tangalle. Hier etwas abseits der g\u00e4ngignen Touristenpfade l\u00e4\u00dft es sich sehr gut entspannen. Wir f\u00fchren hier ein kleines, feines Bungalow Resort mit nur 7 gro\u00dfen, modernen Zimmern, alle mit Terrasse oder Balkonen,...","protected":false},"author":1,"featured_media":974,"parent":955,"menu_order":0,"comment_status":"closed","ping_status":"closed","template":"","meta":{"footnotes":""},"class_list":["post-973","page","type-page","status-publish","has-post-thumbnail","hentry"],"yoast_head":"<!-- This site is optimized with the Yoast SEO plugin v22.4 - https:\/\/yoast.com\/wordpress\/plugins\/seo\/ -->\n<title>Bungalows Ausstattung - Lanka Beach<\/title>\n<meta name=\"robots\" content=\"index, follow, max-snippet:-1, max-image-preview:large, max-video-preview:-1\" \/>\n<link rel=\"canonical\" href=\"https:\/\/lankabeachresorts.com\/de\/bungalows\/facilities\/\" \/>\n<meta property=\"og:locale\" content=\"de_DE\" \/>\n<meta property=\"og:type\" content=\"article\" \/>\n<meta property=\"og:title\" content=\"Bungalows Ausstattung - Lanka Beach\" \/>\n<meta property=\"og:url\" content=\"https:\/\/lankabeachresorts.com\/de\/bungalows\/facilities\/\" \/>\n<meta property=\"og:site_name\" content=\"Lanka Beach\" \/>\n<meta property=\"article:modified_time\" content=\"2021-07-22T07:27:03+00:00\" \/>\n<meta property=\"og:image\" content=\"https:\/\/lankabeachresorts.com\/wp-content\/uploads\/2021\/07\/neues-Foto-1024x682.jpg\" \/>\n\t<meta property=\"og:image:width\" content=\"1024\" \/>\n\t<meta property=\"og:image:height\" content=\"682\" \/>\n\t<meta property=\"og:image:type\" content=\"image\/jpeg\" \/>\n<meta name=\"twitter:card\" content=\"summary_large_image\" \/>\n<meta name=\"twitter:label1\" content=\"Gesch\u00e4tzte Lesezeit\" \/>\n\t<meta name=\"twitter:data1\" content=\"3\u00a0Minuten\" \/>\n<script type=\"application\/ld+json\" class=\"yoast-schema-graph\">{\"@context\":\"https:\/\/schema.org\",\"@graph\":[{\"@type\":\"WebPage\",\"@id\":\"https:\/\/lankabeachresorts.com\/de\/bungalows\/facilities\/\",\"url\":\"https:\/\/lankabeachresorts.com\/de\/bungalows\/facilities\/\",\"name\":\"Bungalows Ausstattung - Lanka Beach\",\"isPartOf\":{\"@id\":\"https:\/\/lankabeachresorts.com\/#website\"},\"primaryImageOfPage\":{\"@id\":\"https:\/\/lankabeachresorts.com\/de\/bungalows\/facilities\/#primaryimage\"},\"image\":{\"@id\":\"https:\/\/lankabeachresorts.com\/de\/bungalows\/facilities\/#primaryimage\"},\"thumbnailUrl\":\"https:\/\/lankabeachresorts.com\/wp-content\/uploads\/2021\/07\/neues-Foto.jpg\",\"datePublished\":\"2021-06-17T07:49:32+00:00\",\"dateModified\":\"2021-07-22T07:27:03+00:00\",\"breadcrumb\":{\"@id\":\"https:\/\/lankabeachresorts.com\/de\/bungalows\/facilities\/#breadcrumb\"},\"inLanguage\":\"de\",\"potentialAction\":[{\"@type\":\"ReadAction\",\"target\":[\"https:\/\/lankabeachresorts.com\/de\/bungalows\/facilities\/\"]}]},{\"@type\":\"ImageObject\",\"inLanguage\":\"de\",\"@id\":\"https:\/\/lankabeachresorts.com\/de\/bungalows\/facilities\/#primaryimage\",\"url\":\"https:\/\/lankabeachresorts.com\/wp-content\/uploads\/2021\/07\/neues-Foto.jpg\",\"contentUrl\":\"https:\/\/lankabeachresorts.com\/wp-content\/uploads\/2021\/07\/neues-Foto.jpg\",\"width\":1921,\"height\":1279},{\"@type\":\"BreadcrumbList\",\"@id\":\"https:\/\/lankabeachresorts.com\/de\/bungalows\/facilities\/#breadcrumb\",\"itemListElement\":[{\"@type\":\"ListItem\",\"position\":1,\"name\":\"Home\",\"item\":\"https:\/\/lankabeachresorts.com\/de\/\"},{\"@type\":\"ListItem\",\"position\":2,\"name\":\"Bungalows\",\"item\":\"https:\/\/lankabeachresorts.com\/de\/bungalows\/\"},{\"@type\":\"ListItem\",\"position\":3,\"name\":\"Bungalows Ausstattung\"}]},{\"@type\":\"WebSite\",\"@id\":\"https:\/\/lankabeachresorts.com\/#website\",\"url\":\"https:\/\/lankabeachresorts.com\/\",\"name\":\"Lanka Beach\",\"description\":\"Eine weitere WordPress-Website\",\"potentialAction\":[{\"@type\":\"SearchAction\",\"target\":{\"@type\":\"EntryPoint\",\"urlTemplate\":\"https:\/\/lankabeachresorts.com\/?s={search_term_string}\"},\"query-input\":\"required name=search_term_string\"}],\"inLanguage\":\"de\"}]}<\/script>\n<!-- \/ Yoast SEO plugin. -->","yoast_head_json":{"title":"Bungalows Ausstattung - Lanka Beach","robots":{"index":"index","follow":"follow","max-snippet":"max-snippet:-1","max-image-preview":"max-image-preview:large","max-video-preview":"max-video-preview:-1"},"canonical":"https:\/\/lankabeachresorts.com\/de\/bungalows\/facilities\/","og_locale":"de_DE","og_type":"article","og_title":"Bungalows Ausstattung - Lanka Beach","og_url":"https:\/\/lankabeachresorts.com\/de\/bungalows\/facilities\/","og_site_name":"Lanka Beach","article_modified_time":"2021-07-22T07:27:03+00:00","og_image":[{"width":1024,"height":682,"url":"https:\/\/lankabeachresorts.com\/wp-content\/uploads\/2021\/07\/neues-Foto-1024x682.jpg","type":"image\/jpeg"}],"twitter_card":"summary_large_image","twitter_misc":{"Gesch\u00e4tzte Lesezeit":"3\u00a0Minuten"},"schema":{"@context":"https:\/\/schema.org","@graph":[{"@type":"WebPage","@id":"https:\/\/lankabeachresorts.com\/de\/bungalows\/facilities\/","url":"https:\/\/lankabeachresorts.com\/de\/bungalows\/facilities\/","name":"Bungalows Ausstattung - Lanka Beach","isPartOf":{"@id":"https:\/\/lankabeachresorts.com\/#website"},"primaryImageOfPage":{"@id":"https:\/\/lankabeachresorts.com\/de\/bungalows\/facilities\/#primaryimage"},"image":{"@id":"https:\/\/lankabeachresorts.com\/de\/bungalows\/facilities\/#primaryimage"},"thumbnailUrl":"https:\/\/lankabeachresorts.com\/wp-content\/uploads\/2021\/07\/neues-Foto.jpg","datePublished":"2021-06-17T07:49:32+00:00","dateModified":"2021-07-22T07:27:03+00:00","breadcrumb":{"@id":"https:\/\/lankabeachresorts.com\/de\/bungalows\/facilities\/#breadcrumb"},"inLanguage":"de","potentialAction":[{"@type":"ReadAction","target":["https:\/\/lankabeachresorts.com\/de\/bungalows\/facilities\/"]}]},{"@type":"ImageObject","inLanguage":"de","@id":"https:\/\/lankabeachresorts.com\/de\/bungalows\/facilities\/#primaryimage","url":"https:\/\/lankabeachresorts.com\/wp-content\/uploads\/2021\/07\/neues-Foto.jpg","contentUrl":"https:\/\/lankabeachresorts.com\/wp-content\/uploads\/2021\/07\/neues-Foto.jpg","width":1921,"height":1279},{"@type":"BreadcrumbList","@id":"https:\/\/lankabeachresorts.com\/de\/bungalows\/facilities\/#breadcrumb","itemListElement":[{"@type":"ListItem","position":1,"name":"Home","item":"https:\/\/lankabeachresorts.com\/de\/"},{"@type":"ListItem","position":2,"name":"Bungalows","item":"https:\/\/lankabeachresorts.com\/de\/bungalows\/"},{"@type":"ListItem","position":3,"name":"Bungalows Ausstattung"}]},{"@type":"WebSite","@id":"https:\/\/lankabeachresorts.com\/#website","url":"https:\/\/lankabeachresorts.com\/","name":"Lanka Beach","description":"Eine weitere WordPress-Website","potentialAction":[{"@type":"SearchAction","target":{"@type":"EntryPoint","urlTemplate":"https:\/\/lankabeachresorts.com\/?s={search_term_string}"},"query-input":"required name=search_term_string"}],"inLanguage":"de"}]}},"_links":{"self":[{"href":"https:\/\/lankabeachresorts.com\/de\/wp-json\/wp\/v2\/pages\/973","targetHints":{"allow":["GET"]}}],"collection":[{"href":"https:\/\/lankabeachresorts.com\/de\/wp-json\/wp\/v2\/pages"}],"about":[{"href":"https:\/\/lankabeachresorts.com\/de\/wp-json\/wp\/v2\/types\/page"}],"author":[{"embeddable":true,"href":"https:\/\/lankabeachresorts.com\/de\/wp-json\/wp\/v2\/users\/1"}],"replies":[{"embeddable":true,"href":"https:\/\/lankabeachresorts.com\/de\/wp-json\/wp\/v2\/comments?post=973"}],"version-history":[{"count":3,"href":"https:\/\/lankabeachresorts.com\/de\/wp-json\/wp\/v2\/pages\/973\/revisions"}],"predecessor-version":[{"id":977,"href":"https:\/\/lankabeachresorts.com\/de\/wp-json\/wp\/v2\/pages\/973\/revisions\/977"}],"up":[{"embeddable":true,"href":"https:\/\/lankabeachresorts.com\/de\/wp-json\/wp\/v2\/pages\/955"}],"wp:featuredmedia":[{"embeddable":true,"href":"https:\/\/lankabeachresorts.com\/de\/wp-json\/wp\/v2\/media\/974"}],"wp:attachment":[{"href":"https:\/\/lankabeachresorts.com\/de\/wp-json\/wp\/v2\/media?parent=973"}],"curies":[{"name":"wp","href":"https:\/\/api.w.org\/{rel}","templated":true}]}}