{"id":696,"date":"2021-05-24T22:11:13","date_gmt":"2021-05-24T20:11:13","guid":{"rendered":"http:\/\/lankabeachresorts.com\/resorts\/"},"modified":"2021-07-22T08:12:17","modified_gmt":"2021-07-22T06:12:17","slug":"resorts","status":"publish","type":"page","link":"https:\/\/lankabeachresorts.com\/es\/resorts\/","title":{"rendered":"The Resorts"},"content":{"rendered":"<section class=\"l-section wpb_row height_medium\"><div class=\"l-section-h i-cf\"><div class=\"g-cols vc_row via_flex valign_top type_default stacking_default\"><div class=\"vc_col-sm-12 wpb_column vc_column_container\"><div class=\"vc_column-inner\"><div class=\"wpb_wrapper\">[vc_custom_heading text=\u00bbBienvenido a Sri Lanka, su destino vacacional<br \/>\nDestino en el Oc\u00e9ano \u00cdndico\u00bb font_container=\u00bbtag:h2|text_align:center\u00bb use_theme_fonts=\u00bbyes\u00bb]<div class=\"wpb_text_column us_custom_37c9ec7a\"><div class=\"wpb_wrapper\"><p><span class=\"TextRun SCXW153056286 BCX0\" lang=\"ES-MX\" xml:lang=\"ES-MX\" data-contrast=\"auto\"><span class=\"NormalTextRun SCXW153056286 BCX0\">Quien pone un pie en la playa queda encantado por su exuberante naturaleza, su rico patrimonio cultural, sus impresionantes playas y su singular gastronom\u00eda. Lanka Beach\u00a0<\/span><span class=\"NormalTextRun SpellingErrorV2 SCXW153056286 BCX0\">Bungalows<\/span><span class=\"NormalTextRun SCXW153056286 BCX0\">\u00a0&amp; Villa se encuentra cerca de\u00a0<\/span><span class=\"NormalTextRun SpellingErrorV2 SCXW153056286 BCX0\">Tangalle<\/span><span class=\"NormalTextRun SCXW153056286 BCX0\">, en el sur de Sri Lanka, cerca de los famosos parques nacionales de\u00a0<\/span><span class=\"NormalTextRun SpellingErrorV2 SCXW153056286 BCX0\">Udawalawe<\/span><span class=\"NormalTextRun SCXW153056286 BCX0\">\u00a0y Yala. A la hora de planificar su viaje,\u00a0<\/span><span class=\"NormalTextRun SCXW153056286 BCX0\">puede elegir entre las siguientes<\/span><span class=\"NormalTextRun SCXW153056286 BCX0\">\u00a0opc<\/span><span class=\"NormalTextRun SCXW153056286 BCX0\">io<\/span><span class=\"NormalTextRun SCXW153056286 BCX0\">n<\/span><span class=\"NormalTextRun SCXW153056286 BCX0\">es<\/span><span class=\"NormalTextRun SCXW153056286 BCX0\">\u00a0de alojamiento:<\/span><\/span><span class=\"EOP SCXW153056286 BCX0\" data-ccp-props=\"{&quot;201341983&quot;:0,&quot;335559739&quot;:200,&quot;335559740&quot;:276}\">\u00a0<\/span><\/p>\n<p><span class=\"TextRun SCXW109298832 BCX0\" lang=\"ES-MX\" xml:lang=\"ES-MX\" data-contrast=\"auto\"><span class=\"NormalTextRun SCXW109298832 BCX0\">Elija alojarse en Lanka Beach\u00a0<\/span><span class=\"NormalTextRun SpellingErrorV2 SCXW109298832 BCX0\">Bungalows<\/span><span class=\"NormalTextRun SCXW109298832 BCX0\">, un exquisito complejo\u00a0<\/span><span class=\"NormalTextRun ContextualSpellingAndGrammarErrorV2 SCXW109298832 BCX0\">boutique<\/span><span class=\"NormalTextRun ContextualSpellingAndGrammarErrorV2 SCXW109298832 BCX0\">\u00a0localizado<\/span><span class=\"NormalTextRun SCXW109298832 BCX0\">\u00a0en la playa.\u00a0<\/span><span class=\"NormalTextRun SCXW109298832 BCX0\">Con f<\/span><span class=\"NormalTextRun SCXW109298832 BCX0\">ant\u00e1sticas vistas al mar, una gran piscina, un jard\u00edn tropical y un magn\u00edfico restaurante -con plat<\/span><span class=\"NormalTextRun SCXW109298832 BCX0\">ill<\/span><span class=\"NormalTextRun SCXW109298832 BCX0\">os t\u00edpicos de Sri Lanka y occidentales- har\u00e1n que sus vacaciones sean inolvidables.<\/span><\/span><span class=\"EOP SCXW109298832 BCX0\" data-ccp-props=\"{&quot;201341983&quot;:0,&quot;335559739&quot;:200,&quot;335559740&quot;:276}\">\u00a0<\/span><\/p>\n<p><span class=\"TextRun SCXW207969430 BCX0\" lang=\"ES-MX\" xml:lang=\"ES-MX\" data-contrast=\"auto\"><span class=\"NormalTextRun SCXW207969430 BCX0\">\u00bf<\/span><span class=\"NormalTextRun SCXW207969430 BCX0\">En b<\/span><span class=\"NormalTextRun SCXW207969430 BCX0\">usca<\/span><span class=\"NormalTextRun SCXW207969430 BCX0\">\u00a0de<\/span><span class=\"NormalTextRun SCXW207969430 BCX0\">\u00a0un alojamiento m\u00e1s privado?<\/span><\/span><span class=\"EOP SCXW207969430 BCX0\" data-ccp-props=\"{&quot;201341983&quot;:0,&quot;335559739&quot;:200,&quot;335559740&quot;:276}\">\u00a0<\/span><\/p>\n<p><span class=\"TextRun SCXW74346188 BCX0\" lang=\"ES-MX\" xml:lang=\"ES-MX\" data-contrast=\"auto\"><span class=\"NormalTextRun SCXW74346188 BCX0\">Entonces no busque m\u00e1s:<\/span><\/span><span class=\"EOP SCXW74346188 BCX0\" data-ccp-props=\"{&quot;201341983&quot;:0,&quot;335559739&quot;:200,&quot;335559740&quot;:276}\">\u00a0<\/span><\/p>\n<p><span class=\"TextRun SCXW72436466 BCX0\" lang=\"ES-MX\" xml:lang=\"ES-MX\" data-contrast=\"auto\"><span class=\"NormalTextRun SCXW72436466 BCX0\">Nuestra lujosa y privada Villa Lanka Beach cuenta con 4 dormitorios, 4 ba\u00f1os, una sala de estar, cocina, TV,\u00a0<\/span><span class=\"NormalTextRun SpellingErrorV2 SCXW72436466 BCX0\">WiFi<\/span><span class=\"NormalTextRun SCXW72436466 BCX0\">\u00a0gratuito, un precioso patio interior, una piscina privada y dos grandes terrazas con vistas a\u00a0<\/span><span class=\"NormalTextRun SCXW72436466 BCX0\">un<\/span><span class=\"NormalTextRun SCXW72436466 BCX0\">a playa<\/span><span class=\"NormalTextRun SCXW72436466 BCX0\">\u00a0<\/span><span class=\"NormalTextRun SCXW72436466 BCX0\">espectacular.<\/span><\/span><span class=\"EOP SCXW72436466 BCX0\" data-ccp-props=\"{&quot;201341983&quot;:0,&quot;335559739&quot;:200,&quot;335559740&quot;:276}\">\u00a0<\/span><\/p>\n<\/div><\/div><div class=\"wpb_text_column us_custom_37c9ec7a\"><div class=\"wpb_wrapper\"><p><span class=\"TextRun SCXW244605285 BCX0\" lang=\"ES-MX\" xml:lang=\"ES-MX\" data-contrast=\"auto\"><span class=\"NormalTextRun SCXW244605285 BCX0\">Lanka Beach\u00a0<\/span><span class=\"NormalTextRun SpellingErrorV2 SCXW244605285 BCX0\">Bungalows<\/span><span class=\"NormalTextRun SCXW244605285 BCX0\">\u00a0&amp; Villa est\u00e1 dirigido por propietarios alemanes que se compromet<\/span><span class=\"NormalTextRun SCXW244605285 BCX0\">a<\/span><span class=\"NormalTextRun SCXW244605285 BCX0\">n a\u00a0<\/span><span class=\"NormalTextRun SCXW244605285 BCX0\">tene<\/span><span class=\"NormalTextRun SCXW244605285 BCX0\">r\u00a0<\/span><span class=\"NormalTextRun SCXW244605285 BCX0\">una<\/span><span class=\"NormalTextRun SCXW244605285 BCX0\">\u00a0estancia agradable y relajante. Se trata de un peque\u00f1o alojamiento de estilo boutique que combina\u00a0<\/span><span class=\"NormalTextRun SCXW244605285 BCX0\">la comodidad<\/span><span class=\"NormalTextRun SCXW244605285 BCX0\">\u00a0y la decoraci\u00f3n tradicional con instalaciones de lujo.<\/span><\/span><span class=\"EOP SCXW244605285 BCX0\" data-ccp-props=\"{&quot;201341983&quot;:0,&quot;335559739&quot;:200,&quot;335559740&quot;:276}\">\u00a0<\/span><\/p>\n<\/div><\/div><div class=\"w-hwrapper us_custom_37c9ec7a valign_top align_center\"><div class=\"w-btn-wrapper align_center\"><a class=\"w-btn us-btn-style_1 icon_atleft\" title=\"Villa Facilities\" href=\"http:\/\/lankabeachresorts.com\/villa\/facilities\/\"><i class=\"fal fa-arrow-right\"><\/i><span class=\"w-btn-label\">Villa<\/span><\/a><\/div><div class=\"w-btn-wrapper align_center\"><a class=\"w-btn us-btn-style_1 icon_atleft\" title=\"Bungalows Facilities\" href=\"http:\/\/lankabeachresorts.com\/bungalows\/facilities\/\"><i class=\"fal fa-arrow-right\"><\/i><span class=\"w-btn-label\">Bungalows<\/span><\/a><\/div><div class=\"w-btn-wrapper align_center\"><a class=\"w-btn us-btn-style_7\" title=\"Activities\" href=\"http:\/\/lankabeachresorts.com\/activities\/\"><span class=\"w-btn-label\">Actividades<\/span><\/a><\/div><\/div><\/div><\/div><\/div><\/div><\/div><\/section><section class=\"l-section wpb_row height_medium color_alternate\"><div class=\"l-section-h i-cf\"><div class=\"g-cols vc_row via_flex valign_top type_default stacking_default\"><div class=\"vc_col-sm-12 wpb_column vc_column_container\"><div class=\"vc_column-inner\"><div class=\"wpb_wrapper\"><div class=\"w-grid type_carousel layout_913 cols_3\" id=\"us_grid_1\" style=\"--gap:1.5rem;\"><style>.layout_913 .w-grid-item-h{}.layout_913 .usg_post_custom_field_3{transition-duration:0.3s;transform-origin:50% 50%;transform:scale(1) translate(0,0);opacity:0.2}.layout_913 .w-grid-item-h:hover .usg_post_custom_field_3{transform:scale(1) translate(0,0);opacity:0.2}.layout_913 .usg_post_image_1{width:4rem!important;margin-right:1rem!important}.layout_913 .usg_post_custom_field_1{font-weight:700!important;line-height:1.5!important;margin-bottom:0!important}.layout_913 .usg_post_custom_field_2{color:var(--color-content-faded)!important;font-size:0.9rem!important;line-height:1.5!important}.layout_913 .usg_vwrapper_2{padding-left:2rem!important}.layout_913 .usg_post_custom_field_3{font-size:1.4rem!important;line-height:1!important;position:absolute!important;top:0!important;left:0!important}<\/style><div class=\"w-grid-list owl-carousel navstyle_circle navpos_outside\">\t<article class=\"w-grid-item post-908 us_testimonial type-us_testimonial status-publish hentry\" data-id=\"908\">\r\n\t\t<div class=\"w-grid-item-h\">\r\n\t\t\t\t\t\t<div class=\"w-vwrapper usg_vwrapper_2 align_left valign_top\"><div class=\"w-post-elm post_custom_field usg_post_custom_field_3 type_text  color_link_inherit\"><i class=\"far fa-quote-left\"><\/i><span class=\"w-post-elm-value\"><\/span><\/div><div class=\"w-post-elm post_content usg_post_content_1 with_collapsible_content\" data-content-height=\"100px\"><div><p>Hans has thought of everything when he planned the bungalows at Lanka Beach. The most comfortable four poster beds with luxurious white soft cotton sheets and a mosquito net. Air conditioning as well as a ceiling fan not only in the room but also on the spacious verandah where we could seek shelter from the odd shower on a comfortable double recliner or at the little outdoor table. Great bathroom with lots of space to put things, also a drying rack. Good storage in the room and a safe. The staff were friendly and looked after us very well. The infinity swimming pool is gorgeous and so refreshing, the grounds well looked after and full of tropical flowering trees and shrubs. The beach is simply beautiful in its wildness. The food was great and fresh seafood was offered as well as traditional Sri Lankan curry and rice. Turtle watch is only a short tuktuk ride away. The WiFi was the best we had in all of Sri Lanka. We didn&#8217;t want to leave and hope we can come back here one day!<\/p>\n<\/div><div class=\"toggle-links align_default\"><button class=\"collapsible-content-more\">Show More<\/button><button class=\"collapsible-content-less\">Show Less<\/button><\/div><\/div><div class=\"w-hwrapper usg_hwrapper_1 align_left valign_middle\"><div class=\"w-vwrapper usg_vwrapper_1 align_left valign_top\"><div class=\"w-post-elm post_custom_field usg_post_custom_field_1 type_text us_testimonial_author\"><span class=\"w-post-elm-value\">Michaela<\/span><\/div><div class=\"w-post-elm post_custom_field usg_post_custom_field_2 has_text_color type_text us_testimonial_role color_link_inherit\"><span class=\"w-post-elm-value\"><\/span><\/div><\/div><\/div><\/div>\t\t<\/div>\r\n\t<\/article>\r\n\t<article class=\"w-grid-item post-912 us_testimonial type-us_testimonial status-publish hentry\" data-id=\"912\">\r\n\t\t<div class=\"w-grid-item-h\">\r\n\t\t\t\t\t\t<div class=\"w-vwrapper usg_vwrapper_2 align_left valign_top\"><div class=\"w-post-elm post_custom_field usg_post_custom_field_3 type_text  color_link_inherit\"><i class=\"far fa-quote-left\"><\/i><span class=\"w-post-elm-value\"><\/span><\/div><div class=\"w-post-elm post_content usg_post_content_1 with_collapsible_content\" data-content-height=\"100px\"><div><p>From the moment you arrive at Lanka Beach Bungalows Hans , Barbara and the team do everything in their gift to welcome you and make your stay with them memorable The staff are amazing very friendly and attentive and nothing is too much trouble Hans and Barbara and Charlie the dog come to welcome everyone that comes to stay at the hotel and both are visible at breakfast and dinner ensuring that everyone is happy with the service and their stay . Barbara makes the most amazing Chocolate Brownie ! The beach is beautiful with the bungalows set right on the beach the hardest decision is whether to go left or right on the beach for your daily walk ! The beach is very quiet and it is almost like your own piece of paradise The setting for the bungalows is truly beautiful. If you like to escape from the madding crowds to simply relax then this place is for you xxx this was our second visit and we are already planning our next visit to the wonderful Lanka Bungalows.<\/p>\n<\/div><div class=\"toggle-links align_default\"><button class=\"collapsible-content-more\">Show More<\/button><button class=\"collapsible-content-less\">Show Less<\/button><\/div><\/div><div class=\"w-hwrapper usg_hwrapper_1 align_left valign_middle\"><div class=\"w-vwrapper usg_vwrapper_1 align_left valign_top\"><div class=\"w-post-elm post_custom_field usg_post_custom_field_1 type_text us_testimonial_author\"><span class=\"w-post-elm-value\">Samantha<\/span><\/div><div class=\"w-post-elm post_custom_field usg_post_custom_field_2 has_text_color type_text us_testimonial_role color_link_inherit\"><span class=\"w-post-elm-value\"><\/span><\/div><\/div><\/div><\/div>\t\t<\/div>\r\n\t<\/article>\r\n\t<article class=\"w-grid-item post-902 us_testimonial type-us_testimonial status-publish hentry\" data-id=\"902\">\r\n\t\t<div class=\"w-grid-item-h\">\r\n\t\t\t\t\t\t<div class=\"w-vwrapper usg_vwrapper_2 align_left valign_top\"><div class=\"w-post-elm post_custom_field usg_post_custom_field_3 type_text  color_link_inherit\"><i class=\"far fa-quote-left\"><\/i><span class=\"w-post-elm-value\"><\/span><\/div><div class=\"w-post-elm post_content usg_post_content_1 with_collapsible_content\" data-content-height=\"100px\"><div><p>The staff are fabulously friendly and welcoming without ever being anyway invasive. The rooms are a dream , really big, modern with a very comfy bed, the pool is gorgeous, WiFI works everywhere-even at the beach ! and it is fast- really fast !!. Communication with the owners was easy, they tried to help in any way ! It&#8217;s a wonderful place and don&#8217;t forget to order the seafood platter, it is a dream ! They also offer good wines at very reasonalble prices&#8230;.we will return next year for a longer stay , for sure ! Unbeatable value for money&#8230;.<\/p>\n<\/div><div class=\"toggle-links align_default\"><button class=\"collapsible-content-more\">Show More<\/button><button class=\"collapsible-content-less\">Show Less<\/button><\/div><\/div><div class=\"w-hwrapper usg_hwrapper_1 align_left valign_middle\"><div class=\"w-vwrapper usg_vwrapper_1 align_left valign_top\"><div class=\"w-post-elm post_custom_field usg_post_custom_field_1 type_text us_testimonial_author\"><span class=\"w-post-elm-value\">Brigitte<\/span><\/div><div class=\"w-post-elm post_custom_field usg_post_custom_field_2 has_text_color type_text us_testimonial_role color_link_inherit\"><span class=\"w-post-elm-value\"><\/span><\/div><\/div><\/div><\/div>\t\t<\/div>\r\n\t<\/article>\r\n<\/div><div class=\"g-preloader type_1\">\r\n\t<div><\/div>\r\n<\/div>\r\n\t<div class=\"w-grid-json hidden\" onclick='return {&quot;action&quot;:&quot;us_ajax_grid&quot;,&quot;ajax_url&quot;:&quot;https:\\\/\\\/lankabeachresorts.com\\\/wp-admin\\\/admin-ajax.php&quot;,&quot;infinite_scroll&quot;:0,&quot;max_num_pages&quot;:1,&quot;pagination&quot;:&quot;none&quot;,&quot;permalink_url&quot;:&quot;https:\\\/\\\/lankabeachresorts.com\\\/es\\\/wp-json\\\/wp\\\/v2\\\/pages\\\/696\\\/&quot;,&quot;template_vars&quot;:{&quot;columns&quot;:&quot;3&quot;,&quot;exclude_items&quot;:&quot;none&quot;,&quot;img_size&quot;:&quot;default&quot;,&quot;ignore_items_size&quot;:0,&quot;items_layout&quot;:&quot;913&quot;,&quot;items_offset&quot;:&quot;1&quot;,&quot;load_animation&quot;:&quot;none&quot;,&quot;overriding_link&quot;:&quot;{\\&quot;url\\&quot;:\\&quot;\\&quot;}&quot;,&quot;post_id&quot;:0,&quot;query_args&quot;:{&quot;post_type&quot;:[&quot;us_testimonial&quot;],&quot;post_status&quot;:[&quot;publish&quot;],&quot;posts_per_page&quot;:&quot;6&quot;},&quot;orderby_query_args&quot;:{&quot;orderby&quot;:{&quot;date&quot;:&quot;DESC&quot;}},&quot;type&quot;:&quot;carousel&quot;,&quot;us_grid_ajax_index&quot;:1,&quot;us_grid_filter_params&quot;:null,&quot;us_grid_index&quot;:1,&quot;_us_grid_post_type&quot;:&quot;us_testimonial&quot;,&quot;page_args&quot;:[],&quot;lang&quot;:&quot;es&quot;},&quot;carousel_settings&quot;:{&quot;autoHeight&quot;:0,&quot;autoplay&quot;:0,&quot;carousel_fade&quot;:0,&quot;center&quot;:0,&quot;dots&quot;:0,&quot;items&quot;:&quot;3&quot;,&quot;loop&quot;:false,&quot;nav&quot;:0,&quot;slideby&quot;:&quot;1&quot;,&quot;smooth_play&quot;:0,&quot;speed&quot;:250,&quot;timeout&quot;:3000,&quot;transition&quot;:&quot;&quot;,&quot;aria_labels&quot;:{&quot;prev&quot;:&quot;Anterior&quot;,&quot;next&quot;:&quot;Siguiente&quot;}},&quot;carousel_breakpoints&quot;:{&quot;0&quot;:{&quot;autoHeight&quot;:0,&quot;autoplay&quot;:1,&quot;autoplayHoverPause&quot;:1,&quot;items&quot;:1,&quot;loop&quot;:true,&quot;stagePadding&quot;:0},&quot;601&quot;:{&quot;autoHeight&quot;:0,&quot;autoplay&quot;:1,&quot;autoplayHoverPause&quot;:1,&quot;items&quot;:2,&quot;loop&quot;:false,&quot;stagePadding&quot;:0},&quot;1025&quot;:{&quot;autoHeight&quot;:0,&quot;autoplay&quot;:1,&quot;autoplayHoverPause&quot;:1,&quot;items&quot;:&quot;3&quot;,&quot;loop&quot;:false,&quot;stagePadding&quot;:0},&quot;1281&quot;:{&quot;items&quot;:3,&quot;stagePadding&quot;:0}}}'><\/div>\r\n\t<\/div><\/div><\/div><\/div><\/div><\/div><\/section>\n","protected":false},"excerpt":{"rendered":"The staff are fabulously friendly and welcoming without ever being anyway invasive. The rooms are a dream , really big, modern with a very comfy bed, the pool is gorgeous, WiFI works everywhere-even at the beach ! and it is fast- really fast !!. Communication with the owners was easy, they tried to help in...","protected":false},"author":1,"featured_media":682,"parent":0,"menu_order":0,"comment_status":"closed","ping_status":"closed","template":"","meta":{"footnotes":""},"class_list":["post-696","page","type-page","status-publish","has-post-thumbnail","hentry"],"yoast_head":"<!-- This site is optimized with the Yoast SEO plugin v22.4 - https:\/\/yoast.com\/wordpress\/plugins\/seo\/ -->\n<title>The Resorts - Lanka Beach<\/title>\n<meta name=\"robots\" content=\"index, follow, max-snippet:-1, max-image-preview:large, max-video-preview:-1\" \/>\n<link rel=\"canonical\" href=\"https:\/\/lankabeachresorts.com\/es\/resorts\/\" \/>\n<meta property=\"og:locale\" content=\"es_ES\" \/>\n<meta property=\"og:type\" content=\"article\" \/>\n<meta property=\"og:title\" content=\"The Resorts - Lanka Beach\" \/>\n<meta property=\"og:url\" content=\"https:\/\/lankabeachresorts.com\/es\/resorts\/\" \/>\n<meta property=\"og:site_name\" content=\"Lanka Beach\" \/>\n<meta property=\"article:modified_time\" content=\"2021-07-22T06:12:17+00:00\" \/>\n<meta property=\"og:image\" content=\"https:\/\/lankabeachresorts.com\/wp-content\/uploads\/2021\/05\/pool-to-the-sea-2.jpg\" \/>\n\t<meta property=\"og:image:width\" content=\"1920\" \/>\n\t<meta property=\"og:image:height\" content=\"1440\" \/>\n\t<meta property=\"og:image:type\" content=\"image\/jpeg\" \/>\n<meta name=\"twitter:card\" content=\"summary_large_image\" \/>\n<meta name=\"twitter:label1\" content=\"Tiempo de lectura\" \/>\n\t<meta name=\"twitter:data1\" content=\"2 minutos\" \/>\n<script type=\"application\/ld+json\" class=\"yoast-schema-graph\">{\"@context\":\"https:\/\/schema.org\",\"@graph\":[{\"@type\":\"WebPage\",\"@id\":\"https:\/\/lankabeachresorts.com\/es\/resorts\/\",\"url\":\"https:\/\/lankabeachresorts.com\/es\/resorts\/\",\"name\":\"The Resorts - Lanka Beach\",\"isPartOf\":{\"@id\":\"https:\/\/lankabeachresorts.com\/#website\"},\"primaryImageOfPage\":{\"@id\":\"https:\/\/lankabeachresorts.com\/es\/resorts\/#primaryimage\"},\"image\":{\"@id\":\"https:\/\/lankabeachresorts.com\/es\/resorts\/#primaryimage\"},\"thumbnailUrl\":\"https:\/\/lankabeachresorts.com\/wp-content\/uploads\/2021\/05\/pool-to-the-sea-2.jpg\",\"datePublished\":\"2021-05-24T20:11:13+00:00\",\"dateModified\":\"2021-07-22T06:12:17+00:00\",\"breadcrumb\":{\"@id\":\"https:\/\/lankabeachresorts.com\/es\/resorts\/#breadcrumb\"},\"inLanguage\":\"es\",\"potentialAction\":[{\"@type\":\"ReadAction\",\"target\":[\"https:\/\/lankabeachresorts.com\/es\/resorts\/\"]}]},{\"@type\":\"ImageObject\",\"inLanguage\":\"es\",\"@id\":\"https:\/\/lankabeachresorts.com\/es\/resorts\/#primaryimage\",\"url\":\"https:\/\/lankabeachresorts.com\/wp-content\/uploads\/2021\/05\/pool-to-the-sea-2.jpg\",\"contentUrl\":\"https:\/\/lankabeachresorts.com\/wp-content\/uploads\/2021\/05\/pool-to-the-sea-2.jpg\",\"width\":1920,\"height\":1440},{\"@type\":\"BreadcrumbList\",\"@id\":\"https:\/\/lankabeachresorts.com\/es\/resorts\/#breadcrumb\",\"itemListElement\":[{\"@type\":\"ListItem\",\"position\":1,\"name\":\"Home\",\"item\":\"https:\/\/lankabeachresorts.com\/es\/\"},{\"@type\":\"ListItem\",\"position\":2,\"name\":\"The Resorts\"}]},{\"@type\":\"WebSite\",\"@id\":\"https:\/\/lankabeachresorts.com\/#website\",\"url\":\"https:\/\/lankabeachresorts.com\/\",\"name\":\"Lanka Beach\",\"description\":\"Eine weitere WordPress-Website\",\"potentialAction\":[{\"@type\":\"SearchAction\",\"target\":{\"@type\":\"EntryPoint\",\"urlTemplate\":\"https:\/\/lankabeachresorts.com\/?s={search_term_string}\"},\"query-input\":\"required name=search_term_string\"}],\"inLanguage\":\"es\"}]}<\/script>\n<!-- \/ Yoast SEO plugin. -->","yoast_head_json":{"title":"The Resorts - Lanka Beach","robots":{"index":"index","follow":"follow","max-snippet":"max-snippet:-1","max-image-preview":"max-image-preview:large","max-video-preview":"max-video-preview:-1"},"canonical":"https:\/\/lankabeachresorts.com\/es\/resorts\/","og_locale":"es_ES","og_type":"article","og_title":"The Resorts - Lanka Beach","og_url":"https:\/\/lankabeachresorts.com\/es\/resorts\/","og_site_name":"Lanka Beach","article_modified_time":"2021-07-22T06:12:17+00:00","og_image":[{"width":1920,"height":1440,"url":"https:\/\/lankabeachresorts.com\/wp-content\/uploads\/2021\/05\/pool-to-the-sea-2.jpg","type":"image\/jpeg"}],"twitter_card":"summary_large_image","twitter_misc":{"Tiempo de lectura":"2 minutos"},"schema":{"@context":"https:\/\/schema.org","@graph":[{"@type":"WebPage","@id":"https:\/\/lankabeachresorts.com\/es\/resorts\/","url":"https:\/\/lankabeachresorts.com\/es\/resorts\/","name":"The Resorts - Lanka Beach","isPartOf":{"@id":"https:\/\/lankabeachresorts.com\/#website"},"primaryImageOfPage":{"@id":"https:\/\/lankabeachresorts.com\/es\/resorts\/#primaryimage"},"image":{"@id":"https:\/\/lankabeachresorts.com\/es\/resorts\/#primaryimage"},"thumbnailUrl":"https:\/\/lankabeachresorts.com\/wp-content\/uploads\/2021\/05\/pool-to-the-sea-2.jpg","datePublished":"2021-05-24T20:11:13+00:00","dateModified":"2021-07-22T06:12:17+00:00","breadcrumb":{"@id":"https:\/\/lankabeachresorts.com\/es\/resorts\/#breadcrumb"},"inLanguage":"es","potentialAction":[{"@type":"ReadAction","target":["https:\/\/lankabeachresorts.com\/es\/resorts\/"]}]},{"@type":"ImageObject","inLanguage":"es","@id":"https:\/\/lankabeachresorts.com\/es\/resorts\/#primaryimage","url":"https:\/\/lankabeachresorts.com\/wp-content\/uploads\/2021\/05\/pool-to-the-sea-2.jpg","contentUrl":"https:\/\/lankabeachresorts.com\/wp-content\/uploads\/2021\/05\/pool-to-the-sea-2.jpg","width":1920,"height":1440},{"@type":"BreadcrumbList","@id":"https:\/\/lankabeachresorts.com\/es\/resorts\/#breadcrumb","itemListElement":[{"@type":"ListItem","position":1,"name":"Home","item":"https:\/\/lankabeachresorts.com\/es\/"},{"@type":"ListItem","position":2,"name":"The Resorts"}]},{"@type":"WebSite","@id":"https:\/\/lankabeachresorts.com\/#website","url":"https:\/\/lankabeachresorts.com\/","name":"Lanka Beach","description":"Eine weitere WordPress-Website","potentialAction":[{"@type":"SearchAction","target":{"@type":"EntryPoint","urlTemplate":"https:\/\/lankabeachresorts.com\/?s={search_term_string}"},"query-input":"required name=search_term_string"}],"inLanguage":"es"}]}},"_links":{"self":[{"href":"https:\/\/lankabeachresorts.com\/es\/wp-json\/wp\/v2\/pages\/696","targetHints":{"allow":["GET"]}}],"collection":[{"href":"https:\/\/lankabeachresorts.com\/es\/wp-json\/wp\/v2\/pages"}],"about":[{"href":"https:\/\/lankabeachresorts.com\/es\/wp-json\/wp\/v2\/types\/page"}],"author":[{"embeddable":true,"href":"https:\/\/lankabeachresorts.com\/es\/wp-json\/wp\/v2\/users\/1"}],"replies":[{"embeddable":true,"href":"https:\/\/lankabeachresorts.com\/es\/wp-json\/wp\/v2\/comments?post=696"}],"version-history":[{"count":5,"href":"https:\/\/lankabeachresorts.com\/es\/wp-json\/wp\/v2\/pages\/696\/revisions"}],"predecessor-version":[{"id":918,"href":"https:\/\/lankabeachresorts.com\/es\/wp-json\/wp\/v2\/pages\/696\/revisions\/918"}],"wp:featuredmedia":[{"embeddable":true,"href":"https:\/\/lankabeachresorts.com\/es\/wp-json\/wp\/v2\/media\/682"}],"wp:attachment":[{"href":"https:\/\/lankabeachresorts.com\/es\/wp-json\/wp\/v2\/media?parent=696"}],"curies":[{"name":"wp","href":"https:\/\/api.w.org\/{rel}","templated":true}]}}