{"id":718,"date":"2021-06-17T09:49:32","date_gmt":"2021-06-17T07:49:32","guid":{"rendered":"http:\/\/lankabeachresorts.com\/bungalows\/facilities\/"},"modified":"2021-06-29T11:23:59","modified_gmt":"2021-06-29T09:23:59","slug":"facilities","status":"publish","type":"page","link":"https:\/\/lankabeachresorts.com\/es\/bungalows\/facilities\/","title":{"rendered":"Instalaciones de los bungalows"},"content":{"rendered":"<section class=\"l-section wpb_row height_medium\"><div class=\"l-section-h i-cf\"><div class=\"g-cols vc_row via_flex valign_top type_default stacking_default\"><div class=\"vc_col-sm-3\/5 wpb_column vc_column_container\"><div class=\"vc_column-inner\"><div class=\"wpb_wrapper\"><div class=\"wpb_text_column\"><div class=\"wpb_wrapper\"><p><span class=\"TextRun SCXW115733538 BCX0\" lang=\"ES-MX\" xml:lang=\"ES-MX\" data-contrast=\"auto\"><span class=\"NormalTextRun SCXW115733538 BCX0\">Su centro de vacaciones Lanka Beach\u00a0<\/span><span class=\"NormalTextRun SpellingErrorV2 SCXW115733538 BCX0\">Bungalows<\/span><span class=\"NormalTextRun SCXW115733538 BCX0\">\u00a0est\u00e1 situado justo en el tramo aislado de la playa de\u00a0<\/span><span class=\"NormalTextRun SpellingErrorV2 SCXW115733538 BCX0\">Rekawa<\/span><span class=\"NormalTextRun SCXW115733538 BCX0\">, en el sur de Sri Lanka, cerca de la animada ciudad de\u00a0<\/span><span class=\"NormalTextRun SpellingErrorV2 SCXW115733538 BCX0\">Tangalle<\/span><span class=\"NormalTextRun SCXW115733538 BCX0\">. Alejado de\u00a0<\/span><span class=\"NormalTextRun SCXW115733538 BCX0\">las \u00e1reas<\/span><span class=\"NormalTextRun SCXW115733538 BCX0\">\u00a0tur\u00edstica<\/span><span class=\"NormalTextRun SCXW115733538 BCX0\">s<\/span><span class=\"NormalTextRun SCXW115733538 BCX0\">\u00a0principal<\/span><span class=\"NormalTextRun SCXW115733538 BCX0\">es<\/span><span class=\"NormalTextRun SCXW115733538 BCX0\">, es la escapada perfecta. Nuestro complejo boutique ofrece siete amplias y modernas habitaciones con terraza o balc\u00f3n y ba\u00f1os en suite, WIFI gratuito y aire acondicionado.\u00a0<\/span><span class=\"NormalTextRun ContextualSpellingAndGrammarErrorV2 SCXW115733538 BCX0\">La tarifa incluyen<\/span><span class=\"NormalTextRun SCXW115733538 BCX0\">\u00a0un delicioso desayuno.<\/span><\/span><span class=\"EOP SCXW115733538 BCX0\" data-ccp-props=\"{&quot;201341983&quot;:0,&quot;335559739&quot;:200,&quot;335559740&quot;:276}\">\u00a0<\/span><\/p>\n<p><span class=\"TextRun SCXW118581425 BCX0\" lang=\"ES-MX\" xml:lang=\"ES-MX\" data-contrast=\"auto\"><span class=\"NormalTextRun SCXW118581425 BCX0\">Un restaurante abierto todo el d\u00eda se encuentra en primera fila con una impresionante vista al Oc\u00e9ano \u00cdndico. Rel\u00e1jese a la sombra de los alt\u00edsimos cocoteros de nuestro exuberante jard\u00edn tropical y refr\u00e9squese en la gran piscina, siempre a unos pasos de la playa de arena dorada.<\/span><\/span><span class=\"EOP SCXW118581425 BCX0\" data-ccp-props=\"{&quot;201341983&quot;:0,&quot;335559739&quot;:200,&quot;335559740&quot;:276}\">\u00a0<\/span><\/p>\n<p><span class=\"TextRun SCXW9931025 BCX0\" lang=\"ES-MX\" xml:lang=\"ES-MX\" data-contrast=\"auto\"><span class=\"NormalTextRun SCXW9931025 BCX0\">Si le apetece<\/span><span class=\"NormalTextRun SCXW9931025 BCX0\">\u00a0realizar<\/span><span class=\"NormalTextRun SCXW9931025 BCX0\">\u00a0m\u00e1s actividad<\/span><span class=\"NormalTextRun SCXW9931025 BCX0\">es<\/span><span class=\"NormalTextRun SCXW9931025 BCX0\">, reserve una excursi\u00f3n de medio d\u00eda o de un d\u00eda entero a los Parques Nacionales cercanos o a otros lugares de inter\u00e9s famosos cercanos al complejo.<\/span><\/span><span class=\"EOP SCXW9931025 BCX0\" data-ccp-props=\"{&quot;201341983&quot;:0,&quot;335559739&quot;:200,&quot;335559740&quot;:276}\">\u00a0<\/span><br \/>\n<span class=\"TextRun SCXW118376093 BCX0\" lang=\"ES-MX\" xml:lang=\"ES-MX\" data-contrast=\"auto\"><span class=\"NormalTextRun SCXW118376093 BCX0\">O simplemente explore el interior y los mercados locales en bicicleta, moto o\u00a0<\/span><span class=\"NormalTextRun SpellingErrorV2 SCXW118376093 BCX0\">tuk<\/span><span class=\"NormalTextRun SCXW118376093 BCX0\">\u00a0<\/span><span class=\"NormalTextRun SpellingErrorV2 SCXW118376093 BCX0\">tuk<\/span><span class=\"NormalTextRun SCXW118376093 BCX0\">.<\/span><\/span><span class=\"EOP SCXW118376093 BCX0\" data-ccp-props=\"{&quot;201341983&quot;:0,&quot;335559739&quot;:200,&quot;335559740&quot;:276}\">\u00a0<\/span><\/p>\n<\/div><\/div><\/div><\/div><\/div><div class=\"vc_col-sm-2\/5 wpb_column vc_column_container\"><div class=\"vc_column-inner\"><div class=\"wpb_wrapper\"><div class=\"w-slider style_none fit_scaledown\"><div class=\"w-slider-h\"><div class=\"royalSlider\"><div class=\"rsContent\"><a class=\"rsImg\" data-rsw=\"1024\" data-rsh=\"768\" href=\"https:\/\/lankabeachresorts.com\/wp-content\/uploads\/2021\/05\/double-bed-with-mosquito-nets-1024x768.jpg\"><span data-alt=\"\"><\/span><\/a><\/div><div class=\"rsContent\"><a class=\"rsImg\" data-rsw=\"1024\" data-rsh=\"682\" href=\"https:\/\/lankabeachresorts.com\/wp-content\/uploads\/2021\/05\/Welcome-swan-1024x682.jpg\"><span data-alt=\"\"><\/span><\/a><\/div><div class=\"rsContent\"><a class=\"rsImg\" data-rsw=\"1024\" data-rsh=\"685\" href=\"https:\/\/lankabeachresorts.com\/wp-content\/uploads\/2021\/05\/bathroom-mirror-1024x685.jpg\"><span data-alt=\"\"><\/span><\/a><\/div><div class=\"rsContent\"><a class=\"rsImg\" data-rsw=\"1024\" data-rsh=\"682\" href=\"https:\/\/lankabeachresorts.com\/wp-content\/uploads\/2021\/05\/Pool-2-1024x682.jpg\"><span data-alt=\"\"><\/span><\/a><\/div><div class=\"rsContent\"><a class=\"rsImg\" data-rsw=\"1024\" data-rsh=\"685\" href=\"https:\/\/lankabeachresorts.com\/wp-content\/uploads\/2021\/05\/sunbeds-1024x685.jpg\"><span data-alt=\"\"><\/span><\/a><\/div><div class=\"rsContent\"><a class=\"rsImg\" data-rsw=\"1024\" data-rsh=\"685\" href=\"https:\/\/lankabeachresorts.com\/wp-content\/uploads\/2021\/05\/lounge-area-in-resataurant-1024x685.jpg\"><span data-alt=\"\"><\/span><\/a><\/div><div class=\"rsContent\"><a class=\"rsImg\" data-rsw=\"1024\" data-rsh=\"576\" href=\"https:\/\/lankabeachresorts.com\/wp-content\/uploads\/2021\/05\/guests-1024x576.jpg\"><span data-alt=\"\"><\/span><\/a><\/div><div class=\"rsContent\"><a class=\"rsImg\" data-rsw=\"1024\" data-rsh=\"682\" href=\"https:\/\/lankabeachresorts.com\/wp-content\/uploads\/2021\/05\/inside-rest-1024x682.jpg\"><span data-alt=\"\"><\/span><\/a><\/div><div class=\"rsContent\"><a class=\"rsImg\" data-rsw=\"1024\" data-rsh=\"683\" href=\"https:\/\/lankabeachresorts.com\/wp-content\/uploads\/2021\/05\/fruits-1024x683.jpg\"><span data-alt=\"\"><\/span><\/a><\/div><div class=\"rsContent\"><a class=\"rsImg\" data-rsw=\"1024\" data-rsh=\"576\" href=\"https:\/\/lankabeachresorts.com\/wp-content\/uploads\/2021\/05\/Seafoodplatte-1024x576.jpg\"><span data-alt=\"\"><\/span><\/a><\/div><\/div><img decoding=\"async\" src=\"https:\/\/lankabeachresorts.com\/wp-content\/uploads\/2021\/05\/double-bed-with-mosquito-nets-1024x768.jpg\" width=\"1024\" height=\"768\" alt loading=\"lazy\"><\/div><div class=\"w-slider-json\" onclick='return {&quot;autoScaleSlider&quot;:true,&quot;loop&quot;:true,&quot;fadeInLoadedSlide&quot;:false,&quot;slidesSpacing&quot;:0,&quot;imageScalePadding&quot;:0,&quot;numImagesToPreload&quot;:2,&quot;arrowsNav&quot;:true,&quot;arrowsNavAutoHide&quot;:false,&quot;transitionType&quot;:&quot;move&quot;,&quot;transitionSpeed&quot;:250,&quot;block&quot;:{&quot;moveEffect&quot;:&quot;none&quot;,&quot;speed&quot;:300},&quot;thumbs&quot;:{&quot;fitInViewport&quot;:false},&quot;controlNavigation&quot;:&quot;none&quot;,&quot;autoplay&quot;:{&quot;enabled&quot;:true,&quot;pauseOnHover&quot;:true,&quot;delay&quot;:3000},&quot;imageScaleMode&quot;:&quot;fit-if-smaller&quot;,&quot;autoScaleSliderWidth&quot;:1024,&quot;autoScaleSliderHeight&quot;:768}'><\/div><\/div><div class=\"w-hwrapper us_custom_37c9ec7a valign_top wrap align_center\" style=\"--hwrapper-gap:0.5rem\"><div class=\"w-iconbox us_custom_fc32346f has_text_color iconpos_top style_default color_primary align_center no_text\"><div class=\"w-iconbox-icon\" style=\"font-size:2rem;\"><i class=\"far fa-wifi\"><\/i><\/div><div class=\"w-iconbox-meta\"><p class=\"w-iconbox-title\">Bicicleta gratis <\/p><\/div><\/div><div class=\"w-iconbox us_custom_fc32346f has_text_color iconpos_top style_default color_primary align_center no_text\"><div class=\"w-iconbox-icon\" style=\"font-size:2rem;\"><i class=\"far fa-bicycle\"><\/i><\/div><div class=\"w-iconbox-meta\"><p class=\"w-iconbox-title\">Bicicleta gratis <\/p><\/div><\/div><div class=\"w-iconbox us_custom_fc32346f has_text_color iconpos_top style_default color_primary align_center no_text\"><div class=\"w-iconbox-icon\" style=\"font-size:2rem;\"><i class=\"far fa-motorcycle\"><\/i><\/div><div class=\"w-iconbox-meta\"><p class=\"w-iconbox-title\">motos de alquiler <\/p><\/div><\/div><div class=\"w-iconbox us_custom_fc32346f has_text_color iconpos_top style_default color_primary align_center no_text\"><div class=\"w-iconbox-icon\" style=\"font-size:2rem;\"><i class=\"far fa-car\"><\/i><\/div><div class=\"w-iconbox-meta\"><p class=\"w-iconbox-title\"> Aparcamiento gratuito <\/p><\/div><\/div><div class=\"w-iconbox us_custom_fc32346f has_text_color iconpos_top style_default color_primary align_center no_text\"><div class=\"w-iconbox-icon\" style=\"font-size:2rem;\"><i class=\"far fa-map\"><\/i><\/div><div class=\"w-iconbox-meta\"><p class=\"w-iconbox-title\">Amplia gama de excursiones <\/p><\/div><\/div><div class=\"w-iconbox us_custom_fc32346f has_text_color iconpos_top style_default color_primary align_center no_text\"><div class=\"w-iconbox-icon\" style=\"font-size:2rem;\"><i class=\"far fa-bus\"><\/i><\/div><div class=\"w-iconbox-meta\"><p class=\"w-iconbox-title\">Servicio de transporte <\/p><\/div><\/div><\/div><div class=\"wpb_text_column us_custom_bff4310c has_text_color\"><div class=\"wpb_wrapper\"><p><span class=\"TextRun SCXW28946473 BCX0\" lang=\"ES-MX\" xml:lang=\"ES-MX\" data-contrast=\"auto\"><span class=\"NormalTextRun SCXW28946473 BCX0\">servicio de transporte con furgoneta, coche o\u00a0<\/span><span class=\"NormalTextRun SpellingErrorV2 SCXW28946473 BCX0\">tuk<\/span><span class=\"NormalTextRun SCXW28946473 BCX0\">\u00a0<\/span><span class=\"NormalTextRun SpellingErrorV2 SCXW28946473 BCX0\">tuk<\/span><span class=\"NormalTextRun SCXW28946473 BCX0\">\u00a0a todos los puntos de la isla<\/span><\/span><span class=\"EOP SCXW28946473 BCX0\" data-ccp-props=\"{&quot;201341983&quot;:0,&quot;335559739&quot;:200,&quot;335559740&quot;:276}\">\u00a0<\/span><\/p>\n<\/div><\/div><\/div><\/div><\/div><div class=\"vc_col-sm-12 wpb_column vc_column_container\"><div class=\"vc_column-inner us_custom_d2199d32\"><div class=\"wpb_wrapper\"><div class=\"w-hwrapper valign_top align_center\"><div class=\"w-btn-wrapper align_center\"><a class=\"w-btn us-btn-style_1 icon_atleft\" title=\"Activities\" href=\"http:\/\/lankabeachresorts.com\/activities\/\"><i class=\"far fa-arrow-right\"><\/i><span class=\"w-btn-label\">Actividades<\/span><\/a><\/div><div class=\"w-btn-wrapper align_center\"><a class=\"w-btn us-btn-style_7\" title=\"Gallery\" href=\"http:\/\/lankabeachresorts.com\/gallery\/\"><span class=\"w-btn-label\">Galer\u00eda<\/span><\/a><\/div><\/div><\/div><\/div><\/div><\/div><\/div><\/section>\n","protected":false},"excerpt":{"rendered":"Su centro de vacaciones Lanka Beach\u00a0Bungalows\u00a0est\u00e1 situado justo en el tramo aislado de la playa de\u00a0Rekawa, en el sur de Sri Lanka, cerca de la animada ciudad de\u00a0Tangalle. Alejado de\u00a0las \u00e1reas\u00a0tur\u00edsticas\u00a0principales, es la escapada perfecta. Nuestro complejo boutique ofrece siete amplias y modernas habitaciones con terraza o balc\u00f3n y ba\u00f1os en suite, WIFI gratuito y...","protected":false},"author":1,"featured_media":887,"parent":658,"menu_order":0,"comment_status":"closed","ping_status":"closed","template":"","meta":{"footnotes":""},"class_list":["post-718","page","type-page","status-publish","has-post-thumbnail","hentry"],"yoast_head":"<!-- This site is optimized with the Yoast SEO plugin v22.4 - https:\/\/yoast.com\/wordpress\/plugins\/seo\/ -->\n<title>Instalaciones de los bungalows - Lanka Beach<\/title>\n<meta name=\"robots\" content=\"index, follow, max-snippet:-1, max-image-preview:large, max-video-preview:-1\" \/>\n<link rel=\"canonical\" href=\"https:\/\/lankabeachresorts.com\/es\/bungalows\/facilities\/\" \/>\n<meta property=\"og:locale\" content=\"es_ES\" \/>\n<meta property=\"og:type\" content=\"article\" \/>\n<meta property=\"og:title\" content=\"Instalaciones de los bungalows - Lanka Beach\" \/>\n<meta property=\"og:url\" content=\"https:\/\/lankabeachresorts.com\/es\/bungalows\/facilities\/\" \/>\n<meta property=\"og:site_name\" content=\"Lanka Beach\" \/>\n<meta property=\"article:modified_time\" content=\"2021-06-29T09:23:59+00:00\" \/>\n<meta property=\"og:image\" content=\"https:\/\/lankabeachresorts.com\/wp-content\/uploads\/2021\/07\/neues-Foto-1024x682.jpg\" \/>\n\t<meta property=\"og:image:width\" content=\"1024\" \/>\n\t<meta property=\"og:image:height\" content=\"682\" \/>\n\t<meta property=\"og:image:type\" content=\"image\/jpeg\" \/>\n<meta name=\"twitter:card\" content=\"summary_large_image\" \/>\n<meta name=\"twitter:label1\" content=\"Tiempo de lectura\" \/>\n\t<meta name=\"twitter:data1\" content=\"3 minutos\" \/>\n<script type=\"application\/ld+json\" class=\"yoast-schema-graph\">{\"@context\":\"https:\/\/schema.org\",\"@graph\":[{\"@type\":\"WebPage\",\"@id\":\"https:\/\/lankabeachresorts.com\/es\/bungalows\/facilities\/\",\"url\":\"https:\/\/lankabeachresorts.com\/es\/bungalows\/facilities\/\",\"name\":\"Instalaciones de los bungalows - Lanka Beach\",\"isPartOf\":{\"@id\":\"https:\/\/lankabeachresorts.com\/#website\"},\"primaryImageOfPage\":{\"@id\":\"https:\/\/lankabeachresorts.com\/es\/bungalows\/facilities\/#primaryimage\"},\"image\":{\"@id\":\"https:\/\/lankabeachresorts.com\/es\/bungalows\/facilities\/#primaryimage\"},\"thumbnailUrl\":\"https:\/\/lankabeachresorts.com\/wp-content\/uploads\/2021\/07\/neues-Foto.jpg\",\"datePublished\":\"2021-06-17T07:49:32+00:00\",\"dateModified\":\"2021-06-29T09:23:59+00:00\",\"breadcrumb\":{\"@id\":\"https:\/\/lankabeachresorts.com\/es\/bungalows\/facilities\/#breadcrumb\"},\"inLanguage\":\"es\",\"potentialAction\":[{\"@type\":\"ReadAction\",\"target\":[\"https:\/\/lankabeachresorts.com\/es\/bungalows\/facilities\/\"]}]},{\"@type\":\"ImageObject\",\"inLanguage\":\"es\",\"@id\":\"https:\/\/lankabeachresorts.com\/es\/bungalows\/facilities\/#primaryimage\",\"url\":\"https:\/\/lankabeachresorts.com\/wp-content\/uploads\/2021\/07\/neues-Foto.jpg\",\"contentUrl\":\"https:\/\/lankabeachresorts.com\/wp-content\/uploads\/2021\/07\/neues-Foto.jpg\",\"width\":1921,\"height\":1279},{\"@type\":\"BreadcrumbList\",\"@id\":\"https:\/\/lankabeachresorts.com\/es\/bungalows\/facilities\/#breadcrumb\",\"itemListElement\":[{\"@type\":\"ListItem\",\"position\":1,\"name\":\"Home\",\"item\":\"https:\/\/lankabeachresorts.com\/es\/\"},{\"@type\":\"ListItem\",\"position\":2,\"name\":\"Bungalows\",\"item\":\"https:\/\/lankabeachresorts.com\/es\/bungalows\/\"},{\"@type\":\"ListItem\",\"position\":3,\"name\":\"Instalaciones de los bungalows\"}]},{\"@type\":\"WebSite\",\"@id\":\"https:\/\/lankabeachresorts.com\/#website\",\"url\":\"https:\/\/lankabeachresorts.com\/\",\"name\":\"Lanka Beach\",\"description\":\"Eine weitere WordPress-Website\",\"potentialAction\":[{\"@type\":\"SearchAction\",\"target\":{\"@type\":\"EntryPoint\",\"urlTemplate\":\"https:\/\/lankabeachresorts.com\/?s={search_term_string}\"},\"query-input\":\"required name=search_term_string\"}],\"inLanguage\":\"es\"}]}<\/script>\n<!-- \/ Yoast SEO plugin. -->","yoast_head_json":{"title":"Instalaciones de los bungalows - Lanka Beach","robots":{"index":"index","follow":"follow","max-snippet":"max-snippet:-1","max-image-preview":"max-image-preview:large","max-video-preview":"max-video-preview:-1"},"canonical":"https:\/\/lankabeachresorts.com\/es\/bungalows\/facilities\/","og_locale":"es_ES","og_type":"article","og_title":"Instalaciones de los bungalows - Lanka Beach","og_url":"https:\/\/lankabeachresorts.com\/es\/bungalows\/facilities\/","og_site_name":"Lanka Beach","article_modified_time":"2021-06-29T09:23:59+00:00","og_image":[{"width":1024,"height":682,"url":"https:\/\/lankabeachresorts.com\/wp-content\/uploads\/2021\/07\/neues-Foto-1024x682.jpg","type":"image\/jpeg"}],"twitter_card":"summary_large_image","twitter_misc":{"Tiempo de lectura":"3 minutos"},"schema":{"@context":"https:\/\/schema.org","@graph":[{"@type":"WebPage","@id":"https:\/\/lankabeachresorts.com\/es\/bungalows\/facilities\/","url":"https:\/\/lankabeachresorts.com\/es\/bungalows\/facilities\/","name":"Instalaciones de los bungalows - Lanka Beach","isPartOf":{"@id":"https:\/\/lankabeachresorts.com\/#website"},"primaryImageOfPage":{"@id":"https:\/\/lankabeachresorts.com\/es\/bungalows\/facilities\/#primaryimage"},"image":{"@id":"https:\/\/lankabeachresorts.com\/es\/bungalows\/facilities\/#primaryimage"},"thumbnailUrl":"https:\/\/lankabeachresorts.com\/wp-content\/uploads\/2021\/07\/neues-Foto.jpg","datePublished":"2021-06-17T07:49:32+00:00","dateModified":"2021-06-29T09:23:59+00:00","breadcrumb":{"@id":"https:\/\/lankabeachresorts.com\/es\/bungalows\/facilities\/#breadcrumb"},"inLanguage":"es","potentialAction":[{"@type":"ReadAction","target":["https:\/\/lankabeachresorts.com\/es\/bungalows\/facilities\/"]}]},{"@type":"ImageObject","inLanguage":"es","@id":"https:\/\/lankabeachresorts.com\/es\/bungalows\/facilities\/#primaryimage","url":"https:\/\/lankabeachresorts.com\/wp-content\/uploads\/2021\/07\/neues-Foto.jpg","contentUrl":"https:\/\/lankabeachresorts.com\/wp-content\/uploads\/2021\/07\/neues-Foto.jpg","width":1921,"height":1279},{"@type":"BreadcrumbList","@id":"https:\/\/lankabeachresorts.com\/es\/bungalows\/facilities\/#breadcrumb","itemListElement":[{"@type":"ListItem","position":1,"name":"Home","item":"https:\/\/lankabeachresorts.com\/es\/"},{"@type":"ListItem","position":2,"name":"Bungalows","item":"https:\/\/lankabeachresorts.com\/es\/bungalows\/"},{"@type":"ListItem","position":3,"name":"Instalaciones de los bungalows"}]},{"@type":"WebSite","@id":"https:\/\/lankabeachresorts.com\/#website","url":"https:\/\/lankabeachresorts.com\/","name":"Lanka Beach","description":"Eine weitere WordPress-Website","potentialAction":[{"@type":"SearchAction","target":{"@type":"EntryPoint","urlTemplate":"https:\/\/lankabeachresorts.com\/?s={search_term_string}"},"query-input":"required name=search_term_string"}],"inLanguage":"es"}]}},"_links":{"self":[{"href":"https:\/\/lankabeachresorts.com\/es\/wp-json\/wp\/v2\/pages\/718","targetHints":{"allow":["GET"]}}],"collection":[{"href":"https:\/\/lankabeachresorts.com\/es\/wp-json\/wp\/v2\/pages"}],"about":[{"href":"https:\/\/lankabeachresorts.com\/es\/wp-json\/wp\/v2\/types\/page"}],"author":[{"embeddable":true,"href":"https:\/\/lankabeachresorts.com\/es\/wp-json\/wp\/v2\/users\/1"}],"replies":[{"embeddable":true,"href":"https:\/\/lankabeachresorts.com\/es\/wp-json\/wp\/v2\/comments?post=718"}],"version-history":[{"count":3,"href":"https:\/\/lankabeachresorts.com\/es\/wp-json\/wp\/v2\/pages\/718\/revisions"}],"predecessor-version":[{"id":731,"href":"https:\/\/lankabeachresorts.com\/es\/wp-json\/wp\/v2\/pages\/718\/revisions\/731"}],"up":[{"embeddable":true,"href":"https:\/\/lankabeachresorts.com\/es\/wp-json\/wp\/v2\/pages\/658"}],"wp:featuredmedia":[{"embeddable":true,"href":"https:\/\/lankabeachresorts.com\/es\/wp-json\/wp\/v2\/media\/887"}],"wp:attachment":[{"href":"https:\/\/lankabeachresorts.com\/es\/wp-json\/wp\/v2\/media?parent=718"}],"curies":[{"name":"wp","href":"https:\/\/api.w.org\/{rel}","templated":true}]}}