{"id":738,"date":"2021-05-24T21:58:21","date_gmt":"2021-05-24T19:58:21","guid":{"rendered":"http:\/\/lankabeachresorts.com\/villa\/facilities\/"},"modified":"2021-06-29T13:00:07","modified_gmt":"2021-06-29T11:00:07","slug":"facilities","status":"publish","type":"page","link":"https:\/\/lankabeachresorts.com\/es\/villa\/facilities\/","title":{"rendered":"Instalaciones de la villa"},"content":{"rendered":"<section class=\"l-section wpb_row height_medium\"><div class=\"l-section-h i-cf\"><div class=\"g-cols vc_row via_flex valign_top type_default stacking_default\"><div class=\"vc_col-sm-3\/5 wpb_column vc_column_container\"><div class=\"vc_column-inner\"><div class=\"wpb_wrapper\"><div class=\"wpb_text_column\"><div class=\"wpb_wrapper\"><p><span class=\"TextRun SCXW62794164 BCX0\" lang=\"ES-MX\" xml:lang=\"ES-MX\" data-contrast=\"auto\"><span class=\"NormalTextRun SCXW62794164 BCX0\">Su\u00a0<\/span><span class=\"NormalTextRun SCXW62794164 BCX0\">hogar vacacional<\/span><span class=\"NormalTextRun SCXW62794164 BCX0\">\u00a0est\u00e1 equipad<\/span><span class=\"NormalTextRun SCXW62794164 BCX0\">o<\/span><span class=\"NormalTextRun SCXW62794164 BCX0\">\u00a0con cuatro dormitorios, situados en dos plantas. Cada dormitorio\u00a0<\/span><span class=\"NormalTextRun SCXW62794164 BCX0\">cuenta con<\/span><span class=\"NormalTextRun SCXW62794164 BCX0\">\u00a0un ba\u00f1o en suite y acceso a un balc\u00f3n o a nuestra gran terraza.<\/span><\/span><span class=\"EOP SCXW62794164 BCX0\" data-ccp-props=\"{&quot;201341983&quot;:0,&quot;335559739&quot;:200,&quot;335559740&quot;:276}\">\u00a0<\/span><\/p>\n<p><span class=\"TextRun SCXW62184587 BCX0\" lang=\"ES-MX\" xml:lang=\"ES-MX\" data-contrast=\"auto\"><span class=\"NormalTextRun SCXW62184587 BCX0\">Todas las habitaciones est\u00e1n amuebladas con muebles de madera de teca hechos a mano, cajas fuertes y cuentan -adem\u00e1s de suelos de parqu\u00e9 y alfombras de primera calidad- con mosquiteras, aire acondicionado y ventilador.<\/span><\/span><span class=\"EOP SCXW62184587 BCX0\" data-ccp-props=\"{&quot;201341983&quot;:0,&quot;335559739&quot;:200,&quot;335559740&quot;:276}\">\u00a0<\/span><\/p>\n<p><span class=\"TextRun SCXW34008170 BCX0\" lang=\"ES-MX\" xml:lang=\"ES-MX\" data-contrast=\"auto\"><span class=\"NormalTextRun SCXW34008170 BCX0\">La pieza central de\u00a0<\/span><span class=\"NormalTextRun SCXW34008170 BCX0\">nuestro hogar<\/span><span class=\"NormalTextRun SCXW34008170 BCX0\">\u00a0es un elemento muy t\u00edpico de Sri Lanka: un hermoso patio interior con una fuente, plantas tropicales y un banco.<\/span><\/span><span class=\"EOP SCXW34008170 BCX0\" data-ccp-props=\"{&quot;201341983&quot;:0,&quot;335559739&quot;:200,&quot;335559740&quot;:276}\">\u00a0<\/span><\/p>\n<p><span class=\"TextRun SCXW214172356 BCX0\" lang=\"ES-MX\" xml:lang=\"ES-MX\" data-contrast=\"auto\"><span class=\"NormalTextRun SCXW214172356 BCX0\">El sal\u00f3n est\u00e1 amueblado con un acogedor sof\u00e1 y cuenta con televisi\u00f3n por sat\u00e9lite y radio por Internet. Hay Internet WIFI r\u00e1pido en todas las habitaciones de la casa, de forma gratuita.<\/span><\/span><span class=\"EOP SCXW214172356 BCX0\" data-ccp-props=\"{&quot;201341983&quot;:0,&quot;335559739&quot;:200,&quot;335559740&quot;:276}\">\u00a0<\/span><\/p>\n<p><span class=\"TextRun SCXW14349513 BCX0\" lang=\"ES-MX\" xml:lang=\"ES-MX\" data-contrast=\"auto\"><span class=\"NormalTextRun SCXW14349513 BCX0\">La cocina totalmente equipada, que se encuentra junto a la sala de estar, dispone de un fregadero, un frigor\u00edfico, una batidora, una cocina de gas, una tostadora y un hervidor el\u00e9ctrico. Se proporciona agua potable gratuita.<\/span><\/span><span class=\"EOP SCXW14349513 BCX0\" data-ccp-props=\"{&quot;201341983&quot;:0,&quot;335559739&quot;:200,&quot;335559740&quot;:276}\">\u00a0<\/span><\/p>\n<p><span class=\"TextRun SCXW57405113 BCX0\" lang=\"ES-MX\" xml:lang=\"ES-MX\" data-contrast=\"auto\"><span class=\"NormalTextRun SCXW57405113 BCX0\">La amplia terraza cuenta con un gran sof\u00e1 y un juego de comedor de madera de teca. Disfrute de las fant\u00e1sticas vistas de la amplia zona de la piscina, el jard\u00edn y el mar cercano. Hay mucho espacio para relajarse y desconectar<\/span><span class=\"NormalTextRun SCXW57405113 BCX0\">se<\/span><span class=\"NormalTextRun SCXW57405113 BCX0\">, ya sea en la terraza de la piscina o en el sombreado palmeral.<\/span><\/span><span class=\"EOP SCXW57405113 BCX0\" data-ccp-props=\"{&quot;201341983&quot;:0,&quot;335559739&quot;:200,&quot;335559740&quot;:276}\">\u00a0<\/span><\/p>\n<p><span class=\"TextRun SCXW111839455 BCX0\" lang=\"ES-MX\" xml:lang=\"ES-MX\" data-contrast=\"auto\"><span class=\"NormalTextRun SCXW111839455 BCX0\">El desayuno no est\u00e1 incluido en el precio, pero puede\u00a0<\/span><span class=\"NormalTextRun SCXW111839455 BCX0\">solicitarse<\/span><span class=\"NormalTextRun SCXW111839455 BCX0\">\u00a0por 5 euros por persona y\u00a0<\/span><span class=\"NormalTextRun SCXW111839455 BCX0\">cada\u00a0<\/span><span class=\"NormalTextRun SCXW111839455 BCX0\">d\u00eda y se servir\u00e1 en su terraza privada. Y cualquier otra comida o bebida puede servirse en nuestro restaurante del complejo de\u00a0<\/span><span class=\"NormalTextRun SpellingErrorV2 SCXW111839455 BCX0\">bungalows<\/span><span class=\"NormalTextRun SCXW111839455 BCX0\">\u00a0que est\u00e1 justo al lado.<\/span><\/span><span class=\"EOP SCXW111839455 BCX0\" data-ccp-props=\"{&quot;201341983&quot;:0,&quot;335559739&quot;:200,&quot;335559740&quot;:276}\">\u00a0<\/span><\/p>\n<\/div><\/div><\/div><\/div><\/div><div class=\"vc_col-sm-2\/5 wpb_column vc_column_container\"><div class=\"vc_column-inner\"><div class=\"wpb_wrapper\"><div class=\"w-slider style_none fit_scaledown\"><div class=\"w-slider-h\"><div class=\"royalSlider\"><div class=\"rsContent\"><a class=\"rsImg\" data-rsw=\"1024\" data-rsh=\"678\" href=\"https:\/\/lankabeachresorts.com\/wp-content\/uploads\/2021\/05\/Bed-room-3-2-1024x678.jpg\"><span data-alt=\"\"><\/span><\/a><\/div><div class=\"rsContent\"><a class=\"rsImg\" data-rsw=\"1024\" data-rsh=\"683\" href=\"https:\/\/lankabeachresorts.com\/wp-content\/uploads\/2021\/05\/Living-room-kitchen-1024x683.jpg\"><span data-alt=\"\"><\/span><\/a><\/div><div class=\"rsContent\"><a class=\"rsImg\" data-rsw=\"1024\" data-rsh=\"682\" href=\"https:\/\/lankabeachresorts.com\/wp-content\/uploads\/2021\/05\/Balcony-2-1024x682.jpg\"><span data-alt=\"\"><\/span><\/a><\/div><div class=\"rsContent\"><a class=\"rsImg\" data-rsw=\"1024\" data-rsh=\"576\" href=\"https:\/\/lankabeachresorts.com\/wp-content\/uploads\/2021\/05\/Kitchen-2-1024x576.jpg\"><span data-alt=\"\"><\/span><\/a><\/div><div class=\"rsContent\"><a class=\"rsImg\" data-rsw=\"1024\" data-rsh=\"682\" href=\"https:\/\/lankabeachresorts.com\/wp-content\/uploads\/2021\/05\/Honey-moon-1024x682.jpg\"><span data-alt=\"\"><\/span><\/a><\/div><div class=\"rsContent\"><a class=\"rsImg\" data-rsw=\"1024\" data-rsh=\"685\" href=\"https:\/\/lankabeachresorts.com\/wp-content\/uploads\/2021\/05\/Masterbathroom-2-1024x685.jpg\"><span data-alt=\"\"><\/span><\/a><\/div><div class=\"rsContent\"><a class=\"rsImg\" data-rsw=\"1024\" data-rsh=\"682\" href=\"https:\/\/lankabeachresorts.com\/wp-content\/uploads\/2021\/05\/Pool-2-1-1024x682.jpg\"><span data-alt=\"\"><\/span><\/a><\/div><\/div><img decoding=\"async\" src=\"https:\/\/lankabeachresorts.com\/wp-content\/uploads\/2021\/05\/Bed-room-3-2-1024x678.jpg\" width=\"1024\" height=\"678\" alt loading=\"lazy\"><\/div><div class=\"w-slider-json\" onclick='return {&quot;autoScaleSlider&quot;:true,&quot;loop&quot;:true,&quot;fadeInLoadedSlide&quot;:false,&quot;slidesSpacing&quot;:0,&quot;imageScalePadding&quot;:0,&quot;numImagesToPreload&quot;:2,&quot;arrowsNav&quot;:true,&quot;arrowsNavAutoHide&quot;:false,&quot;transitionType&quot;:&quot;move&quot;,&quot;transitionSpeed&quot;:250,&quot;block&quot;:{&quot;moveEffect&quot;:&quot;none&quot;,&quot;speed&quot;:300},&quot;thumbs&quot;:{&quot;fitInViewport&quot;:false},&quot;controlNavigation&quot;:&quot;none&quot;,&quot;autoplay&quot;:{&quot;enabled&quot;:true,&quot;pauseOnHover&quot;:true,&quot;delay&quot;:3000},&quot;imageScaleMode&quot;:&quot;fit-if-smaller&quot;,&quot;autoScaleSliderWidth&quot;:1024,&quot;autoScaleSliderHeight&quot;:678}'><\/div><\/div><div class=\"w-hwrapper us_custom_37c9ec7a valign_top align_center\" style=\"--hwrapper-gap:0.5rem\"><div class=\"w-iconbox us_custom_fc32346f has_text_color iconpos_top style_default color_primary align_center no_text\"><div class=\"w-iconbox-icon\" style=\"font-size:2rem;\"><i class=\"far fa-umbrella-beach\"><\/i><\/div><div class=\"w-iconbox-meta\"><p class=\"w-iconbox-title\">en la playa <\/p><\/div><\/div><div class=\"w-iconbox us_custom_fc32346f has_text_color iconpos_top style_default color_primary align_center no_text\"><div class=\"w-iconbox-icon\" style=\"font-size:2rem;\"><i class=\"far fa-wifi\"><\/i><\/div><div class=\"w-iconbox-meta\"><p class=\"w-iconbox-title\">Wifi gratuito <\/p><\/div><\/div><div class=\"w-iconbox us_custom_fc32346f has_text_color iconpos_top style_default color_primary align_center no_text\"><div class=\"w-iconbox-icon\" style=\"font-size:2rem;\"><i class=\"far fa-car\"><\/i><\/div><div class=\"w-iconbox-meta\"><p class=\"w-iconbox-title\">Aparcamiento gratuito<\/p><\/div><\/div><div class=\"w-iconbox us_custom_fc32346f has_text_color iconpos_top style_default color_primary align_center no_text\"><div class=\"w-iconbox-icon\" style=\"font-size:2rem;\"><i class=\"far fa-bicycle\"><\/i><\/div><div class=\"w-iconbox-meta\"><p class=\"w-iconbox-title\">Bicicleta gratis <\/p><\/div><\/div><div class=\"w-iconbox us_custom_fc32346f has_text_color iconpos_top style_default color_primary align_center no_text\"><div class=\"w-iconbox-icon\" style=\"font-size:2rem;\"><i class=\"far fa-bus\"><\/i><\/div><div class=\"w-iconbox-meta\"><p class=\"w-iconbox-title\">Servicio de transporte <\/p><\/div><\/div><\/div><\/div><\/div><\/div><div class=\"vc_col-sm-12 wpb_column vc_column_container\"><div class=\"vc_column-inner us_custom_d2199d32\"><div class=\"wpb_wrapper\"><div class=\"w-hwrapper valign_top align_center\"><div class=\"w-btn-wrapper align_center\"><a class=\"w-btn us-btn-style_1 icon_atleft\" title=\"Activities\" href=\"http:\/\/lankabeachresorts.com\/activities\/\"><i class=\"far fa-arrow-right\"><\/i><span class=\"w-btn-label\">Actividades<\/span><\/a><\/div><div class=\"w-btn-wrapper align_center\"><a class=\"w-btn us-btn-style_7\" title=\"Gallery\" href=\"http:\/\/lankabeachresorts.com\/gallery\/\"><span class=\"w-btn-label\">Galer\u00eda<\/span><\/a><\/div><\/div><\/div><\/div><\/div><\/div><\/div><\/section>\n","protected":false},"excerpt":{"rendered":"Su\u00a0hogar vacacional\u00a0est\u00e1 equipado\u00a0con cuatro dormitorios, situados en dos plantas. Cada dormitorio\u00a0cuenta con\u00a0un ba\u00f1o en suite y acceso a un balc\u00f3n o a nuestra gran terraza.\u00a0 Todas las habitaciones est\u00e1n amuebladas con muebles de madera de teca hechos a mano, cajas fuertes y cuentan -adem\u00e1s de suelos de parqu\u00e9 y alfombras de primera calidad- con mosquiteras,...","protected":false},"author":1,"featured_media":739,"parent":662,"menu_order":0,"comment_status":"closed","ping_status":"closed","template":"","meta":{"footnotes":""},"class_list":["post-738","page","type-page","status-publish","has-post-thumbnail","hentry"],"yoast_head":"<!-- This site is optimized with the Yoast SEO plugin v22.4 - https:\/\/yoast.com\/wordpress\/plugins\/seo\/ -->\n<title>Instalaciones de la villa - Lanka Beach<\/title>\n<meta name=\"robots\" content=\"index, follow, max-snippet:-1, max-image-preview:large, max-video-preview:-1\" \/>\n<link rel=\"canonical\" href=\"https:\/\/lankabeachresorts.com\/es\/villa\/facilities\/\" \/>\n<meta property=\"og:locale\" content=\"es_ES\" \/>\n<meta property=\"og:type\" content=\"article\" \/>\n<meta property=\"og:title\" content=\"Instalaciones de la villa - Lanka Beach\" \/>\n<meta property=\"og:url\" content=\"https:\/\/lankabeachresorts.com\/es\/villa\/facilities\/\" \/>\n<meta property=\"og:site_name\" content=\"Lanka Beach\" \/>\n<meta property=\"article:modified_time\" content=\"2021-06-29T11:00:07+00:00\" \/>\n<meta property=\"og:image\" content=\"https:\/\/lankabeachresorts.com\/wp-content\/uploads\/2021\/05\/Terrace.jpg\" \/>\n\t<meta property=\"og:image:width\" content=\"1920\" \/>\n\t<meta property=\"og:image:height\" content=\"1285\" \/>\n\t<meta property=\"og:image:type\" content=\"image\/jpeg\" \/>\n<meta name=\"twitter:card\" content=\"summary_large_image\" \/>\n<meta name=\"twitter:label1\" content=\"Tiempo de lectura\" \/>\n\t<meta name=\"twitter:data1\" content=\"3 minutos\" \/>\n<script type=\"application\/ld+json\" class=\"yoast-schema-graph\">{\"@context\":\"https:\/\/schema.org\",\"@graph\":[{\"@type\":\"WebPage\",\"@id\":\"https:\/\/lankabeachresorts.com\/es\/villa\/facilities\/\",\"url\":\"https:\/\/lankabeachresorts.com\/es\/villa\/facilities\/\",\"name\":\"Instalaciones de la villa - Lanka Beach\",\"isPartOf\":{\"@id\":\"https:\/\/lankabeachresorts.com\/#website\"},\"primaryImageOfPage\":{\"@id\":\"https:\/\/lankabeachresorts.com\/es\/villa\/facilities\/#primaryimage\"},\"image\":{\"@id\":\"https:\/\/lankabeachresorts.com\/es\/villa\/facilities\/#primaryimage\"},\"thumbnailUrl\":\"https:\/\/lankabeachresorts.com\/wp-content\/uploads\/2021\/05\/Terrace.jpg\",\"datePublished\":\"2021-05-24T19:58:21+00:00\",\"dateModified\":\"2021-06-29T11:00:07+00:00\",\"breadcrumb\":{\"@id\":\"https:\/\/lankabeachresorts.com\/es\/villa\/facilities\/#breadcrumb\"},\"inLanguage\":\"es\",\"potentialAction\":[{\"@type\":\"ReadAction\",\"target\":[\"https:\/\/lankabeachresorts.com\/es\/villa\/facilities\/\"]}]},{\"@type\":\"ImageObject\",\"inLanguage\":\"es\",\"@id\":\"https:\/\/lankabeachresorts.com\/es\/villa\/facilities\/#primaryimage\",\"url\":\"https:\/\/lankabeachresorts.com\/wp-content\/uploads\/2021\/05\/Terrace.jpg\",\"contentUrl\":\"https:\/\/lankabeachresorts.com\/wp-content\/uploads\/2021\/05\/Terrace.jpg\",\"width\":1920,\"height\":1285},{\"@type\":\"BreadcrumbList\",\"@id\":\"https:\/\/lankabeachresorts.com\/es\/villa\/facilities\/#breadcrumb\",\"itemListElement\":[{\"@type\":\"ListItem\",\"position\":1,\"name\":\"Home\",\"item\":\"https:\/\/lankabeachresorts.com\/es\/\"},{\"@type\":\"ListItem\",\"position\":2,\"name\":\"Villa\",\"item\":\"https:\/\/lankabeachresorts.com\/es\/villa\/\"},{\"@type\":\"ListItem\",\"position\":3,\"name\":\"Instalaciones de la villa\"}]},{\"@type\":\"WebSite\",\"@id\":\"https:\/\/lankabeachresorts.com\/#website\",\"url\":\"https:\/\/lankabeachresorts.com\/\",\"name\":\"Lanka Beach\",\"description\":\"Eine weitere WordPress-Website\",\"potentialAction\":[{\"@type\":\"SearchAction\",\"target\":{\"@type\":\"EntryPoint\",\"urlTemplate\":\"https:\/\/lankabeachresorts.com\/?s={search_term_string}\"},\"query-input\":\"required name=search_term_string\"}],\"inLanguage\":\"es\"}]}<\/script>\n<!-- \/ Yoast SEO plugin. -->","yoast_head_json":{"title":"Instalaciones de la villa - Lanka Beach","robots":{"index":"index","follow":"follow","max-snippet":"max-snippet:-1","max-image-preview":"max-image-preview:large","max-video-preview":"max-video-preview:-1"},"canonical":"https:\/\/lankabeachresorts.com\/es\/villa\/facilities\/","og_locale":"es_ES","og_type":"article","og_title":"Instalaciones de la villa - Lanka Beach","og_url":"https:\/\/lankabeachresorts.com\/es\/villa\/facilities\/","og_site_name":"Lanka Beach","article_modified_time":"2021-06-29T11:00:07+00:00","og_image":[{"width":1920,"height":1285,"url":"https:\/\/lankabeachresorts.com\/wp-content\/uploads\/2021\/05\/Terrace.jpg","type":"image\/jpeg"}],"twitter_card":"summary_large_image","twitter_misc":{"Tiempo de lectura":"3 minutos"},"schema":{"@context":"https:\/\/schema.org","@graph":[{"@type":"WebPage","@id":"https:\/\/lankabeachresorts.com\/es\/villa\/facilities\/","url":"https:\/\/lankabeachresorts.com\/es\/villa\/facilities\/","name":"Instalaciones de la villa - Lanka Beach","isPartOf":{"@id":"https:\/\/lankabeachresorts.com\/#website"},"primaryImageOfPage":{"@id":"https:\/\/lankabeachresorts.com\/es\/villa\/facilities\/#primaryimage"},"image":{"@id":"https:\/\/lankabeachresorts.com\/es\/villa\/facilities\/#primaryimage"},"thumbnailUrl":"https:\/\/lankabeachresorts.com\/wp-content\/uploads\/2021\/05\/Terrace.jpg","datePublished":"2021-05-24T19:58:21+00:00","dateModified":"2021-06-29T11:00:07+00:00","breadcrumb":{"@id":"https:\/\/lankabeachresorts.com\/es\/villa\/facilities\/#breadcrumb"},"inLanguage":"es","potentialAction":[{"@type":"ReadAction","target":["https:\/\/lankabeachresorts.com\/es\/villa\/facilities\/"]}]},{"@type":"ImageObject","inLanguage":"es","@id":"https:\/\/lankabeachresorts.com\/es\/villa\/facilities\/#primaryimage","url":"https:\/\/lankabeachresorts.com\/wp-content\/uploads\/2021\/05\/Terrace.jpg","contentUrl":"https:\/\/lankabeachresorts.com\/wp-content\/uploads\/2021\/05\/Terrace.jpg","width":1920,"height":1285},{"@type":"BreadcrumbList","@id":"https:\/\/lankabeachresorts.com\/es\/villa\/facilities\/#breadcrumb","itemListElement":[{"@type":"ListItem","position":1,"name":"Home","item":"https:\/\/lankabeachresorts.com\/es\/"},{"@type":"ListItem","position":2,"name":"Villa","item":"https:\/\/lankabeachresorts.com\/es\/villa\/"},{"@type":"ListItem","position":3,"name":"Instalaciones de la villa"}]},{"@type":"WebSite","@id":"https:\/\/lankabeachresorts.com\/#website","url":"https:\/\/lankabeachresorts.com\/","name":"Lanka Beach","description":"Eine weitere WordPress-Website","potentialAction":[{"@type":"SearchAction","target":{"@type":"EntryPoint","urlTemplate":"https:\/\/lankabeachresorts.com\/?s={search_term_string}"},"query-input":"required name=search_term_string"}],"inLanguage":"es"}]}},"_links":{"self":[{"href":"https:\/\/lankabeachresorts.com\/es\/wp-json\/wp\/v2\/pages\/738","targetHints":{"allow":["GET"]}}],"collection":[{"href":"https:\/\/lankabeachresorts.com\/es\/wp-json\/wp\/v2\/pages"}],"about":[{"href":"https:\/\/lankabeachresorts.com\/es\/wp-json\/wp\/v2\/types\/page"}],"author":[{"embeddable":true,"href":"https:\/\/lankabeachresorts.com\/es\/wp-json\/wp\/v2\/users\/1"}],"replies":[{"embeddable":true,"href":"https:\/\/lankabeachresorts.com\/es\/wp-json\/wp\/v2\/comments?post=738"}],"version-history":[{"count":3,"href":"https:\/\/lankabeachresorts.com\/es\/wp-json\/wp\/v2\/pages\/738\/revisions"}],"predecessor-version":[{"id":751,"href":"https:\/\/lankabeachresorts.com\/es\/wp-json\/wp\/v2\/pages\/738\/revisions\/751"}],"up":[{"embeddable":true,"href":"https:\/\/lankabeachresorts.com\/es\/wp-json\/wp\/v2\/pages\/662"}],"wp:featuredmedia":[{"embeddable":true,"href":"https:\/\/lankabeachresorts.com\/es\/wp-json\/wp\/v2\/media\/739"}],"wp:attachment":[{"href":"https:\/\/lankabeachresorts.com\/es\/wp-json\/wp\/v2\/media?parent=738"}],"curies":[{"name":"wp","href":"https:\/\/api.w.org\/{rel}","templated":true}]}}