{"id":825,"date":"2021-05-12T15:59:16","date_gmt":"2021-05-12T13:59:16","guid":{"rendered":"http:\/\/lankabeachresorts.com\/lanka-beach\/"},"modified":"2021-06-30T13:47:23","modified_gmt":"2021-06-30T11:47:23","slug":"lanka-beach","status":"publish","type":"page","link":"https:\/\/lankabeachresorts.com\/es\/","title":{"rendered":"Lanka Beach"},"content":{"rendered":"<section class=\"l-section wpb_row us_custom_fdcab3db height_auto width_full\"><div class=\"l-section-h i-cf\"><div class=\"g-cols vc_row via_flex valign_top type_default stacking_default\"><div class=\"vc_col-sm-12 wpb_column vc_column_container\"><div class=\"vc_column-inner\"><div class=\"wpb_wrapper\">\n\t\t\t<!-- START Main REVOLUTION SLIDER 6.6.15 --><p class=\"rs-p-wp-fix\"><\/p>\n\t\t\t<rs-module-wrap id=\"rev_slider_1_1_wrapper\" data-source=\"gallery\" style=\"visibility:hidden;background:#6b6b6b;padding:0;margin:0px auto;margin-top:0;margin-bottom:0;\">\n\t\t\t\t<rs-module id=\"rev_slider_1_1\" style=\"\" data-version=\"6.6.15\">\n\t\t\t\t\t<rs-slides style=\"overflow: hidden; position: absolute;\">\n\t\t\t\t\t\t<rs-slide style=\"position: absolute;\" data-key=\"rs-1\" data-title=\"Slide\" data-anim=\"adpr:false;\" data-in=\"o:0;\" data-out=\"a:false;\">\n\t\t\t\t\t\t\t<img decoding=\"async\" src=\"\/\/lankabeachresorts.com\/wp-content\/plugins\/revslider\/public\/assets\/assets\/dummy.png\" alt=\"Slide\" title=\"Lanka Beach\" class=\"rev-slidebg tp-rs-img rs-lazyload\" data-lazyload=\"\/\/lankabeachresorts.com\/wp-content\/plugins\/revslider\/public\/assets\/assets\/transparent.png\" data-no-retina>\n<!--\n\t\t\t\t\t\t\t--><rs-layer\n\t\t\t\t\t\t\t\tid=\"slider-1-slide-1-layer-5\" \n\t\t\t\t\t\t\t\tdata-type=\"shape\"\n\t\t\t\t\t\t\t\tdata-xy=\"x:c;y:c;\"\n\t\t\t\t\t\t\t\tdata-text=\"w:normal;\"\n\t\t\t\t\t\t\t\tdata-dim=\"w:100%;h:100%;\"\n\t\t\t\t\t\t\t\tdata-rsp_o=\"off\"\n\t\t\t\t\t\t\t\tdata-rsp_bd=\"off\"\n\t\t\t\t\t\t\t\tdata-frame_999=\"o:0;st:w;\"\n\t\t\t\t\t\t\t\tstyle=\"z-index:5;background-color:rgba(0,0,0,0);\"\n\t\t\t\t\t\t\t><rs-bg-elem style=\"background: url('\/\/lankabeachresorts.com\/wp-content\/uploads\/2021\/05\/pool-to-sea.jpg') no-repeat center center; background-size: cover;\"><\/rs-bg-elem>\n \n\t\t\t\t\t\t\t<\/rs-layer><!--\n-->\t\t\t\t\t\t<\/rs-slide>\n\t\t\t\t\t\t<rs-slide style=\"position: absolute;\" data-key=\"rs-3\" data-title=\"Slide\" data-anim=\"adpr:false;\" data-in=\"o:0;\" data-out=\"a:false;\">\n\t\t\t\t\t\t\t<img decoding=\"async\" src=\"\/\/lankabeachresorts.com\/wp-content\/plugins\/revslider\/public\/assets\/assets\/dummy.png\" alt=\"Slide\" title=\"Lanka Beach\" class=\"rev-slidebg tp-rs-img rs-lazyload\" data-lazyload=\"\/\/lankabeachresorts.com\/wp-content\/plugins\/revslider\/public\/assets\/assets\/transparent.png\" data-no-retina>\n<!--\n\t\t\t\t\t\t\t--><rs-layer\n\t\t\t\t\t\t\t\tid=\"slider-1-slide-3-layer-7\" \n\t\t\t\t\t\t\t\tdata-type=\"image\"\n\t\t\t\t\t\t\t\tdata-xy=\"x:c;y:c;\"\n\t\t\t\t\t\t\t\tdata-text=\"w:normal;\"\n\t\t\t\t\t\t\t\tdata-rsp_o=\"off\"\n\t\t\t\t\t\t\t\tdata-rsp_bd=\"off\"\n\t\t\t\t\t\t\t\tdata-frame_999=\"o:0;st:w;\"\n\t\t\t\t\t\t\t\tstyle=\"z-index:5;\"\n\t\t\t\t\t\t\t><img decoding=\"async\" src=\"\/\/lankabeachresorts.com\/wp-content\/plugins\/revslider\/public\/assets\/assets\/dummy.png\" alt=\"\" class=\"tp-rs-img rs-lazyload\" width=\"1920\" height=\"1284\" data-lazyload=\"\/\/lankabeachresorts.com\/wp-content\/uploads\/2021\/05\/beach-East.jpg\" data-no-retina> \n\t\t\t\t\t\t\t<\/rs-layer><!--\n-->\t\t\t\t\t\t<\/rs-slide>\n\t\t\t\t\t\t<rs-slide style=\"position: absolute;\" data-key=\"rs-4\" data-title=\"Slide\" data-anim=\"adpr:false;\" data-in=\"o:0;\" data-out=\"a:false;\">\n\t\t\t\t\t\t\t<img decoding=\"async\" src=\"\/\/lankabeachresorts.com\/wp-content\/plugins\/revslider\/public\/assets\/assets\/dummy.png\" alt=\"Slide\" title=\"Lanka Beach\" class=\"rev-slidebg tp-rs-img rs-lazyload\" data-lazyload=\"\/\/lankabeachresorts.com\/wp-content\/plugins\/revslider\/public\/assets\/assets\/transparent.png\" data-no-retina>\n<!--\n\t\t\t\t\t\t\t--><rs-layer\n\t\t\t\t\t\t\t\tid=\"slider-1-slide-4-layer-8\" \n\t\t\t\t\t\t\t\tdata-type=\"image\"\n\t\t\t\t\t\t\t\tdata-xy=\"x:c;y:c;\"\n\t\t\t\t\t\t\t\tdata-text=\"w:normal;\"\n\t\t\t\t\t\t\t\tdata-rsp_o=\"off\"\n\t\t\t\t\t\t\t\tdata-rsp_bd=\"off\"\n\t\t\t\t\t\t\t\tdata-frame_999=\"o:0;st:w;\"\n\t\t\t\t\t\t\t\tstyle=\"z-index:5;\"\n\t\t\t\t\t\t\t><img decoding=\"async\" src=\"\/\/lankabeachresorts.com\/wp-content\/plugins\/revslider\/public\/assets\/assets\/dummy.png\" alt=\"\" class=\"tp-rs-img rs-lazyload\" width=\"1920\" height=\"1278\" data-lazyload=\"\/\/lankabeachresorts.com\/wp-content\/uploads\/2021\/05\/Pool-Sala-2.jpg\" data-no-retina> \n\t\t\t\t\t\t\t<\/rs-layer><!--\n-->\t\t\t\t\t\t<\/rs-slide>\n\t\t\t\t\t\t<rs-slide style=\"position: absolute;\" data-key=\"rs-5\" data-title=\"Slide\" data-anim=\"adpr:false;\" data-in=\"o:0;\" data-out=\"a:false;\">\n\t\t\t\t\t\t\t<img decoding=\"async\" src=\"\/\/lankabeachresorts.com\/wp-content\/plugins\/revslider\/public\/assets\/assets\/dummy.png\" alt=\"Slide\" title=\"Lanka Beach\" class=\"rev-slidebg tp-rs-img rs-lazyload\" data-lazyload=\"\/\/lankabeachresorts.com\/wp-content\/plugins\/revslider\/public\/assets\/assets\/transparent.png\" data-no-retina>\n<!--\n\t\t\t\t\t\t\t--><rs-layer\n\t\t\t\t\t\t\t\tid=\"slider-1-slide-5-layer-10\" \n\t\t\t\t\t\t\t\tdata-type=\"image\"\n\t\t\t\t\t\t\t\tdata-xy=\"x:c;y:c;\"\n\t\t\t\t\t\t\t\tdata-text=\"w:normal;\"\n\t\t\t\t\t\t\t\tdata-rsp_o=\"off\"\n\t\t\t\t\t\t\t\tdata-rsp_bd=\"off\"\n\t\t\t\t\t\t\t\tdata-frame_999=\"o:0;st:w;\"\n\t\t\t\t\t\t\t\tstyle=\"z-index:5;\"\n\t\t\t\t\t\t\t><img decoding=\"async\" src=\"\/\/lankabeachresorts.com\/wp-content\/plugins\/revslider\/public\/assets\/assets\/dummy.png\" alt=\"\" class=\"tp-rs-img rs-lazyload\" width=\"1920\" height=\"1278\" data-lazyload=\"\/\/lankabeachresorts.com\/wp-content\/uploads\/2021\/05\/restaurant-to-beach-.jpg\" data-no-retina> \n\t\t\t\t\t\t\t<\/rs-layer><!--\n-->\t\t\t\t\t\t<\/rs-slide>\n\t\t\t\t\t<\/rs-slides>\n\t\t\t\t\t<rs-static-layers><!--\n\n\t\t\t\t\t\t\t--><rs-group\n\t\t\t\t\t\t\t\tid=\"slider-1-slide-1-layer-1\" \n\t\t\t\t\t\t\t\tclass=\"rs-layer-static\"\n\t\t\t\t\t\t\t\tdata-type=\"group\"\n\t\t\t\t\t\t\t\tdata-xy=\"x:c;y:c;\"\n\t\t\t\t\t\t\t\tdata-text=\"w:normal;\"\n\t\t\t\t\t\t\t\tdata-dim=\"w:1000px;h:458px;\"\n\t\t\t\t\t\t\t\tdata-rsp_o=\"off\"\n\t\t\t\t\t\t\t\tdata-rsp_bd=\"off\"\n\t\t\t\t\t\t\t\tdata-onslides=\"s:1;\"\n\t\t\t\t\t\t\t\tdata-frame_0=\"o:1;\"\n\t\t\t\t\t\t\t\tdata-frame_999=\"o:0;st:w;sA:9000;\"\n\t\t\t\t\t\t\t\tstyle=\"z-index:13;\"\n\t\t\t\t\t\t\t><!--\n\t\t\t\t\t\t\t\t--><rs-layer\n\t\t\t\t\t\t\t\t\tid=\"slider-1-slide-1-layer-6\" \n\t\t\t\t\t\t\t\t\tclass=\"rev-btn rs-layer-static\"\n\t\t\t\t\t\t\t\t\tdata-type=\"button\"\n\t\t\t\t\t\t\t\t\tdata-color=\"#ffffff\"\n\t\t\t\t\t\t\t\t\tdata-xy=\"x:c;xo:-125px;y:b;\"\n\t\t\t\t\t\t\t\t\tdata-pos=\"a\"\n\t\t\t\t\t\t\t\t\tdata-text=\"w:normal;s:23;l:53;fw:500;\"\n\t\t\t\t\t\t\t\t\tdata-dim=\"minh:0;\"\n\t\t\t\t\t\t\t\t\tdata-actions='id:more;o:click;a:scrollto;sp:1000ms;e:power1.inOut;'\n\t\t\t\t\t\t\t\t\tdata-rsp_o=\"off\"\n\t\t\t\t\t\t\t\t\tdata-rsp_bd=\"off\"\n\t\t\t\t\t\t\t\t\tdata-onslides=\"s:1;\"\n\t\t\t\t\t\t\t\t\tdata-padding=\"r:33;l:33;\"\n\t\t\t\t\t\t\t\t\tdata-border=\"bos:solid;boc:#ffffff;bow:2px,2px,2px,2px;\"\n\t\t\t\t\t\t\t\t\tdata-frame_999=\"o:0;st:w;\"\n\t\t\t\t\t\t\t\t\tdata-frame_hover=\"bgc:rgba(0,0,0,0);boc:rgba(255,255,255,0.75);bor:0px,0px,0px,0px;bos:solid;bow:3px,3px,3px,3px;e:power1.inOut;\"\n\t\t\t\t\t\t\t\t\tstyle=\"z-index:12;background-color:rgba(0,0,0,0);font-family:'Roboto';text-transform:uppercase;\"\n\t\t\t\t\t\t\t\t>Show me more \n\t\t\t\t\t\t\t\t<\/rs-layer><!--\n\n\t\t\t\t\t\t\t\t--><a\n\t\t\t\t\t\t\t\t\tid=\"slider-1-slide-1-layer-4\" \n\t\t\t\t\t\t\t\t\tclass=\"rs-layer rev-btn rs-layer-static\"\n\t\t\t\t\t\t\t\t\thref=\"\/quote\/\" target=\"_self\"\n\t\t\t\t\t\t\t\t\tdata-type=\"button\"\n\t\t\t\t\t\t\t\t\tdata-color=\"#ffffff\"\n\t\t\t\t\t\t\t\t\tdata-xy=\"x:c;xo:125px;y:b;\"\n\t\t\t\t\t\t\t\t\tdata-pos=\"a\"\n\t\t\t\t\t\t\t\t\tdata-text=\"w:normal;s:23;l:53;fw:500;\"\n\t\t\t\t\t\t\t\t\tdata-dim=\"minh:0;\"\n\t\t\t\t\t\t\t\t\tdata-rsp_o=\"off\"\n\t\t\t\t\t\t\t\t\tdata-rsp_bd=\"off\"\n\t\t\t\t\t\t\t\t\tdata-onslides=\"s:1;\"\n\t\t\t\t\t\t\t\t\tdata-padding=\"r:33;l:33;\"\n\t\t\t\t\t\t\t\t\tdata-border=\"bos:solid;boc:#ffffff;bow:2px,2px,2px,2px;\"\n\t\t\t\t\t\t\t\t\tdata-frame_999=\"o:0;st:w;\"\n\t\t\t\t\t\t\t\t\tdata-frame_hover=\"bgc:rgba(0,0,0,0);boc:rgba(255,255,255,0.75);bor:0px,0px,0px,0px;bos:solid;bow:3px,3px,3px,3px;e:power1.inOut;\"\n\t\t\t\t\t\t\t\t\tstyle=\"z-index:11;background-color:rgba(0,0,0,0);font-family:'Roboto';text-transform:uppercase;\"\n\t\t\t\t\t\t\t\t>Get a Quote \n\t\t\t\t\t\t\t\t<\/a><!--\n\n\t\t\t\t\t\t\t\t--><h2\n\t\t\t\t\t\t\t\t\tid=\"slider-1-slide-1-layer-3\" \n\t\t\t\t\t\t\t\t\tclass=\"rs-layer rs-layer-static\"\n\t\t\t\t\t\t\t\t\tdata-type=\"text\"\n\t\t\t\t\t\t\t\t\tdata-color=\"#ffffff\"\n\t\t\t\t\t\t\t\t\tdata-tsh=\"c:rgba(0,0,0,0.7);b:20px;\"\n\t\t\t\t\t\t\t\t\tdata-xy=\"y:c;yo:-10px;\"\n\t\t\t\t\t\t\t\t\tdata-pos=\"a\"\n\t\t\t\t\t\t\t\t\tdata-text=\"w:normal;s:50;l:70;fw:700;a:center;\"\n\t\t\t\t\t\t\t\t\tdata-dim=\"w:100%;\"\n\t\t\t\t\t\t\t\t\tdata-rsp_o=\"off\"\n\t\t\t\t\t\t\t\t\tdata-rsp_bd=\"off\"\n\t\t\t\t\t\t\t\t\tdata-onslides=\"s:1;\"\n\t\t\t\t\t\t\t\t\tdata-frame_999=\"o:0;st:w;\"\n\t\t\t\t\t\t\t\t\tstyle=\"z-index:10;font-family:'Roboto';text-transform:uppercase;\"\n\t\t\t\t\t\t\t\t>Your Vacation, Our Hospitality \n\t\t\t\t\t\t\t\t<\/h2><!--\n\n\t\t\t\t\t\t\t\t--><h2\n\t\t\t\t\t\t\t\t\tid=\"slider-1-slide-1-layer-2\" \n\t\t\t\t\t\t\t\t\tclass=\"rs-layer rs-layer-static\"\n\t\t\t\t\t\t\t\t\tdata-type=\"text\"\n\t\t\t\t\t\t\t\t\tdata-color=\"#ffffff\"\n\t\t\t\t\t\t\t\t\tdata-tsh=\"c:rgba(0,0,0,0.7);b:15px;\"\n\t\t\t\t\t\t\t\t\tdata-xy=\"x:1px;y:c;yo:50px;\"\n\t\t\t\t\t\t\t\t\tdata-pos=\"a\"\n\t\t\t\t\t\t\t\t\tdata-text=\"w:normal;s:32;fw:500;a:center;\"\n\t\t\t\t\t\t\t\t\tdata-dim=\"w:100%;h:32px;\"\n\t\t\t\t\t\t\t\t\tdata-rsp_o=\"off\"\n\t\t\t\t\t\t\t\t\tdata-rsp_bd=\"off\"\n\t\t\t\t\t\t\t\t\tdata-onslides=\"s:1;\"\n\t\t\t\t\t\t\t\t\tdata-frame_999=\"o:0;st:w;\"\n\t\t\t\t\t\t\t\t\tstyle=\"z-index:9;font-family:'Roboto';text-transform:uppercase;\"\n\t\t\t\t\t\t\t\t>A Perfect Match \n\t\t\t\t\t\t\t\t<\/h2><!--\n\n\t\t\t\t\t\t\t\t--><rs-layer\n\t\t\t\t\t\t\t\t\tid=\"slider-1-slide-1-layer-0\" \n\t\t\t\t\t\t\t\t\tclass=\"rs-layer-static\"\n\t\t\t\t\t\t\t\t\tdata-type=\"image\"\n\t\t\t\t\t\t\t\t\tdata-xy=\"x:c;\"\n\t\t\t\t\t\t\t\t\tdata-pos=\"a\"\n\t\t\t\t\t\t\t\t\tdata-text=\"w:normal;\"\n\t\t\t\t\t\t\t\t\tdata-dim=\"w:252px;h:160px;\"\n\t\t\t\t\t\t\t\t\tdata-rsp_o=\"off\"\n\t\t\t\t\t\t\t\t\tdata-rsp_bd=\"off\"\n\t\t\t\t\t\t\t\t\tdata-onslides=\"s:1;\"\n\t\t\t\t\t\t\t\t\tdata-frame_999=\"o:0;st:w;\"\n\t\t\t\t\t\t\t\t\tstyle=\"z-index:8;\"\n\t\t\t\t\t\t\t\t><img decoding=\"async\" src=\"\/\/lankabeachresorts.com\/wp-content\/plugins\/revslider\/public\/assets\/assets\/dummy.png\" alt=\"\" class=\"tp-rs-img rs-lazyload\" width=\"450\" height=\"286\" data-lazyload=\"\/\/lankabeachresorts.com\/wp-content\/uploads\/2021\/05\/Lanka-Beach-Bungalows-LBB-Logo.png\" data-no-retina> \n\t\t\t\t\t\t\t\t<\/rs-layer><!--\n\t\t\t\t\t\t\t--><\/rs-group><!--\n\t\t\t\t\t--><\/rs-static-layers>\n\t\t\t\t<\/rs-module>\n\t\t\t\t<script>\n\t\t\t\t\tsetREVStartSize({c: 'rev_slider_1_1',rl:[1240,1024,778,480],el:[1200],gw:[1920],gh:[1200],type:'standard',justify:'',layout:'fullwidth',mh:\"0\"});if (window.RS_MODULES!==undefined && window.RS_MODULES.modules!==undefined && window.RS_MODULES.modules[\"revslider11\"]!==undefined) {window.RS_MODULES.modules[\"revslider11\"].once = false;window.revapi1 = undefined;if (window.RS_MODULES.checkMinimal!==undefined) window.RS_MODULES.checkMinimal()}\n\t\t\t\t<\/script>\n\t\t\t<\/rs-module-wrap>\n\t\t\t<!-- END REVOLUTION SLIDER -->\n<\/div><\/div><\/div><\/div><\/div><\/section><section class=\"l-section wpb_row us_custom_d0a3013e height_medium width_full\" id=\"more\"><div class=\"l-section-h i-cf\"><div class=\"g-cols vc_row via_flex valign_top type_default stacking_default\" style=\"--additional-gap:0.5rem;\"><div class=\"vc_col-sm-6 wpb_column vc_column_container has_bg_color\"><div class=\"vc_column-inner us_custom_684d99d8\"><div class=\"wpb_wrapper\"><div class=\"w-image has_ratio align_none\"><div class=\"w-image-h\"><div style=\"padding-bottom:56.25%\"><\/div><img loading=\"lazy\" decoding=\"async\" width=\"1920\" height=\"1770\" src=\"https:\/\/lankabeachresorts.com\/wp-content\/uploads\/2021\/05\/Pool-to-house-3.jpg\" class=\"attachment-full size-full\" alt=\"\" srcset=\"https:\/\/lankabeachresorts.com\/wp-content\/uploads\/2021\/05\/Pool-to-house-3.jpg 1920w, https:\/\/lankabeachresorts.com\/wp-content\/uploads\/2021\/05\/Pool-to-house-3-300x277.jpg 300w, https:\/\/lankabeachresorts.com\/wp-content\/uploads\/2021\/05\/Pool-to-house-3-1024x944.jpg 1024w\" sizes=\"auto, (max-width: 1920px) 100vw, 1920px\" \/><\/div><\/div><div class=\"g-cols wpb_row us_custom_6c43baed via_flex valign_top type_boxes stacking_default\"><div class=\"vc_col-sm-12 wpb_column vc_column_container\"><div class=\"vc_column-inner\"><div class=\"wpb_wrapper\">[vc_custom_heading text=\u00bbLanka Beach Villa\u00bb font_container=\u00bbtag:h2|text_align:center\u00bb use_theme_fonts=\u00bbyes\u00bb]<div class=\"wpb_text_column us_custom_99817634\"><div class=\"wpb_wrapper\"><p style=\"text-align: center;\">Situado en Rekawa, en el sur de Sri Lanka, justo en la playa de arena Lanka Beach Villa cuenta con cuatro habitaciones dobles con ba\u00f1o, aire acondicionado, Wi-Fi gratuito, una bonita piscina privada, acceso a un jard\u00edn tropical y una playa de arena privada. Un rom\u00e1ntico restaurante junto a la playa est\u00e1 justo al lado.<\/p>\n<\/div><\/div><div class=\"w-btn-wrapper align_center\"><a class=\"w-btn us-btn-style_7\" title=\"Lanka Beach\" href=\"http:\/\/lankabeachresorts.com\/resorts\/\"><span class=\"w-btn-label\">M\u00e1s informaci\u00f3n<\/span><\/a><\/div><\/div><\/div><\/div><\/div><\/div><\/div><\/div><div class=\"vc_col-sm-6 wpb_column vc_column_container has_bg_color\"><div class=\"vc_column-inner us_custom_684d99d8\"><div class=\"wpb_wrapper\"><div class=\"w-image has_ratio align_none\"><div class=\"w-image-h\"><div style=\"padding-bottom:56.25%\"><\/div><img loading=\"lazy\" decoding=\"async\" width=\"1920\" height=\"1280\" src=\"https:\/\/lankabeachresorts.com\/wp-content\/uploads\/2021\/05\/seaort-view.jpg\" class=\"attachment-full size-full\" alt=\"\" srcset=\"https:\/\/lankabeachresorts.com\/wp-content\/uploads\/2021\/05\/seaort-view.jpg 1920w, https:\/\/lankabeachresorts.com\/wp-content\/uploads\/2021\/05\/seaort-view-300x200.jpg 300w, https:\/\/lankabeachresorts.com\/wp-content\/uploads\/2021\/05\/seaort-view-1024x683.jpg 1024w\" sizes=\"auto, (max-width: 1920px) 100vw, 1920px\" \/><\/div><\/div><div class=\"g-cols wpb_row us_custom_6c43baed via_flex valign_top type_boxes stacking_default\"><div class=\"vc_col-sm-12 wpb_column vc_column_container\"><div class=\"vc_column-inner\"><div class=\"wpb_wrapper\">[vc_custom_heading text=\u00bbLanka Beach Bungalows\u00bb font_container=\u00bbtag:h2|text_align:center\u00bb use_theme_fonts=\u00bbyes\u00bb]<div class=\"wpb_text_column us_custom_99817634\"><div class=\"wpb_wrapper\"><p style=\"text-align: center;\">Su complejo vacacional de estilo boutique Lanka Beach Bungalows, con s\u00f3lo 7 habitaciones, est\u00e1 situado justo en el tramo aislado de la playa de Rekawa, en el sur de Sri Lanka, cerca de la animada ciudad de Tangalle. Lejos de la zona tur\u00edstica principal hace que sea la escapada perfecta.<\/p>\n<\/div><\/div><div class=\"w-btn-wrapper align_center\"><a class=\"w-btn us-btn-style_7\" title=\"Lanka Beach\" href=\"http:\/\/lankabeachresorts.com\/resorts\/\"><span class=\"w-btn-label\">M\u00e1s informaci\u00f3n<\/span><\/a><\/div><\/div><\/div><\/div><\/div><\/div><\/div><\/div><\/div><\/div><\/section><section class=\"l-section wpb_row us_custom_80b507cc height_medium width_full with_img parallax_ver\"><div class=\"l-section-img\" role=\"img\" data-img-width=\"1920\" data-img-height=\"1285\" style=\"background-image: url(https:\/\/lankabeachresorts.com\/wp-content\/uploads\/2021\/05\/beach-view-2.jpg);\"><\/div><div class=\"l-section-overlay\" style=\"background:rgba(51,51,51,0.75)\"><\/div><div class=\"l-section-h i-cf\"><div class=\"g-cols vc_row via_flex valign_top type_default stacking_default\"><div class=\"vc_col-sm-12 wpb_column vc_column_container\"><div class=\"vc_column-inner\"><div class=\"wpb_wrapper\">[vc_custom_heading text=\u00bbLas mejores cosas que hacer en la zona\u00bb font_container=\u00bbtag:h2|text_align:center\u00bb use_theme_fonts=\u00bbyes\u00bb css=\u00bb%7B%22default%22%3A%7B%22color%22%3A%22%23ffffff%22%2C%22text-transform%22%3A%22uppercase%22%7D%7D\u00bb]<div class=\"wpb_text_column us_custom_c80d50f7 has_text_color\"><div class=\"wpb_wrapper\"><p style=\"text-align: center;\">Descubra todas las incre\u00edbles actividades que puede realizar en los alrededores<\/p>\n<\/div><\/div><div class=\"w-btn-wrapper align_center\"><a class=\"w-btn us-btn-style_1\" title=\"Lanka Beach\" href=\"http:\/\/lankabeachresorts.com\/activities\/\"><span class=\"w-btn-label\">mostrarme m\u00e1s<\/span><\/a><\/div><\/div><\/div><\/div><\/div><\/div><\/section>\n","protected":false},"excerpt":{"rendered":"Show me more Get a Quote Your Vacation, Our Hospitality A Perfect Match [vc_custom_heading text=\"Lanka Beach Villa\" font_container=\"tag:h2|text_align:center\" use_theme_fonts=\"yes\"]Situado en Rekawa, en el sur de Sri Lanka, justo en la playa de arena Lanka Beach Villa cuenta con cuatro habitaciones dobles con ba\u00f1o, aire acondicionado, Wi-Fi gratuito, una bonita piscina privada, acceso a un jard\u00edn...","protected":false},"author":1,"featured_media":0,"parent":0,"menu_order":0,"comment_status":"closed","ping_status":"closed","template":"","meta":{"footnotes":""},"class_list":["post-825","page","type-page","status-publish","hentry"],"yoast_head":"<!-- This site is optimized with the Yoast SEO plugin v22.4 - https:\/\/yoast.com\/wordpress\/plugins\/seo\/ -->\n<title>Lanka Beach - Lanka Beach<\/title>\n<meta name=\"robots\" content=\"index, follow, max-snippet:-1, max-image-preview:large, max-video-preview:-1\" \/>\n<link rel=\"canonical\" href=\"https:\/\/lankabeachresorts.com\/es\/\" \/>\n<meta property=\"og:locale\" content=\"es_ES\" \/>\n<meta property=\"og:type\" content=\"article\" \/>\n<meta property=\"og:title\" content=\"Lanka Beach - Lanka Beach\" \/>\n<meta property=\"og:url\" content=\"https:\/\/lankabeachresorts.com\/es\/\" \/>\n<meta property=\"og:site_name\" content=\"Lanka Beach\" \/>\n<meta property=\"article:modified_time\" content=\"2021-06-30T11:47:23+00:00\" \/>\n<meta name=\"twitter:card\" content=\"summary_large_image\" \/>\n<meta name=\"twitter:label1\" content=\"Tiempo de lectura\" \/>\n\t<meta name=\"twitter:data1\" content=\"3 minutos\" \/>\n<script type=\"application\/ld+json\" class=\"yoast-schema-graph\">{\"@context\":\"https:\/\/schema.org\",\"@graph\":[{\"@type\":\"WebPage\",\"@id\":\"https:\/\/lankabeachresorts.com\/es\/\",\"url\":\"https:\/\/lankabeachresorts.com\/es\/\",\"name\":\"Lanka Beach - Lanka Beach\",\"isPartOf\":{\"@id\":\"https:\/\/lankabeachresorts.com\/#website\"},\"datePublished\":\"2021-05-12T13:59:16+00:00\",\"dateModified\":\"2021-06-30T11:47:23+00:00\",\"breadcrumb\":{\"@id\":\"https:\/\/lankabeachresorts.com\/es\/#breadcrumb\"},\"inLanguage\":\"es\",\"potentialAction\":[{\"@type\":\"ReadAction\",\"target\":[\"https:\/\/lankabeachresorts.com\/es\/\"]}]},{\"@type\":\"BreadcrumbList\",\"@id\":\"https:\/\/lankabeachresorts.com\/es\/#breadcrumb\",\"itemListElement\":[{\"@type\":\"ListItem\",\"position\":1,\"name\":\"Home\",\"item\":\"https:\/\/lankabeachresorts.com\/es\/\"},{\"@type\":\"ListItem\",\"position\":2,\"name\":\"Lanka Beach\"}]},{\"@type\":\"WebSite\",\"@id\":\"https:\/\/lankabeachresorts.com\/#website\",\"url\":\"https:\/\/lankabeachresorts.com\/\",\"name\":\"Lanka Beach\",\"description\":\"Eine weitere WordPress-Website\",\"potentialAction\":[{\"@type\":\"SearchAction\",\"target\":{\"@type\":\"EntryPoint\",\"urlTemplate\":\"https:\/\/lankabeachresorts.com\/?s={search_term_string}\"},\"query-input\":\"required name=search_term_string\"}],\"inLanguage\":\"es\"}]}<\/script>\n<!-- \/ Yoast SEO plugin. -->","yoast_head_json":{"title":"Lanka Beach - Lanka Beach","robots":{"index":"index","follow":"follow","max-snippet":"max-snippet:-1","max-image-preview":"max-image-preview:large","max-video-preview":"max-video-preview:-1"},"canonical":"https:\/\/lankabeachresorts.com\/es\/","og_locale":"es_ES","og_type":"article","og_title":"Lanka Beach - Lanka Beach","og_url":"https:\/\/lankabeachresorts.com\/es\/","og_site_name":"Lanka Beach","article_modified_time":"2021-06-30T11:47:23+00:00","twitter_card":"summary_large_image","twitter_misc":{"Tiempo de lectura":"3 minutos"},"schema":{"@context":"https:\/\/schema.org","@graph":[{"@type":"WebPage","@id":"https:\/\/lankabeachresorts.com\/es\/","url":"https:\/\/lankabeachresorts.com\/es\/","name":"Lanka Beach - Lanka Beach","isPartOf":{"@id":"https:\/\/lankabeachresorts.com\/#website"},"datePublished":"2021-05-12T13:59:16+00:00","dateModified":"2021-06-30T11:47:23+00:00","breadcrumb":{"@id":"https:\/\/lankabeachresorts.com\/es\/#breadcrumb"},"inLanguage":"es","potentialAction":[{"@type":"ReadAction","target":["https:\/\/lankabeachresorts.com\/es\/"]}]},{"@type":"BreadcrumbList","@id":"https:\/\/lankabeachresorts.com\/es\/#breadcrumb","itemListElement":[{"@type":"ListItem","position":1,"name":"Home","item":"https:\/\/lankabeachresorts.com\/es\/"},{"@type":"ListItem","position":2,"name":"Lanka Beach"}]},{"@type":"WebSite","@id":"https:\/\/lankabeachresorts.com\/#website","url":"https:\/\/lankabeachresorts.com\/","name":"Lanka Beach","description":"Eine weitere WordPress-Website","potentialAction":[{"@type":"SearchAction","target":{"@type":"EntryPoint","urlTemplate":"https:\/\/lankabeachresorts.com\/?s={search_term_string}"},"query-input":"required name=search_term_string"}],"inLanguage":"es"}]}},"_links":{"self":[{"href":"https:\/\/lankabeachresorts.com\/es\/wp-json\/wp\/v2\/pages\/825","targetHints":{"allow":["GET"]}}],"collection":[{"href":"https:\/\/lankabeachresorts.com\/es\/wp-json\/wp\/v2\/pages"}],"about":[{"href":"https:\/\/lankabeachresorts.com\/es\/wp-json\/wp\/v2\/types\/page"}],"author":[{"embeddable":true,"href":"https:\/\/lankabeachresorts.com\/es\/wp-json\/wp\/v2\/users\/1"}],"replies":[{"embeddable":true,"href":"https:\/\/lankabeachresorts.com\/es\/wp-json\/wp\/v2\/comments?post=825"}],"version-history":[{"count":3,"href":"https:\/\/lankabeachresorts.com\/es\/wp-json\/wp\/v2\/pages\/825\/revisions"}],"predecessor-version":[{"id":835,"href":"https:\/\/lankabeachresorts.com\/es\/wp-json\/wp\/v2\/pages\/825\/revisions\/835"}],"wp:attachment":[{"href":"https:\/\/lankabeachresorts.com\/es\/wp-json\/wp\/v2\/media?parent=825"}],"curies":[{"name":"wp","href":"https:\/\/api.w.org\/{rel}","templated":true}]}}