{"id":714,"date":"2021-06-17T09:49:32","date_gmt":"2021-06-17T07:49:32","guid":{"rendered":"http:\/\/lankabeachresorts.com\/bungalows\/facilities\/"},"modified":"2021-06-29T11:14:27","modified_gmt":"2021-06-29T09:14:27","slug":"facilities","status":"publish","type":"page","link":"https:\/\/lankabeachresorts.com\/fr\/bungalows\/facilities\/","title":{"rendered":"Dans nos bungalows"},"content":{"rendered":"<section class=\"l-section wpb_row height_medium\"><div class=\"l-section-h i-cf\"><div class=\"g-cols vc_row via_flex valign_top type_default stacking_default\"><div class=\"vc_col-sm-3\/5 wpb_column vc_column_container\"><div class=\"vc_column-inner\"><div class=\"wpb_wrapper\"><div class=\"wpb_text_column\"><div class=\"wpb_wrapper\"><p><span class=\"TextRun SCXW71830157 BCX0\" lang=\"FR-FR\" xml:lang=\"FR-FR\" data-contrast=\"none\"><span class=\"NormalTextRun SCXW71830157 BCX0\">Votre complexe h\u00f4telier Lanka Beach Bungalows est situ\u00e9 dans l\u2019intimit\u00e9 de la plage de\u00a0<\/span><span class=\"NormalTextRun SpellingErrorV2 SCXW71830157 BCX0\">Rekawa<\/span><span class=\"NormalTextRun SCXW71830157 BCX0\">, dans le Sud du Sri Lanka, \u00e0 c\u00f4t\u00e9 de la ville anim\u00e9e de\u00a0<\/span><span class=\"NormalTextRun SpellingErrorV2 SCXW71830157 BCX0\">Tangalle<\/span><span class=\"NormalTextRun SCXW71830157 BCX0\">.\u00a0<\/span><span class=\"NormalTextRun SCXW71830157 BCX0\">\u00c9loign\u00e9 des lieux conventionnels et touristiques,\u00a0<\/span><span class=\"NormalTextRun SCXW71830157 BCX0\">il\u00a0<\/span><span class=\"NormalTextRun SCXW71830157 BCX0\">vous permettra de vous \u00e9vader. Notre boutique h\u00f4tel propose sept chambres spacieuses et modernes, avec une terrasse ou un balcon et\u00a0<\/span><span class=\"NormalTextRun SCXW71830157 BCX0\">salle de bain attenante, wifi gratuit et climatisation. Nos prix incluent un d\u00e9licieux petit d\u00e9jeuner chaque matin.<\/span><span class=\"NormalTextRun SCXW71830157 BCX0\">\u00a0<\/span><\/span><span class=\"EOP SCXW71830157 BCX0\" data-ccp-props=\"{&quot;201341983&quot;:0,&quot;335559739&quot;:200,&quot;335559740&quot;:276}\">\u00a0<\/span><\/p>\n<p><span class=\"TextRun SCXW219603114 BCX0\" lang=\"FR-FR\" xml:lang=\"FR-FR\" data-contrast=\"none\"><span class=\"NormalTextRun SCXW219603114 BCX0\">Nous avons un restaurant ouvert toute la journ\u00e9e, en premi\u00e8re ligne, avec une vue imprenable sur l\u2019Oc\u00e9an Indien.\u00a0<\/span><span class=\"NormalTextRun SCXW219603114 BCX0\">D\u00e9tendez-vous \u00e0 l\u2019ombre d\u2019immenses\u00a0<\/span><span class=\"NormalTextRun SCXW219603114 BCX0\">palmiers<\/span><span class=\"NormalTextRun SCXW219603114 BCX0\">, dans notre luxuriant jardin tropical, puis\u00a0<\/span><span class=\"NormalTextRun SCXW219603114 BCX0\">rafra\u00eechissez-vous dans notre grande piscine \u00e0 quelques pas de\u00a0<\/span><span class=\"NormalTextRun SCXW219603114 BCX0\">la plage au sable dor\u00e9.\u00a0<\/span><\/span><span class=\"EOP SCXW219603114 BCX0\" data-ccp-props=\"{&quot;201341983&quot;:0,&quot;335559739&quot;:200,&quot;335559740&quot;:276}\">\u00a0<\/span><\/p>\n<p><span class=\"TextRun SCXW167759151 BCX0\" lang=\"FR-FR\" xml:lang=\"FR-FR\" data-contrast=\"none\"><span class=\"NormalTextRun SCXW167759151 BCX0\">Si vous avez envie d\u2019\u00e9vasion, vous pouvez r\u00e9server une excursion d\u2019une\u00a0<\/span><span class=\"NormalTextRun SCXW167759151 BCX0\">demie journ\u00e9e<\/span><span class=\"NormalTextRun SCXW167759151 BCX0\">\u00a0ou une journ\u00e9e compl\u00e8te vers les Parc Nationaux alentours ou d\u2019autres lieux embl\u00e9matiques des environs.\u00a0<\/span><\/span><span class=\"EOP SCXW167759151 BCX0\" data-ccp-props=\"{&quot;201341983&quot;:0,&quot;335559739&quot;:200,&quot;335559740&quot;:276}\">\u00a0<\/span><br \/>\n<span class=\"TextRun SCXW192980977 BCX0\" lang=\"FR-FR\" xml:lang=\"FR-FR\" data-contrast=\"none\"><span class=\"NormalTextRun SCXW192980977 BCX0\">Vous pouvez \u00e9galement tout simplement explorer l\u2019arri\u00e8re-pays et les march\u00e9s locaux \u00e0 v\u00e9lo, \u00e0 moto ou en\u00a0<\/span><span class=\"NormalTextRun SpellingErrorV2 SCXW192980977 BCX0\">tuk<\/span><span class=\"NormalTextRun SCXW192980977 BCX0\">\u00a0<\/span><span class=\"NormalTextRun SpellingErrorV2 SCXW192980977 BCX0\">tuk<\/span><span class=\"NormalTextRun SCXW192980977 BCX0\">.\u00a0<\/span><\/span><span class=\"EOP SCXW192980977 BCX0\" data-ccp-props=\"{&quot;201341983&quot;:0,&quot;335559739&quot;:200,&quot;335559740&quot;:276}\">\u00a0<\/span><\/p>\n<\/div><\/div><\/div><\/div><\/div><div class=\"vc_col-sm-2\/5 wpb_column vc_column_container\"><div class=\"vc_column-inner\"><div class=\"wpb_wrapper\"><div class=\"w-slider style_none fit_scaledown\"><div class=\"w-slider-h\"><div class=\"royalSlider\"><div class=\"rsContent\"><a class=\"rsImg\" data-rsw=\"1024\" data-rsh=\"768\" href=\"https:\/\/lankabeachresorts.com\/wp-content\/uploads\/2021\/05\/double-bed-with-mosquito-nets-1024x768.jpg\"><span data-alt=\"\"><\/span><\/a><\/div><div class=\"rsContent\"><a class=\"rsImg\" data-rsw=\"1024\" data-rsh=\"682\" href=\"https:\/\/lankabeachresorts.com\/wp-content\/uploads\/2021\/05\/Welcome-swan-1024x682.jpg\"><span data-alt=\"\"><\/span><\/a><\/div><div class=\"rsContent\"><a class=\"rsImg\" data-rsw=\"1024\" data-rsh=\"685\" href=\"https:\/\/lankabeachresorts.com\/wp-content\/uploads\/2021\/05\/bathroom-mirror-1024x685.jpg\"><span data-alt=\"\"><\/span><\/a><\/div><div class=\"rsContent\"><a class=\"rsImg\" data-rsw=\"1024\" data-rsh=\"682\" href=\"https:\/\/lankabeachresorts.com\/wp-content\/uploads\/2021\/05\/Pool-2-1024x682.jpg\"><span data-alt=\"\"><\/span><\/a><\/div><div class=\"rsContent\"><a class=\"rsImg\" data-rsw=\"1024\" data-rsh=\"685\" href=\"https:\/\/lankabeachresorts.com\/wp-content\/uploads\/2021\/05\/sunbeds-1024x685.jpg\"><span data-alt=\"\"><\/span><\/a><\/div><div class=\"rsContent\"><a class=\"rsImg\" data-rsw=\"1024\" data-rsh=\"685\" href=\"https:\/\/lankabeachresorts.com\/wp-content\/uploads\/2021\/05\/lounge-area-in-resataurant-1024x685.jpg\"><span data-alt=\"\"><\/span><\/a><\/div><div class=\"rsContent\"><a class=\"rsImg\" data-rsw=\"1024\" data-rsh=\"576\" href=\"https:\/\/lankabeachresorts.com\/wp-content\/uploads\/2021\/05\/guests-1024x576.jpg\"><span data-alt=\"\"><\/span><\/a><\/div><div class=\"rsContent\"><a class=\"rsImg\" data-rsw=\"1024\" data-rsh=\"682\" href=\"https:\/\/lankabeachresorts.com\/wp-content\/uploads\/2021\/05\/inside-rest-1024x682.jpg\"><span data-alt=\"\"><\/span><\/a><\/div><div class=\"rsContent\"><a class=\"rsImg\" data-rsw=\"1024\" data-rsh=\"683\" href=\"https:\/\/lankabeachresorts.com\/wp-content\/uploads\/2021\/05\/fruits-1024x683.jpg\"><span data-alt=\"\"><\/span><\/a><\/div><div class=\"rsContent\"><a class=\"rsImg\" data-rsw=\"1024\" data-rsh=\"576\" href=\"https:\/\/lankabeachresorts.com\/wp-content\/uploads\/2021\/05\/Seafoodplatte-1024x576.jpg\"><span data-alt=\"\"><\/span><\/a><\/div><\/div><img decoding=\"async\" src=\"https:\/\/lankabeachresorts.com\/wp-content\/uploads\/2021\/05\/double-bed-with-mosquito-nets-1024x768.jpg\" width=\"1024\" height=\"768\" alt loading=\"lazy\"><\/div><div class=\"w-slider-json\" onclick='return {&quot;autoScaleSlider&quot;:true,&quot;loop&quot;:true,&quot;fadeInLoadedSlide&quot;:false,&quot;slidesSpacing&quot;:0,&quot;imageScalePadding&quot;:0,&quot;numImagesToPreload&quot;:2,&quot;arrowsNav&quot;:true,&quot;arrowsNavAutoHide&quot;:false,&quot;transitionType&quot;:&quot;move&quot;,&quot;transitionSpeed&quot;:250,&quot;block&quot;:{&quot;moveEffect&quot;:&quot;none&quot;,&quot;speed&quot;:300},&quot;thumbs&quot;:{&quot;fitInViewport&quot;:false},&quot;controlNavigation&quot;:&quot;none&quot;,&quot;autoplay&quot;:{&quot;enabled&quot;:true,&quot;pauseOnHover&quot;:true,&quot;delay&quot;:3000},&quot;imageScaleMode&quot;:&quot;fit-if-smaller&quot;,&quot;autoScaleSliderWidth&quot;:1024,&quot;autoScaleSliderHeight&quot;:768}'><\/div><\/div><div class=\"w-hwrapper us_custom_37c9ec7a valign_top wrap align_center\" style=\"--hwrapper-gap:0.5rem\"><div class=\"w-iconbox us_custom_fc32346f has_text_color iconpos_top style_default color_primary align_center no_text\"><div class=\"w-iconbox-icon\" style=\"font-size:2rem;\"><i class=\"far fa-wifi\"><\/i><\/div><div class=\"w-iconbox-meta\"><p class=\"w-iconbox-title\">Wifi gratuit <\/p><\/div><\/div><div class=\"w-iconbox us_custom_fc32346f has_text_color iconpos_top style_default color_primary align_center no_text\"><div class=\"w-iconbox-icon\" style=\"font-size:2rem;\"><i class=\"far fa-bicycle\"><\/i><\/div><div class=\"w-iconbox-meta\"><p class=\"w-iconbox-title\">V\u00e9lo gratuit <\/p><\/div><\/div><div class=\"w-iconbox us_custom_fc32346f has_text_color iconpos_top style_default color_primary align_center no_text\"><div class=\"w-iconbox-icon\" style=\"font-size:2rem;\"><i class=\"far fa-motorcycle\"><\/i><\/div><div class=\"w-iconbox-meta\"><p class=\"w-iconbox-title\">Motos \u00c0 louer <\/p><\/div><\/div><div class=\"w-iconbox us_custom_fc32346f has_text_color iconpos_top style_default color_primary align_center no_text\"><div class=\"w-iconbox-icon\" style=\"font-size:2rem;\"><i class=\"far fa-car\"><\/i><\/div><div class=\"w-iconbox-meta\"><p class=\"w-iconbox-title\">Parking gratuit <\/p><\/div><\/div><div class=\"w-iconbox us_custom_fc32346f has_text_color iconpos_top style_default color_primary align_center no_text\"><div class=\"w-iconbox-icon\" style=\"font-size:2rem;\"><i class=\"far fa-map\"><\/i><\/div><div class=\"w-iconbox-meta\"><p class=\"w-iconbox-title\">Un grand choix d\u2019excursions <\/p><\/div><\/div><div class=\"w-iconbox us_custom_fc32346f has_text_color iconpos_top style_default color_primary align_center no_text\"><div class=\"w-iconbox-icon\" style=\"font-size:2rem;\"><i class=\"far fa-bus\"><\/i><\/div><div class=\"w-iconbox-meta\"><p class=\"w-iconbox-title\">Navettes \u00e0 disposition <\/p><\/div><\/div><\/div><div class=\"wpb_text_column us_custom_bff4310c has_text_color\"><div class=\"wpb_wrapper\"><p><span class=\"TextRun SCXW148920692 BCX0\" lang=\"FR-FR\" xml:lang=\"FR-FR\" data-contrast=\"none\"><span class=\"NormalTextRun SCXW148920692 BCX0\">Syst\u00e8me de navettes en van, en voiture ou en\u00a0<\/span><span class=\"NormalTextRun SpellingErrorV2 SCXW148920692 BCX0\">tuk<\/span><span class=\"NormalTextRun SCXW148920692 BCX0\">\u00a0<\/span><span class=\"NormalTextRun SpellingErrorV2 SCXW148920692 BCX0\">tuk<\/span><span class=\"NormalTextRun SCXW148920692 BCX0\">, depuis et vers n\u2019importe quel endroit de l\u2019\u00eele<\/span><\/span><span class=\"EOP SCXW148920692 BCX0\" data-ccp-props=\"{&quot;201341983&quot;:0,&quot;335559739&quot;:200,&quot;335559740&quot;:276}\">\u00a0<\/span><\/p>\n<\/div><\/div><\/div><\/div><\/div><div class=\"vc_col-sm-12 wpb_column vc_column_container\"><div class=\"vc_column-inner us_custom_d2199d32\"><div class=\"wpb_wrapper\"><div class=\"w-hwrapper valign_top align_center\"><div class=\"w-btn-wrapper align_center\"><a class=\"w-btn us-btn-style_1 icon_atleft\" title=\"Activities\" href=\"http:\/\/lankabeachresorts.com\/activities\/\"><i class=\"far fa-arrow-right\"><\/i><span class=\"w-btn-label\">Activit\u00e9s<\/span><\/a><\/div><div class=\"w-btn-wrapper align_center\"><a class=\"w-btn us-btn-style_7\" title=\"Gallery\" href=\"http:\/\/lankabeachresorts.com\/gallery\/\"><span class=\"w-btn-label\">Galerie<\/span><\/a><\/div><\/div><\/div><\/div><\/div><\/div><\/div><\/section>\n","protected":false},"excerpt":{"rendered":"Votre complexe h\u00f4telier Lanka Beach Bungalows est situ\u00e9 dans l\u2019intimit\u00e9 de la plage de\u00a0Rekawa, dans le Sud du Sri Lanka, \u00e0 c\u00f4t\u00e9 de la ville anim\u00e9e de\u00a0Tangalle.\u00a0\u00c9loign\u00e9 des lieux conventionnels et touristiques,\u00a0il\u00a0vous permettra de vous \u00e9vader. Notre boutique h\u00f4tel propose sept chambres spacieuses et modernes, avec une terrasse ou un balcon et\u00a0salle de bain attenante,...","protected":false},"author":1,"featured_media":885,"parent":656,"menu_order":0,"comment_status":"closed","ping_status":"closed","template":"","meta":{"footnotes":""},"class_list":["post-714","page","type-page","status-publish","has-post-thumbnail","hentry"],"yoast_head":"<!-- This site is optimized with the Yoast SEO plugin v22.4 - https:\/\/yoast.com\/wordpress\/plugins\/seo\/ -->\n<title>Dans nos bungalows - Lanka Beach<\/title>\n<meta name=\"robots\" content=\"index, follow, max-snippet:-1, max-image-preview:large, max-video-preview:-1\" \/>\n<link rel=\"canonical\" href=\"https:\/\/lankabeachresorts.com\/fr\/bungalows\/facilities\/\" \/>\n<meta property=\"og:locale\" content=\"fr_FR\" \/>\n<meta property=\"og:type\" content=\"article\" \/>\n<meta property=\"og:title\" content=\"Dans nos bungalows - Lanka Beach\" \/>\n<meta property=\"og:url\" content=\"https:\/\/lankabeachresorts.com\/fr\/bungalows\/facilities\/\" \/>\n<meta property=\"og:site_name\" content=\"Lanka Beach\" \/>\n<meta property=\"article:modified_time\" content=\"2021-06-29T09:14:27+00:00\" \/>\n<meta property=\"og:image\" content=\"https:\/\/lankabeachresorts.com\/wp-content\/uploads\/2021\/07\/neues-Foto-1024x682.jpg\" \/>\n\t<meta property=\"og:image:width\" content=\"1024\" \/>\n\t<meta property=\"og:image:height\" content=\"682\" \/>\n\t<meta property=\"og:image:type\" content=\"image\/jpeg\" \/>\n<meta name=\"twitter:card\" content=\"summary_large_image\" \/>\n<meta name=\"twitter:label1\" content=\"Dur\u00e9e de lecture estim\u00e9e\" \/>\n\t<meta name=\"twitter:data1\" content=\"3 minutes\" \/>\n<script type=\"application\/ld+json\" class=\"yoast-schema-graph\">{\"@context\":\"https:\/\/schema.org\",\"@graph\":[{\"@type\":\"WebPage\",\"@id\":\"https:\/\/lankabeachresorts.com\/fr\/bungalows\/facilities\/\",\"url\":\"https:\/\/lankabeachresorts.com\/fr\/bungalows\/facilities\/\",\"name\":\"Dans nos bungalows - Lanka Beach\",\"isPartOf\":{\"@id\":\"https:\/\/lankabeachresorts.com\/#website\"},\"primaryImageOfPage\":{\"@id\":\"https:\/\/lankabeachresorts.com\/fr\/bungalows\/facilities\/#primaryimage\"},\"image\":{\"@id\":\"https:\/\/lankabeachresorts.com\/fr\/bungalows\/facilities\/#primaryimage\"},\"thumbnailUrl\":\"https:\/\/lankabeachresorts.com\/wp-content\/uploads\/2021\/07\/neues-Foto.jpg\",\"datePublished\":\"2021-06-17T07:49:32+00:00\",\"dateModified\":\"2021-06-29T09:14:27+00:00\",\"breadcrumb\":{\"@id\":\"https:\/\/lankabeachresorts.com\/fr\/bungalows\/facilities\/#breadcrumb\"},\"inLanguage\":\"fr-FR\",\"potentialAction\":[{\"@type\":\"ReadAction\",\"target\":[\"https:\/\/lankabeachresorts.com\/fr\/bungalows\/facilities\/\"]}]},{\"@type\":\"ImageObject\",\"inLanguage\":\"fr-FR\",\"@id\":\"https:\/\/lankabeachresorts.com\/fr\/bungalows\/facilities\/#primaryimage\",\"url\":\"https:\/\/lankabeachresorts.com\/wp-content\/uploads\/2021\/07\/neues-Foto.jpg\",\"contentUrl\":\"https:\/\/lankabeachresorts.com\/wp-content\/uploads\/2021\/07\/neues-Foto.jpg\",\"width\":1921,\"height\":1279},{\"@type\":\"BreadcrumbList\",\"@id\":\"https:\/\/lankabeachresorts.com\/fr\/bungalows\/facilities\/#breadcrumb\",\"itemListElement\":[{\"@type\":\"ListItem\",\"position\":1,\"name\":\"Home\",\"item\":\"https:\/\/lankabeachresorts.com\/fr\/\"},{\"@type\":\"ListItem\",\"position\":2,\"name\":\"Bungalows\",\"item\":\"https:\/\/lankabeachresorts.com\/fr\/bungalows\/\"},{\"@type\":\"ListItem\",\"position\":3,\"name\":\"Dans nos bungalows\"}]},{\"@type\":\"WebSite\",\"@id\":\"https:\/\/lankabeachresorts.com\/#website\",\"url\":\"https:\/\/lankabeachresorts.com\/\",\"name\":\"Lanka Beach\",\"description\":\"Eine weitere WordPress-Website\",\"potentialAction\":[{\"@type\":\"SearchAction\",\"target\":{\"@type\":\"EntryPoint\",\"urlTemplate\":\"https:\/\/lankabeachresorts.com\/?s={search_term_string}\"},\"query-input\":\"required name=search_term_string\"}],\"inLanguage\":\"fr-FR\"}]}<\/script>\n<!-- \/ Yoast SEO plugin. -->","yoast_head_json":{"title":"Dans nos bungalows - Lanka Beach","robots":{"index":"index","follow":"follow","max-snippet":"max-snippet:-1","max-image-preview":"max-image-preview:large","max-video-preview":"max-video-preview:-1"},"canonical":"https:\/\/lankabeachresorts.com\/fr\/bungalows\/facilities\/","og_locale":"fr_FR","og_type":"article","og_title":"Dans nos bungalows - Lanka Beach","og_url":"https:\/\/lankabeachresorts.com\/fr\/bungalows\/facilities\/","og_site_name":"Lanka Beach","article_modified_time":"2021-06-29T09:14:27+00:00","og_image":[{"width":1024,"height":682,"url":"https:\/\/lankabeachresorts.com\/wp-content\/uploads\/2021\/07\/neues-Foto-1024x682.jpg","type":"image\/jpeg"}],"twitter_card":"summary_large_image","twitter_misc":{"Dur\u00e9e de lecture estim\u00e9e":"3 minutes"},"schema":{"@context":"https:\/\/schema.org","@graph":[{"@type":"WebPage","@id":"https:\/\/lankabeachresorts.com\/fr\/bungalows\/facilities\/","url":"https:\/\/lankabeachresorts.com\/fr\/bungalows\/facilities\/","name":"Dans nos bungalows - Lanka Beach","isPartOf":{"@id":"https:\/\/lankabeachresorts.com\/#website"},"primaryImageOfPage":{"@id":"https:\/\/lankabeachresorts.com\/fr\/bungalows\/facilities\/#primaryimage"},"image":{"@id":"https:\/\/lankabeachresorts.com\/fr\/bungalows\/facilities\/#primaryimage"},"thumbnailUrl":"https:\/\/lankabeachresorts.com\/wp-content\/uploads\/2021\/07\/neues-Foto.jpg","datePublished":"2021-06-17T07:49:32+00:00","dateModified":"2021-06-29T09:14:27+00:00","breadcrumb":{"@id":"https:\/\/lankabeachresorts.com\/fr\/bungalows\/facilities\/#breadcrumb"},"inLanguage":"fr-FR","potentialAction":[{"@type":"ReadAction","target":["https:\/\/lankabeachresorts.com\/fr\/bungalows\/facilities\/"]}]},{"@type":"ImageObject","inLanguage":"fr-FR","@id":"https:\/\/lankabeachresorts.com\/fr\/bungalows\/facilities\/#primaryimage","url":"https:\/\/lankabeachresorts.com\/wp-content\/uploads\/2021\/07\/neues-Foto.jpg","contentUrl":"https:\/\/lankabeachresorts.com\/wp-content\/uploads\/2021\/07\/neues-Foto.jpg","width":1921,"height":1279},{"@type":"BreadcrumbList","@id":"https:\/\/lankabeachresorts.com\/fr\/bungalows\/facilities\/#breadcrumb","itemListElement":[{"@type":"ListItem","position":1,"name":"Home","item":"https:\/\/lankabeachresorts.com\/fr\/"},{"@type":"ListItem","position":2,"name":"Bungalows","item":"https:\/\/lankabeachresorts.com\/fr\/bungalows\/"},{"@type":"ListItem","position":3,"name":"Dans nos bungalows"}]},{"@type":"WebSite","@id":"https:\/\/lankabeachresorts.com\/#website","url":"https:\/\/lankabeachresorts.com\/","name":"Lanka Beach","description":"Eine weitere WordPress-Website","potentialAction":[{"@type":"SearchAction","target":{"@type":"EntryPoint","urlTemplate":"https:\/\/lankabeachresorts.com\/?s={search_term_string}"},"query-input":"required name=search_term_string"}],"inLanguage":"fr-FR"}]}},"_links":{"self":[{"href":"https:\/\/lankabeachresorts.com\/fr\/wp-json\/wp\/v2\/pages\/714","targetHints":{"allow":["GET"]}}],"collection":[{"href":"https:\/\/lankabeachresorts.com\/fr\/wp-json\/wp\/v2\/pages"}],"about":[{"href":"https:\/\/lankabeachresorts.com\/fr\/wp-json\/wp\/v2\/types\/page"}],"author":[{"embeddable":true,"href":"https:\/\/lankabeachresorts.com\/fr\/wp-json\/wp\/v2\/users\/1"}],"replies":[{"embeddable":true,"href":"https:\/\/lankabeachresorts.com\/fr\/wp-json\/wp\/v2\/comments?post=714"}],"version-history":[{"count":3,"href":"https:\/\/lankabeachresorts.com\/fr\/wp-json\/wp\/v2\/pages\/714\/revisions"}],"predecessor-version":[{"id":727,"href":"https:\/\/lankabeachresorts.com\/fr\/wp-json\/wp\/v2\/pages\/714\/revisions\/727"}],"up":[{"embeddable":true,"href":"https:\/\/lankabeachresorts.com\/fr\/wp-json\/wp\/v2\/pages\/656"}],"wp:featuredmedia":[{"embeddable":true,"href":"https:\/\/lankabeachresorts.com\/fr\/wp-json\/wp\/v2\/media\/885"}],"wp:attachment":[{"href":"https:\/\/lankabeachresorts.com\/fr\/wp-json\/wp\/v2\/media?parent=714"}],"curies":[{"name":"wp","href":"https:\/\/api.w.org\/{rel}","templated":true}]}}