{"id":734,"date":"2021-05-24T21:58:21","date_gmt":"2021-05-24T19:58:21","guid":{"rendered":"http:\/\/lankabeachresorts.com\/villa\/facilities\/"},"modified":"2021-06-29T12:56:14","modified_gmt":"2021-06-29T10:56:14","slug":"facilities","status":"publish","type":"page","link":"https:\/\/lankabeachresorts.com\/fr\/villa\/facilities\/","title":{"rendered":"Dans la villa"},"content":{"rendered":"<section class=\"l-section wpb_row height_medium\"><div class=\"l-section-h i-cf\"><div class=\"g-cols vc_row via_flex valign_top type_default stacking_default\"><div class=\"vc_col-sm-3\/5 wpb_column vc_column_container\"><div class=\"vc_column-inner\"><div class=\"wpb_wrapper\"><div class=\"wpb_text_column\"><div class=\"wpb_wrapper\"><p><span class=\"TextRun SCXW64220006 BCX0\" lang=\"FR-FR\" xml:lang=\"FR-FR\" data-contrast=\"none\"><span class=\"NormalTextRun SCXW64220006 BCX0\">Votre maison de vacances est \u00e9quip\u00e9e de quatre chambres, \u00e9tendues sur les deux \u00e9tages. Chaque chambre a une salle de bain attenante et un acc\u00e8s \u00e0 un balcon ou\u00a0<\/span><span class=\"NormalTextRun SCXW64220006 BCX0\">notre<\/span><span class=\"NormalTextRun SCXW64220006 BCX0\">\u00a0grande terrasse.\u00a0<\/span><\/span><span class=\"EOP SCXW64220006 BCX0\" data-ccp-props=\"{&quot;201341983&quot;:0,&quot;335559739&quot;:200,&quot;335559740&quot;:276}\">\u00a0<\/span><\/p>\n<p><span class=\"TextRun SCXW93084023 BCX0\" lang=\"FR-FR\" xml:lang=\"FR-FR\" data-contrast=\"none\"><span class=\"NormalTextRun SCXW93084023 BCX0\">Toutes les chambres sont\u00a0<\/span><span class=\"NormalTextRun SCXW93084023 BCX0\">am\u00e9nag\u00e9es avec des meubles artisanaux en teck,\u00a0<\/span><span class=\"NormalTextRun SCXW93084023 BCX0\">et elles comprennent un coffre<\/span><span class=\"NormalTextRun SCXW93084023 BCX0\">-fort, un parquet impeccable et des tapis, ou encore des moustiquaires, un syst\u00e8me de climatisation et un ventilateur.<\/span><\/span><span class=\"EOP SCXW93084023 BCX0\" data-ccp-props=\"{&quot;201341983&quot;:0,&quot;335559739&quot;:200,&quot;335559740&quot;:276}\">\u00a0<\/span><\/p>\n<p><span class=\"TextRun SCXW144873798 BCX0\" lang=\"FR-FR\" xml:lang=\"FR-FR\" data-contrast=\"none\"><span class=\"NormalTextRun SCXW144873798 BCX0\">La pi\u00e8ce ma\u00eetresse<\/span><span class=\"NormalTextRun SCXW144873798 BCX0\">\u00a0de notre maison est\u00a0<\/span><span class=\"NormalTextRun SCXW144873798 BCX0\">typiquement sri lankaise\u202f: il s\u2019agit d\u2019une somptueuse cour int\u00e9rieure avec une fontaine, des plantes tropicales et un banc.\u00a0<\/span><\/span><span class=\"EOP SCXW144873798 BCX0\" data-ccp-props=\"{&quot;201341983&quot;:0,&quot;335559739&quot;:200,&quot;335559740&quot;:276}\">\u00a0<\/span><\/p>\n<p><span class=\"TextRun SCXW163472161 BCX0\" lang=\"FR-FR\" xml:lang=\"FR-FR\" data-contrast=\"none\"><span class=\"NormalTextRun SCXW163472161 BCX0\">Le salon est am\u00e9nag\u00e9 avec un canap\u00e9 confortable\u202f; il compren<\/span><span class=\"NormalTextRun SCXW163472161 BCX0\">d une t\u00e9l\u00e9vision satellite et la radio Internet. Dans chacune des chambres de la villa, il y a une connexion wifi rapide et gratuite.\u00a0<\/span><\/span><span class=\"EOP SCXW163472161 BCX0\" data-ccp-props=\"{&quot;201341983&quot;:0,&quot;335559739&quot;:200,&quot;335559740&quot;:276}\">\u00a0<\/span><\/p>\n<p><span class=\"TextRun SCXW128604159 BCX0\" lang=\"FR-FR\" xml:lang=\"FR-FR\" data-contrast=\"none\"><span class=\"NormalTextRun SCXW128604159 BCX0\">La cuisine est enti\u00e8rement \u00e9quip\u00e9e<\/span><span class=\"NormalTextRun SCXW128604159 BCX0\">\u00a0et\u00a0<\/span><span class=\"NormalTextRun SCXW128604159 BCX0\">avoisine le salon. Elle comprend un \u00e9vier, un r\u00e9frig\u00e9rateur, un\u00a0<\/span><span class=\"NormalTextRun SCXW128604159 BCX0\">mixeur, une cuisini\u00e8re \u00e0 gaz, un grille-pain et une bouilloire \u00e9l<\/span><span class=\"NormalTextRun SCXW128604159 BCX0\">ectrique.\u00a0<\/span><span class=\"NormalTextRun SCXW128604159 BCX0\">Nous vous offrons de l\u2019eau pour que vous puissiez vous d\u00e9salt\u00e9rer.\u00a0<\/span><\/span><span class=\"EOP SCXW128604159 BCX0\" data-ccp-props=\"{&quot;201341983&quot;:0,&quot;335559739&quot;:200,&quot;335559740&quot;:276}\">\u00a0<\/span><\/p>\n<p><span class=\"TextRun SCXW100522740 BCX0\" lang=\"FR-FR\" xml:lang=\"FR-FR\" data-contrast=\"none\"><span class=\"NormalTextRun SCXW100522740 BCX0\">La grande terrasse comprend un grand canap\u00e9 et\u00a0<\/span><span class=\"NormalTextRun SCXW100522740 BCX0\">un ensemble de mobilier de d\u00eener en teck. Vous pourrez profiter de la vue fantastique\u00a0<\/span><span class=\"NormalTextRun SCXW100522740 BCX0\">sur la piscine, le jardin et la mer.\u00a0<\/span><span class=\"NormalTextRun SCXW100522740 BCX0\">Il y a l\u2019espace n\u00e9cessaire \u00e0 votre d\u00e9tente<\/span><span class=\"NormalTextRun SCXW100522740 BCX0\">\u00a0et votre repos, que ce soit \u00e0 la piscine o<\/span><span class=\"NormalTextRun SCXW100522740 BCX0\">u<\/span><span class=\"NormalTextRun SCXW100522740 BCX0\">\u00a0<\/span><span class=\"NormalTextRun SCXW100522740 BCX0\">\u00e0 l\u2019ombre<\/span><span class=\"NormalTextRun SCXW100522740 BCX0\">,<\/span><span class=\"NormalTextRun SCXW100522740 BCX0\">\u00a0<\/span><span class=\"NormalTextRun SCXW100522740 BCX0\">dans notre palmeraie.\u00a0<\/span><\/span><span class=\"EOP SCXW100522740 BCX0\" data-ccp-props=\"{&quot;201341983&quot;:0,&quot;335559739&quot;:200,&quot;335559740&quot;:276}\">\u00a0<\/span><\/p>\n<p><span class=\"TextRun SCXW83150412 BCX0\" lang=\"FR-FR\" xml:lang=\"FR-FR\" data-contrast=\"none\"><span class=\"NormalTextRun SCXW83150412 BCX0\">Le petit-d\u00e9jeuner n\u2019est pas compris dans le prix de la villa, mais peut \u00eatre command\u00e9 pour 5\u20ac par personne par jour \u2013 le cas \u00e9ch\u00e9ant, il\u00a0<\/span><span class=\"NormalTextRun SCXW83150412 BCX0\">sera servi sur votre terrasse privative.\u00a0<\/span><span class=\"NormalTextRun SCXW83150412 BCX0\">Nous proposons\u00a0<\/span><span class=\"NormalTextRun SCXW83150412 BCX0\">\u00e9galement un service de repas ou rafra\u00eechissements, au restaurant de l\u2019h\u00f4tel de bungalows \u00e0 deux pas de la villa.\u00a0<\/span><\/span><span class=\"EOP SCXW83150412 BCX0\" data-ccp-props=\"{&quot;201341983&quot;:0,&quot;335559739&quot;:200,&quot;335559740&quot;:276}\">\u00a0<\/span><\/p>\n<\/div><\/div><\/div><\/div><\/div><div class=\"vc_col-sm-2\/5 wpb_column vc_column_container\"><div class=\"vc_column-inner\"><div class=\"wpb_wrapper\"><div class=\"w-slider style_none fit_scaledown\"><div class=\"w-slider-h\"><div class=\"royalSlider\"><div class=\"rsContent\"><a class=\"rsImg\" data-rsw=\"1024\" data-rsh=\"678\" href=\"https:\/\/lankabeachresorts.com\/wp-content\/uploads\/2021\/05\/Bed-room-3-2-1024x678.jpg\"><span data-alt=\"\"><\/span><\/a><\/div><div class=\"rsContent\"><a class=\"rsImg\" data-rsw=\"1024\" data-rsh=\"683\" href=\"https:\/\/lankabeachresorts.com\/wp-content\/uploads\/2021\/05\/Living-room-kitchen-1024x683.jpg\"><span data-alt=\"\"><\/span><\/a><\/div><div class=\"rsContent\"><a class=\"rsImg\" data-rsw=\"1024\" data-rsh=\"682\" href=\"https:\/\/lankabeachresorts.com\/wp-content\/uploads\/2021\/05\/Balcony-2-1024x682.jpg\"><span data-alt=\"\"><\/span><\/a><\/div><div class=\"rsContent\"><a class=\"rsImg\" data-rsw=\"1024\" data-rsh=\"576\" href=\"https:\/\/lankabeachresorts.com\/wp-content\/uploads\/2021\/05\/Kitchen-2-1024x576.jpg\"><span data-alt=\"\"><\/span><\/a><\/div><div class=\"rsContent\"><a class=\"rsImg\" data-rsw=\"1024\" data-rsh=\"682\" href=\"https:\/\/lankabeachresorts.com\/wp-content\/uploads\/2021\/05\/Honey-moon-1024x682.jpg\"><span data-alt=\"\"><\/span><\/a><\/div><div class=\"rsContent\"><a class=\"rsImg\" data-rsw=\"1024\" data-rsh=\"685\" href=\"https:\/\/lankabeachresorts.com\/wp-content\/uploads\/2021\/05\/Masterbathroom-2-1024x685.jpg\"><span data-alt=\"\"><\/span><\/a><\/div><div class=\"rsContent\"><a class=\"rsImg\" data-rsw=\"1024\" data-rsh=\"682\" href=\"https:\/\/lankabeachresorts.com\/wp-content\/uploads\/2021\/05\/Pool-2-1-1024x682.jpg\"><span data-alt=\"\"><\/span><\/a><\/div><\/div><img decoding=\"async\" src=\"https:\/\/lankabeachresorts.com\/wp-content\/uploads\/2021\/05\/Bed-room-3-2-1024x678.jpg\" width=\"1024\" height=\"678\" alt loading=\"lazy\"><\/div><div class=\"w-slider-json\" onclick='return {&quot;autoScaleSlider&quot;:true,&quot;loop&quot;:true,&quot;fadeInLoadedSlide&quot;:false,&quot;slidesSpacing&quot;:0,&quot;imageScalePadding&quot;:0,&quot;numImagesToPreload&quot;:2,&quot;arrowsNav&quot;:true,&quot;arrowsNavAutoHide&quot;:false,&quot;transitionType&quot;:&quot;move&quot;,&quot;transitionSpeed&quot;:250,&quot;block&quot;:{&quot;moveEffect&quot;:&quot;none&quot;,&quot;speed&quot;:300},&quot;thumbs&quot;:{&quot;fitInViewport&quot;:false},&quot;controlNavigation&quot;:&quot;none&quot;,&quot;autoplay&quot;:{&quot;enabled&quot;:true,&quot;pauseOnHover&quot;:true,&quot;delay&quot;:3000},&quot;imageScaleMode&quot;:&quot;fit-if-smaller&quot;,&quot;autoScaleSliderWidth&quot;:1024,&quot;autoScaleSliderHeight&quot;:678}'><\/div><\/div><div class=\"w-hwrapper us_custom_37c9ec7a valign_top align_center\" style=\"--hwrapper-gap:0.5rem\"><div class=\"w-iconbox us_custom_fc32346f has_text_color iconpos_top style_default color_primary align_center no_text\"><div class=\"w-iconbox-icon\" style=\"font-size:2rem;\"><i class=\"far fa-umbrella-beach\"><\/i><\/div><div class=\"w-iconbox-meta\"><p class=\"w-iconbox-title\">Sur la plage<\/p><\/div><\/div><div class=\"w-iconbox us_custom_fc32346f has_text_color iconpos_top style_default color_primary align_center no_text\"><div class=\"w-iconbox-icon\" style=\"font-size:2rem;\"><i class=\"far fa-wifi\"><\/i><\/div><div class=\"w-iconbox-meta\"><p class=\"w-iconbox-title\">Wifi gratuit <\/p><\/div><\/div><div class=\"w-iconbox us_custom_fc32346f has_text_color iconpos_top style_default color_primary align_center no_text\"><div class=\"w-iconbox-icon\" style=\"font-size:2rem;\"><i class=\"far fa-car\"><\/i><\/div><div class=\"w-iconbox-meta\"><p class=\"w-iconbox-title\">Parking gratuit <\/p><\/div><\/div><div class=\"w-iconbox us_custom_fc32346f has_text_color iconpos_top style_default color_primary align_center no_text\"><div class=\"w-iconbox-icon\" style=\"font-size:2rem;\"><i class=\"far fa-bicycle\"><\/i><\/div><div class=\"w-iconbox-meta\"><p class=\"w-iconbox-title\">V\u00e9lo gratuit <\/p><\/div><\/div><div class=\"w-iconbox us_custom_fc32346f has_text_color iconpos_top style_default color_primary align_center no_text\"><div class=\"w-iconbox-icon\" style=\"font-size:2rem;\"><i class=\"far fa-bus\"><\/i><\/div><div class=\"w-iconbox-meta\"><p class=\"w-iconbox-title\">Navettes \u00e0 disposition <\/p><\/div><\/div><\/div><\/div><\/div><\/div><div class=\"vc_col-sm-12 wpb_column vc_column_container\"><div class=\"vc_column-inner us_custom_d2199d32\"><div class=\"wpb_wrapper\"><div class=\"w-hwrapper valign_top align_center\"><div class=\"w-btn-wrapper align_center\"><a class=\"w-btn us-btn-style_1 icon_atleft\" title=\"Activities\" href=\"http:\/\/lankabeachresorts.com\/activities\/\"><i class=\"far fa-arrow-right\"><\/i><span class=\"w-btn-label\">Activit\u00e9s<\/span><\/a><\/div><div class=\"w-btn-wrapper align_center\"><a class=\"w-btn us-btn-style_7\" title=\"Gallery\" href=\"http:\/\/lankabeachresorts.com\/gallery\/\"><span class=\"w-btn-label\">Galerie<\/span><\/a><\/div><\/div><\/div><\/div><\/div><\/div><\/div><\/section>\n","protected":false},"excerpt":{"rendered":"Votre maison de vacances est \u00e9quip\u00e9e de quatre chambres, \u00e9tendues sur les deux \u00e9tages. Chaque chambre a une salle de bain attenante et un acc\u00e8s \u00e0 un balcon ou\u00a0notre\u00a0grande terrasse.\u00a0\u00a0 Toutes les chambres sont\u00a0am\u00e9nag\u00e9es avec des meubles artisanaux en teck,\u00a0et elles comprennent un coffre-fort, un parquet impeccable et des tapis, ou encore des moustiquaires, un...","protected":false},"author":1,"featured_media":735,"parent":660,"menu_order":0,"comment_status":"closed","ping_status":"closed","template":"","meta":{"footnotes":""},"class_list":["post-734","page","type-page","status-publish","has-post-thumbnail","hentry"],"yoast_head":"<!-- This site is optimized with the Yoast SEO plugin v22.4 - https:\/\/yoast.com\/wordpress\/plugins\/seo\/ -->\n<title>Dans la villa - Lanka Beach<\/title>\n<meta name=\"robots\" content=\"index, follow, max-snippet:-1, max-image-preview:large, max-video-preview:-1\" \/>\n<link rel=\"canonical\" href=\"https:\/\/lankabeachresorts.com\/fr\/villa\/facilities\/\" \/>\n<meta property=\"og:locale\" content=\"fr_FR\" \/>\n<meta property=\"og:type\" content=\"article\" \/>\n<meta property=\"og:title\" content=\"Dans la villa - Lanka Beach\" \/>\n<meta property=\"og:url\" content=\"https:\/\/lankabeachresorts.com\/fr\/villa\/facilities\/\" \/>\n<meta property=\"og:site_name\" content=\"Lanka Beach\" \/>\n<meta property=\"article:modified_time\" content=\"2021-06-29T10:56:14+00:00\" \/>\n<meta property=\"og:image\" content=\"https:\/\/lankabeachresorts.com\/wp-content\/uploads\/2021\/05\/Terrace.jpg\" \/>\n\t<meta property=\"og:image:width\" content=\"1920\" \/>\n\t<meta property=\"og:image:height\" content=\"1285\" \/>\n\t<meta property=\"og:image:type\" content=\"image\/jpeg\" \/>\n<meta name=\"twitter:card\" content=\"summary_large_image\" \/>\n<meta name=\"twitter:label1\" content=\"Dur\u00e9e de lecture estim\u00e9e\" \/>\n\t<meta name=\"twitter:data1\" content=\"3 minutes\" \/>\n<script type=\"application\/ld+json\" class=\"yoast-schema-graph\">{\"@context\":\"https:\/\/schema.org\",\"@graph\":[{\"@type\":\"WebPage\",\"@id\":\"https:\/\/lankabeachresorts.com\/fr\/villa\/facilities\/\",\"url\":\"https:\/\/lankabeachresorts.com\/fr\/villa\/facilities\/\",\"name\":\"Dans la villa - Lanka Beach\",\"isPartOf\":{\"@id\":\"https:\/\/lankabeachresorts.com\/#website\"},\"primaryImageOfPage\":{\"@id\":\"https:\/\/lankabeachresorts.com\/fr\/villa\/facilities\/#primaryimage\"},\"image\":{\"@id\":\"https:\/\/lankabeachresorts.com\/fr\/villa\/facilities\/#primaryimage\"},\"thumbnailUrl\":\"https:\/\/lankabeachresorts.com\/wp-content\/uploads\/2021\/05\/Terrace.jpg\",\"datePublished\":\"2021-05-24T19:58:21+00:00\",\"dateModified\":\"2021-06-29T10:56:14+00:00\",\"breadcrumb\":{\"@id\":\"https:\/\/lankabeachresorts.com\/fr\/villa\/facilities\/#breadcrumb\"},\"inLanguage\":\"fr-FR\",\"potentialAction\":[{\"@type\":\"ReadAction\",\"target\":[\"https:\/\/lankabeachresorts.com\/fr\/villa\/facilities\/\"]}]},{\"@type\":\"ImageObject\",\"inLanguage\":\"fr-FR\",\"@id\":\"https:\/\/lankabeachresorts.com\/fr\/villa\/facilities\/#primaryimage\",\"url\":\"https:\/\/lankabeachresorts.com\/wp-content\/uploads\/2021\/05\/Terrace.jpg\",\"contentUrl\":\"https:\/\/lankabeachresorts.com\/wp-content\/uploads\/2021\/05\/Terrace.jpg\",\"width\":1920,\"height\":1285},{\"@type\":\"BreadcrumbList\",\"@id\":\"https:\/\/lankabeachresorts.com\/fr\/villa\/facilities\/#breadcrumb\",\"itemListElement\":[{\"@type\":\"ListItem\",\"position\":1,\"name\":\"Home\",\"item\":\"https:\/\/lankabeachresorts.com\/fr\/\"},{\"@type\":\"ListItem\",\"position\":2,\"name\":\"Villa\",\"item\":\"https:\/\/lankabeachresorts.com\/fr\/villa\/\"},{\"@type\":\"ListItem\",\"position\":3,\"name\":\"Dans la villa\"}]},{\"@type\":\"WebSite\",\"@id\":\"https:\/\/lankabeachresorts.com\/#website\",\"url\":\"https:\/\/lankabeachresorts.com\/\",\"name\":\"Lanka Beach\",\"description\":\"Eine weitere WordPress-Website\",\"potentialAction\":[{\"@type\":\"SearchAction\",\"target\":{\"@type\":\"EntryPoint\",\"urlTemplate\":\"https:\/\/lankabeachresorts.com\/?s={search_term_string}\"},\"query-input\":\"required name=search_term_string\"}],\"inLanguage\":\"fr-FR\"}]}<\/script>\n<!-- \/ Yoast SEO plugin. -->","yoast_head_json":{"title":"Dans la villa - Lanka Beach","robots":{"index":"index","follow":"follow","max-snippet":"max-snippet:-1","max-image-preview":"max-image-preview:large","max-video-preview":"max-video-preview:-1"},"canonical":"https:\/\/lankabeachresorts.com\/fr\/villa\/facilities\/","og_locale":"fr_FR","og_type":"article","og_title":"Dans la villa - Lanka Beach","og_url":"https:\/\/lankabeachresorts.com\/fr\/villa\/facilities\/","og_site_name":"Lanka Beach","article_modified_time":"2021-06-29T10:56:14+00:00","og_image":[{"width":1920,"height":1285,"url":"https:\/\/lankabeachresorts.com\/wp-content\/uploads\/2021\/05\/Terrace.jpg","type":"image\/jpeg"}],"twitter_card":"summary_large_image","twitter_misc":{"Dur\u00e9e de lecture estim\u00e9e":"3 minutes"},"schema":{"@context":"https:\/\/schema.org","@graph":[{"@type":"WebPage","@id":"https:\/\/lankabeachresorts.com\/fr\/villa\/facilities\/","url":"https:\/\/lankabeachresorts.com\/fr\/villa\/facilities\/","name":"Dans la villa - Lanka Beach","isPartOf":{"@id":"https:\/\/lankabeachresorts.com\/#website"},"primaryImageOfPage":{"@id":"https:\/\/lankabeachresorts.com\/fr\/villa\/facilities\/#primaryimage"},"image":{"@id":"https:\/\/lankabeachresorts.com\/fr\/villa\/facilities\/#primaryimage"},"thumbnailUrl":"https:\/\/lankabeachresorts.com\/wp-content\/uploads\/2021\/05\/Terrace.jpg","datePublished":"2021-05-24T19:58:21+00:00","dateModified":"2021-06-29T10:56:14+00:00","breadcrumb":{"@id":"https:\/\/lankabeachresorts.com\/fr\/villa\/facilities\/#breadcrumb"},"inLanguage":"fr-FR","potentialAction":[{"@type":"ReadAction","target":["https:\/\/lankabeachresorts.com\/fr\/villa\/facilities\/"]}]},{"@type":"ImageObject","inLanguage":"fr-FR","@id":"https:\/\/lankabeachresorts.com\/fr\/villa\/facilities\/#primaryimage","url":"https:\/\/lankabeachresorts.com\/wp-content\/uploads\/2021\/05\/Terrace.jpg","contentUrl":"https:\/\/lankabeachresorts.com\/wp-content\/uploads\/2021\/05\/Terrace.jpg","width":1920,"height":1285},{"@type":"BreadcrumbList","@id":"https:\/\/lankabeachresorts.com\/fr\/villa\/facilities\/#breadcrumb","itemListElement":[{"@type":"ListItem","position":1,"name":"Home","item":"https:\/\/lankabeachresorts.com\/fr\/"},{"@type":"ListItem","position":2,"name":"Villa","item":"https:\/\/lankabeachresorts.com\/fr\/villa\/"},{"@type":"ListItem","position":3,"name":"Dans la villa"}]},{"@type":"WebSite","@id":"https:\/\/lankabeachresorts.com\/#website","url":"https:\/\/lankabeachresorts.com\/","name":"Lanka Beach","description":"Eine weitere WordPress-Website","potentialAction":[{"@type":"SearchAction","target":{"@type":"EntryPoint","urlTemplate":"https:\/\/lankabeachresorts.com\/?s={search_term_string}"},"query-input":"required name=search_term_string"}],"inLanguage":"fr-FR"}]}},"_links":{"self":[{"href":"https:\/\/lankabeachresorts.com\/fr\/wp-json\/wp\/v2\/pages\/734","targetHints":{"allow":["GET"]}}],"collection":[{"href":"https:\/\/lankabeachresorts.com\/fr\/wp-json\/wp\/v2\/pages"}],"about":[{"href":"https:\/\/lankabeachresorts.com\/fr\/wp-json\/wp\/v2\/types\/page"}],"author":[{"embeddable":true,"href":"https:\/\/lankabeachresorts.com\/fr\/wp-json\/wp\/v2\/users\/1"}],"replies":[{"embeddable":true,"href":"https:\/\/lankabeachresorts.com\/fr\/wp-json\/wp\/v2\/comments?post=734"}],"version-history":[{"count":4,"href":"https:\/\/lankabeachresorts.com\/fr\/wp-json\/wp\/v2\/pages\/734\/revisions"}],"predecessor-version":[{"id":749,"href":"https:\/\/lankabeachresorts.com\/fr\/wp-json\/wp\/v2\/pages\/734\/revisions\/749"}],"up":[{"embeddable":true,"href":"https:\/\/lankabeachresorts.com\/fr\/wp-json\/wp\/v2\/pages\/660"}],"wp:featuredmedia":[{"embeddable":true,"href":"https:\/\/lankabeachresorts.com\/fr\/wp-json\/wp\/v2\/media\/735"}],"wp:attachment":[{"href":"https:\/\/lankabeachresorts.com\/fr\/wp-json\/wp\/v2\/media?parent=734"}],"curies":[{"name":"wp","href":"https:\/\/api.w.org\/{rel}","templated":true}]}}